{"id":5033,"date":"2022-11-11T14:32:35","date_gmt":"2022-11-11T12:32:35","guid":{"rendered":"https:\/\/abpolar-ee.vserver.zonevs.eu\/?post_type=product&#038;p=5033"},"modified":"2023-02-28T14:12:41","modified_gmt":"2023-02-28T12:12:41","slug":"trampoliini-305-cm-turvaverkolla","status":"publish","type":"product","link":"https:\/\/abpolar.ee\/fi\/trampoliini-305-cm-turvaverkolla\/","title":{"rendered":"Trampoliini 305 cm turvaverkolla"},"content":{"rendered":"<h2>Trampoliini 305 cm turvaverkolla<\/h2>\n<p>Pid\u00e4 hauskaa pomppiessasi py\u00f6re\u00e4ll\u00e4 trampoliinillamme! Trampoliinisarjaan sis\u00e4ltyy turvaverkko ja sis\u00e4\u00e4nk\u00e4yntitikkaat. Trampoliinissa on kahden askeleen tikkaat, joiden avulla lapset p\u00e4\u00e4sev\u00e4t trampoliiniin ja sielt\u00e4 pois helposti. Verkko sulkeutuu vetoketjulla, joka est\u00e4\u00e4 my\u00f6s lapsia putoamasta pois trampoliinista. Sadesuoja pident\u00e4\u00e4 trampoliinin k\u00e4ytt\u00f6ik\u00e4\u00e4. Trampoliinisarja on helppo koota.<\/p>\n<ul>\n<li data-v-b4b16f92=\"\"><strong>Toimitukseen sis\u00e4ltyy trampoliini, turvaverkko ja tikkaat<\/strong><\/li>\n<li data-v-b4b16f92=\"\"><strong>Valmistettu laadukkaista materiaaleista<\/strong><\/li>\n<li data-v-b4b16f92=\"\"><strong>Tukeva ja vakaa<\/strong><\/li>\n<li data-v-b4b16f92=\"\"><strong>UV-s\u00e4teilyn kest\u00e4v\u00e4\u00e4 materiaalia<\/strong><\/li>\n<li data-v-b4b16f92=\"\"><strong>Ruostumattomat ter\u00e4sjouset<\/strong><\/li>\n<li data-v-b4b16f92=\"\"><strong>Suojaverkko kest\u00e4\u00e4 erilaisia s\u00e4\u00e4olosuhteita<\/strong><\/li>\n<li data-v-b4b16f92=\"\"><strong>PVC+EP-vaahtomateriaali 12 mm suojaa lapsiasi iskuilta ja rungon vaurioilta<\/strong><\/li>\n<li data-v-b4b16f92=\"\"><strong>Trampoliinin halkaisija: 305 cm<\/strong><\/li>\n<li data-v-b4b16f92=\"\"><strong>Mitat: 305\u00d7256 cm<\/strong><\/li>\n<li data-v-b4b16f92=\"\"><strong>Galvanoidut jouset: 60 kpl<\/strong><\/li>\n<li data-v-b4b16f92=\"\"><strong>Trampoliinin rungon korkeus: 76 cm<\/strong><\/li>\n<li data-v-b4b16f92=\"\"><strong>Turvaverkon korkeus: 180 cm<\/strong><\/li>\n<li data-v-b4b16f92=\"\"><strong>Paino: 50 kg<\/strong><\/li>\n<li data-v-b4b16f92=\"\"><strong>K\u00e4ytt\u00e4j\u00e4n paino enint\u00e4\u00e4n: 150 kg<\/strong><\/li>\n<li data-v-b4b16f92=\"\"><strong>Sijoitus tasaiselle pinnalle<\/strong><\/li>\n<li data-v-b4b16f92=\"\"><strong>T\u00e4ytt\u00e4\u00e4 eurooppalaisen standardin CE&amp;GS<\/strong><\/li>\n<\/ul>\n","protected":false},"excerpt":{"rendered":"<p>Trampoliini 305 cm turvaverkolla Pid\u00e4 hauskaa pomppiessasi py\u00f6re\u00e4ll\u00e4 trampoliinillamme! Trampoliinisarjaan sis\u00e4ltyy turvaverkko ja sis\u00e4\u00e4nk\u00e4yntitikkaat. Trampoliinissa&#8230;<\/p>\n","protected":false},"featured_media":2741,"template":"","meta":{"_acf_changed":false,"inline_featured_image":false},"product_brand":[],"product_cat":[231],"product_tag":[],"class_list":{"0":"post-5033","1":"product","2":"type-product","3":"status-publish","4":"has-post-thumbnail","6":"product_cat-lasten-piha","7":"product_shipping_class-pakk-kuni-30kg-fi","9":"first","10":"instock","11":"taxable","12":"shipping-taxable","13":"purchasable","14":"product-type-simple"},"acf":[],"_links":{"self":[{"href":"https:\/\/abpolar.ee\/fi\/wp-json\/wp\/v2\/product\/5033","targetHints":{"allow":["GET"]}}],"collection":[{"href":"https:\/\/abpolar.ee\/fi\/wp-json\/wp\/v2\/product"}],"about":[{"href":"https:\/\/abpolar.ee\/fi\/wp-json\/wp\/v2\/types\/product"}],"wp:featuredmedia":[{"embeddable":true,"href":"https:\/\/abpolar.ee\/fi\/wp-json\/wp\/v2\/media\/2741"}],"wp:attachment":[{"href":"https:\/\/abpolar.ee\/fi\/wp-json\/wp\/v2\/media?parent=5033"}],"wp:term":[{"taxonomy":"product_brand","embeddable":true,"href":"https:\/\/abpolar.ee\/fi\/wp-json\/wp\/v2\/product_brand?post=5033"},{"taxonomy":"product_cat","embeddable":true,"href":"https:\/\/abpolar.ee\/fi\/wp-json\/wp\/v2\/product_cat?post=5033"},{"taxonomy":"product_tag","embeddable":true,"href":"https:\/\/abpolar.ee\/fi\/wp-json\/wp\/v2\/product_tag?post=5033"}],"curies":[{"name":"wp","href":"https:\/\/api.w.org\/{rel}","templated":true}]}}