{"id":5045,"date":"2022-11-17T16:09:08","date_gmt":"2022-11-17T14:09:08","guid":{"rendered":"https:\/\/abpolar-ee.vserver.zonevs.eu\/?post_type=product&#038;p=5045"},"modified":"2023-12-29T13:54:15","modified_gmt":"2023-12-29T11:54:15","slug":"halogeeni-terassilammitin-1500-w","status":"publish","type":"product","link":"https:\/\/abpolar.ee\/fi\/halogeeni-terassilammitin-1500-w\/","title":{"rendered":"Infrapunal\u00e4mmitin 1500 W, ripustettava, musta"},"content":{"rendered":"<h1 class=\"page-title\"><span class=\"base\" data-ui-id=\"page-title-wrapper\">Infrapunal\u00e4mmitin\u00a0<\/span> 1500 W,\u00a0 <span class=\"base\" data-ui-id=\"page-title-wrapper\">ripustettava, musta<\/span><\/h1>\n<p>Tehokas ja turvallinen terassil\u00e4mmitin sopii sek\u00e4 ulko- ett\u00e4 sis\u00e4k\u00e4ytt\u00f6\u00f6n. <a href=\"https:\/\/abpolar.ee\/fi\/terassilammittimet\/\" target=\"_blank\" rel=\"noopener\">L\u00e4mmitin<\/a> asennetaan kattoon pakkauksessa mukana tulevalla ketjulla. Terassil\u00e4mmittimen ohjaus tapahtuu k\u00e4tev\u00e4sti kaukos\u00e4\u00e4timell\u00e4. Halogeenilamppu &#8211; v\u00e4lit\u00f6n voimakas l\u00e4mp\u00f6, \u200b\u200bturvallinen ja mukava.<\/p>\n<ul>\n<li><strong>Sis\u00e4lt\u00e4\u00e4 kaukos\u00e4\u00e4timen: Kyll\u00e4<\/strong><\/li>\n<li data-v-b4b16f92=\"\"><strong>Kaukos\u00e4\u00e4din kahdella AAA-paristolla (eiv\u00e4t sis\u00e4lly)<\/strong><\/li>\n<li data-v-b4b16f92=\"\"><strong>Sopii sek\u00e4 sis\u00e4- ett\u00e4 ulkotiloihin; suojausluokka IP44, CE<\/strong><\/li>\n<li><strong>L\u00e4mmittimen tyyppi: S\u00e4hk\u00f6l\u00e4mmitin, <a href=\"https:\/\/abpolar.ee\/fi\/terassilammittimet\/\">Infrapunal\u00e4mmitin<\/a>, S\u00e4teilyl\u00e4mmitin<\/strong><\/li>\n<li data-v-b4b16f92=\"\"><strong>Teho: 1500W<\/strong><\/li>\n<li data-v-b4b16f92=\"\"><strong>Mahdollista kiinnitt\u00e4\u00e4 kattoon<\/strong><\/li>\n<li><strong>Korkeus : 24 cm<\/strong><\/li>\n<li><strong>Halkaisija : 42,5 cm<\/strong><\/li>\n<li><strong>Paino: 2,9 kg<\/strong><\/li>\n<li data-v-b4b16f92=\"\"><strong>V\u00e4ri: musta<\/strong><\/li>\n<\/ul>\n","protected":false},"excerpt":{"rendered":"<p>Infrapunal\u00e4mmitin\u00a0 1500 W,\u00a0 ripustettava, musta Tehokas ja turvallinen terassil\u00e4mmitin sopii sek\u00e4 ulko- ett\u00e4 sis\u00e4k\u00e4ytt\u00f6\u00f6n. L\u00e4mmitin&#8230;<\/p>\n","protected":false},"featured_media":2945,"template":"","meta":{"_acf_changed":false,"inline_featured_image":false},"product_brand":[],"product_cat":[220,219],"product_tag":[],"class_list":{"0":"post-5045","1":"product","2":"type-product","3":"status-publish","4":"has-post-thumbnail","6":"product_cat-piha","7":"product_cat-terassilammittimet","8":"product_shipping_class-vaike-pakk-fi","10":"first","11":"instock","12":"taxable","13":"shipping-taxable","14":"purchasable","15":"product-type-simple"},"acf":[],"_links":{"self":[{"href":"https:\/\/abpolar.ee\/fi\/wp-json\/wp\/v2\/product\/5045","targetHints":{"allow":["GET"]}}],"collection":[{"href":"https:\/\/abpolar.ee\/fi\/wp-json\/wp\/v2\/product"}],"about":[{"href":"https:\/\/abpolar.ee\/fi\/wp-json\/wp\/v2\/types\/product"}],"wp:featuredmedia":[{"embeddable":true,"href":"https:\/\/abpolar.ee\/fi\/wp-json\/wp\/v2\/media\/2945"}],"wp:attachment":[{"href":"https:\/\/abpolar.ee\/fi\/wp-json\/wp\/v2\/media?parent=5045"}],"wp:term":[{"taxonomy":"product_brand","embeddable":true,"href":"https:\/\/abpolar.ee\/fi\/wp-json\/wp\/v2\/product_brand?post=5045"},{"taxonomy":"product_cat","embeddable":true,"href":"https:\/\/abpolar.ee\/fi\/wp-json\/wp\/v2\/product_cat?post=5045"},{"taxonomy":"product_tag","embeddable":true,"href":"https:\/\/abpolar.ee\/fi\/wp-json\/wp\/v2\/product_tag?post=5045"}],"curies":[{"name":"wp","href":"https:\/\/api.w.org\/{rel}","templated":true}]}}