{"id":5050,"date":"2022-11-16T09:18:12","date_gmt":"2022-11-16T07:18:12","guid":{"rendered":"https:\/\/abpolar-ee.vserver.zonevs.eu\/?post_type=product&#038;p=5050"},"modified":"2025-09-10T14:07:24","modified_gmt":"2025-09-10T11:07:24","slug":"rappausverkko-19x19x145mm-1x5m","status":"publish","type":"product","link":"https:\/\/abpolar.ee\/fi\/rappausverkko-19x19x145mm-1x5m\/","title":{"rendered":"Rappausverkko 19x19x1,45mm 1x5m"},"content":{"rendered":"<h2>Rappausverkko 19 x 19 x 1,45 mm 1 x 5 m<\/h2>\n<p>Hitsattu ja kuumasinkitty rappausverkko, jonka korkeus on 1 m ja rullan pituus 5 m. Verkon silm\u00e4koko on 19\u00d719 mm ja langan paksuus 1,45 mm.<\/p>\n<p>Rappausverkkoa k\u00e4ytet\u00e4\u00e4n uudisrakennusten tai saneerauskohteiden julkisivurappauksissa rapattavien pintojen pinnoitteen sidontaan. Verkkoa voidaan k\u00e4ytt\u00e4\u00e4 my\u00f6s lattial\u00e4mmityskaapeleiden tukiverkkona.<\/p>\n<p>Hitsatulla, kuumasinkityll\u00e4 verkolla saadaan erityisen kest\u00e4v\u00e4 lopputulos, sill\u00e4 se est\u00e4\u00e4 pinnoitteen halkeilun. Rappausverkon asentaminen k\u00e4y n\u00e4pp\u00e4r\u00e4sti sen sivuttaisen j\u00e4ykkyyden ja mittatarkkuuden ansiosta, verkko on my\u00f6s helposti leikattavissa ja muotoiltavissa.<\/p>\n<p>Kun tarvitset kest\u00e4v\u00e4\u00e4 verkkoa, hanki rappausverkko!<\/p>\n<h3>TUOTETIEDOT:<\/h3>\n<ul>\n<li>Korkeus: 1 m<\/li>\n<li>Silm\u00e4koko: 19 x 19 mm<\/li>\n<li>Langan halkaisija: 1,45 mm<\/li>\n<li>Rullan pituus: 5 m<\/li>\n<li>V\u00e4ri: sinkitty<\/li>\n<li>Materiaali: kuumasinkitty, pistehitsattu ter\u00e4sverkko<\/li>\n<\/ul>\n","protected":false},"excerpt":{"rendered":"<p>Rappausverkko 19 x 19 x 1,45 mm 1 x 5 m Hitsattu ja kuumasinkitty rappausverkko,&#8230;<\/p>\n","protected":false},"featured_media":2636,"template":"","meta":{"_acf_changed":false,"inline_featured_image":false},"product_brand":[],"product_cat":[258],"product_tag":[],"class_list":{"0":"post-5050","1":"product","2":"type-product","3":"status-publish","4":"has-post-thumbnail","6":"product_cat-rappausverkot","7":"product_shipping_class-vaike-pakk-fi","9":"first","10":"instock","11":"taxable","12":"shipping-taxable","13":"purchasable","14":"product-type-simple"},"acf":[],"_links":{"self":[{"href":"https:\/\/abpolar.ee\/fi\/wp-json\/wp\/v2\/product\/5050","targetHints":{"allow":["GET"]}}],"collection":[{"href":"https:\/\/abpolar.ee\/fi\/wp-json\/wp\/v2\/product"}],"about":[{"href":"https:\/\/abpolar.ee\/fi\/wp-json\/wp\/v2\/types\/product"}],"wp:featuredmedia":[{"embeddable":true,"href":"https:\/\/abpolar.ee\/fi\/wp-json\/wp\/v2\/media\/2636"}],"wp:attachment":[{"href":"https:\/\/abpolar.ee\/fi\/wp-json\/wp\/v2\/media?parent=5050"}],"wp:term":[{"taxonomy":"product_brand","embeddable":true,"href":"https:\/\/abpolar.ee\/fi\/wp-json\/wp\/v2\/product_brand?post=5050"},{"taxonomy":"product_cat","embeddable":true,"href":"https:\/\/abpolar.ee\/fi\/wp-json\/wp\/v2\/product_cat?post=5050"},{"taxonomy":"product_tag","embeddable":true,"href":"https:\/\/abpolar.ee\/fi\/wp-json\/wp\/v2\/product_tag?post=5050"}],"curies":[{"name":"wp","href":"https:\/\/api.w.org\/{rel}","templated":true}]}}