{"id":5069,"date":"2022-11-16T09:17:54","date_gmt":"2022-11-16T07:17:54","guid":{"rendered":"https:\/\/abpolar-ee.vserver.zonevs.eu\/?post_type=product&#038;p=5069"},"modified":"2025-08-26T17:02:24","modified_gmt":"2025-08-26T14:02:24","slug":"jyrsijaverkko-63x63x06mm-05x25m-sinkitty","status":"publish","type":"product","link":"https:\/\/abpolar.ee\/fi\/jyrsijaverkko-63x63x06mm-05x25m-sinkitty\/","title":{"rendered":"Jyrsij\u00e4verkko 6,3\u00d76,3\u00d70,6mm 0,5x25m sinkitty"},"content":{"rendered":"<h2>Jyrsij\u00e4verkko 6,3\u00d76,3\u00d70,6 mm 0,5&#215;25 m sinkitty<\/h2>\n<p>Jyrsij\u00e4verkko pit\u00e4\u00e4 hiiret, myyr\u00e4t ja muut pienjyrsij\u00e4t loitolla. Hitsattu ja sinkitty rakenne pit\u00e4\u00e4 verkon muodossaan j\u00e4m\u00e4k\u00e4sti, vaikka sit\u00e4 yritett\u00e4isiin jyrsi\u00e4. Verkon silm\u00e4koko on tihe\u00e4, jotta hiiret eiv\u00e4t p\u00e4\u00e4se livahtamaan verkon silmist\u00e4 l\u00e4pi.<\/p>\n<p>Jyrsij\u00e4verkkoa voidaan k\u00e4ytt\u00e4\u00e4 esimerkiksi erilaisten aukkojen, kuten ilmanvaihtoaukkojen peitt\u00e4miseen. Se soveltuu hyvin my\u00f6s ulkok\u00e4ytt\u00f6\u00f6n, mik\u00e4li puutarhan kasvit tarvitsevat suojaa hiirilt\u00e4 ja myyrilt\u00e4.<\/p>\n<p>Kun haluat pit\u00e4\u00e4 pienet tuholaiset loitolla, hanki jyrsij\u00e4verkko!<\/p>\n<p><strong>TUOTTEEN OMINAISUUDET:<\/strong><\/p>\n<ul>\n<li>Korkeus (m): 0,5<\/li>\n<li>Rullan pituus (m): 25<\/li>\n<li>Materiaali: ter\u00e4s<\/li>\n<li>Materiaalin tarkenne: hitsattu sinkityst\u00e4 langasta, j\u00e4lkisinkitty<\/li>\n<li>Langan halkaisija 0,6 mm<\/li>\n<li>Silm\u00e4koko: 6,3 x 6,3 mm<\/li>\n<li>Pintak\u00e4sittely: sinkitty<\/li>\n<li>V\u00e4ri: sinkitty ter\u00e4s<\/li>\n<\/ul>\n","protected":false},"excerpt":{"rendered":"<p>Jyrsij\u00e4verkko 6,3\u00d76,3\u00d70,6 mm 0,5&#215;25 m sinkitty Jyrsij\u00e4verkko pit\u00e4\u00e4 hiiret, myyr\u00e4t ja muut pienjyrsij\u00e4t loitolla. Hitsattu&#8230;<\/p>\n","protected":false},"featured_media":2669,"template":"","meta":{"_acf_changed":false,"inline_featured_image":false},"product_brand":[],"product_cat":[198],"product_tag":[],"class_list":{"0":"post-5069","1":"product","2":"type-product","3":"status-publish","4":"has-post-thumbnail","6":"product_cat-myyraverkot","7":"product_shipping_class-pakk-kuni-30kg-fi","9":"first","10":"instock","11":"taxable","12":"shipping-taxable","13":"purchasable","14":"product-type-simple"},"acf":[],"_links":{"self":[{"href":"https:\/\/abpolar.ee\/fi\/wp-json\/wp\/v2\/product\/5069","targetHints":{"allow":["GET"]}}],"collection":[{"href":"https:\/\/abpolar.ee\/fi\/wp-json\/wp\/v2\/product"}],"about":[{"href":"https:\/\/abpolar.ee\/fi\/wp-json\/wp\/v2\/types\/product"}],"wp:featuredmedia":[{"embeddable":true,"href":"https:\/\/abpolar.ee\/fi\/wp-json\/wp\/v2\/media\/2669"}],"wp:attachment":[{"href":"https:\/\/abpolar.ee\/fi\/wp-json\/wp\/v2\/media?parent=5069"}],"wp:term":[{"taxonomy":"product_brand","embeddable":true,"href":"https:\/\/abpolar.ee\/fi\/wp-json\/wp\/v2\/product_brand?post=5069"},{"taxonomy":"product_cat","embeddable":true,"href":"https:\/\/abpolar.ee\/fi\/wp-json\/wp\/v2\/product_cat?post=5069"},{"taxonomy":"product_tag","embeddable":true,"href":"https:\/\/abpolar.ee\/fi\/wp-json\/wp\/v2\/product_tag?post=5069"}],"curies":[{"name":"wp","href":"https:\/\/api.w.org\/{rel}","templated":true}]}}