{"id":5098,"date":"2022-11-16T09:18:14","date_gmt":"2022-11-16T07:18:14","guid":{"rendered":"https:\/\/abpolar-ee.vserver.zonevs.eu\/?post_type=product&#038;p=5098"},"modified":"2025-08-16T21:02:52","modified_gmt":"2025-08-16T18:02:52","slug":"3d-aitaelementti-lankavahvuus-32mm-ral6005-vihrea","status":"publish","type":"product","link":"https:\/\/abpolar.ee\/fi\/3d-aitaelementti-lankavahvuus-32mm-ral6005-vihrea\/","title":{"rendered":"3D Aitaelementti, lankavahvuus 3mm, RAL6005 vihre\u00e4"},"content":{"rendered":"<h2>3D-aitaelementti, lankavahvuus 3 mm, RAL6005 vihre\u00e4<\/h2>\n<p>Hitsatussa 3D-aitaelementiss\u00e4 on taitos, joka tekee aidasta j\u00e4m\u00e4k\u00e4n. Kolmen millimetrin vahvuisen langan aitaelementit soveltuvat hyvin esimerkiksi pihan tai puutarhan rajaamiseen. Mik\u00e4li suunnitelmissa on rakentaa esimerkiksi koiratarha, suosittelemme lankavahvuudeltaan vahvempaa, nelj\u00e4n tai viiden millimetrin paksuista lankaa.<\/p>\n<p>Aitaelementit kest\u00e4v\u00e4t haastavissakin s\u00e4\u00e4olosuhteissa erinomaisesti. Elementtiaita on l\u00e4hes huoltovapaa. Jos jokin elementeist\u00e4 sattuisi viottumaan, on yksitt\u00e4isen elementin uusiminen huomattavasti helpompaa kuin esimerkiksi verkkoaidan korjaaminen on.<\/p>\n<p>Aitaelementit on helppo asentaa ja ne voidaan katkaista sentilleen sopivan mittaisiksi. Elementin yl\u00e4reunassa olevat pystysuorat 25mm langanp\u00e4tk\u00e4t hankaloittavat aidan yli kiipe\u00e4mist\u00e4, mik\u00e4 lis\u00e4\u00e4 aidattavan alueen turvallisuutta.<\/p>\n<p>Aitaelementtien lis\u00e4ksi tarvitset my\u00f6s aitatolpat ja kiinnikkeet elementtien kiinnitt\u00e4miseksi tolppiin. Ota huomioon, ett\u00e4 aidan korkeus vaikuttaa tarvittavien kiinnikkeiden m\u00e4\u00e4r\u00e4\u00e4n.<\/p>\n<p>Kun olet laskenut kuinka paljon tarvitset mit\u00e4kin tarvikkeita, voit edet\u00e4 tilausvaiheeseen.<\/p>\n<p><strong>Kun haluat helppohoitoisen ja kest\u00e4v\u00e4n aidan, jonka asentaminen k\u00e4y k\u00e4den k\u00e4\u00e4nteess\u00e4, pyyd\u00e4 tarjous elementtiaidasta!<\/strong><\/p>\n<ul>\n<li>Elementin korkeus: valitse 1230mm, 1530mm tai 1730 mm<\/li>\n<li>Elementin leveys: 2500 mm<\/li>\n<li>Langan halkaisija: 3 mm<\/li>\n<li>Silm\u00e4koko: 50 x 200 mm<\/li>\n<li>V\u00e4ri: RAL6005 vihre\u00e4<\/li>\n<li>Pintak\u00e4sittely: sinkitty, jauhemaalattu<\/li>\n<\/ul>\n<p><strong>Elementtiaidan asennuksen esivalmistelut:<\/strong><\/p>\n<ul>\n<li>Selvit\u00e4 mahdollisen luvan tarve rakennusvalvonnasta.<\/li>\n<li>Sovi aidasta kirjallisesti naapureiden kanssa, mik\u00e4li aita tulee tontin rajalle.<\/li>\n<li>Valitse sopiva aidan korkeus.<\/li>\n<li>Mittaa aidan kokonaispituus.<\/li>\n<li>Laske tarvittavien tolppien ja kiinnikkeiden m\u00e4\u00e4r\u00e4.<\/li>\n<li>Mieti porttien lukum\u00e4\u00e4r\u00e4 ja leveys &amp; mieti niiden sijainti.<\/li>\n<li>Laadi luonnos, johon merkitset aidan eri osien pituudet, portit ja nurkkien lukum\u00e4\u00e4r\u00e4n.<\/li>\n<li>Mieti, kuinka kiinnit\u00e4t tolpat maahan. Suosittelemme betonivalua.<\/li>\n<li>Pyyd\u00e4 tarjous!<\/li>\n<\/ul>\n","protected":false},"excerpt":{"rendered":"<p>3D-aitaelementti, lankavahvuus 3 mm, RAL6005 vihre\u00e4 Hitsatussa 3D-aitaelementiss\u00e4 on taitos, joka tekee aidasta j\u00e4m\u00e4k\u00e4n. Kolmen&#8230;<\/p>\n","protected":false},"featured_media":3465,"template":"","meta":{"_acf_changed":false,"inline_featured_image":false},"product_brand":[],"product_cat":[191,327],"product_tag":[],"class_list":{"0":"post-5098","1":"product","2":"type-product","3":"status-publish","4":"has-post-thumbnail","6":"product_cat-3d-aitaelementit","7":"product_cat-aitaelementit","9":"first","10":"instock","11":"taxable","12":"shipping-taxable","13":"purchasable","14":"product-type-variable"},"acf":[],"_links":{"self":[{"href":"https:\/\/abpolar.ee\/fi\/wp-json\/wp\/v2\/product\/5098","targetHints":{"allow":["GET"]}}],"collection":[{"href":"https:\/\/abpolar.ee\/fi\/wp-json\/wp\/v2\/product"}],"about":[{"href":"https:\/\/abpolar.ee\/fi\/wp-json\/wp\/v2\/types\/product"}],"wp:featuredmedia":[{"embeddable":true,"href":"https:\/\/abpolar.ee\/fi\/wp-json\/wp\/v2\/media\/3465"}],"wp:attachment":[{"href":"https:\/\/abpolar.ee\/fi\/wp-json\/wp\/v2\/media?parent=5098"}],"wp:term":[{"taxonomy":"product_brand","embeddable":true,"href":"https:\/\/abpolar.ee\/fi\/wp-json\/wp\/v2\/product_brand?post=5098"},{"taxonomy":"product_cat","embeddable":true,"href":"https:\/\/abpolar.ee\/fi\/wp-json\/wp\/v2\/product_cat?post=5098"},{"taxonomy":"product_tag","embeddable":true,"href":"https:\/\/abpolar.ee\/fi\/wp-json\/wp\/v2\/product_tag?post=5098"}],"curies":[{"name":"wp","href":"https:\/\/api.w.org\/{rel}","templated":true}]}}