{"id":5110,"date":"2022-11-17T16:08:31","date_gmt":"2022-11-17T14:08:31","guid":{"rendered":"https:\/\/abpolar-ee.vserver.zonevs.eu\/?post_type=product&#038;p=5110"},"modified":"2023-02-28T15:07:49","modified_gmt":"2023-02-28T13:07:49","slug":"telinepeite-26x50m","status":"publish","type":"product","link":"https:\/\/abpolar.ee\/fi\/telinepeite-26x50m\/","title":{"rendered":"Telinepeite 2,6x50m"},"content":{"rendered":"<h2>Telinepeite 2,6x50m<\/h2>\n<p>Telinepeite rakennusten suojaamiseen s\u00e4\u00e4lt\u00e4 saneeraus- tai rakennust\u00f6iden ajaksi.<br \/>\nValmistettu kaksikerroksisesta polyeteenikalvosta (LDPE), joiden v\u00e4liin on laminoitu luja tukiverkko.<br \/>\nN\u00e4in on saatu aikaan vesitiivis ja kest\u00e4v\u00e4 kerrosrakenne.<br \/>\nKirkkaat peitteet l\u00e4p\u00e4isev\u00e4t hyvin valoa, joka osaltaan lis\u00e4\u00e4 ty\u00f6turvallisuutta.<br \/>\nPeitteet ovat UV-suojattuja joten ne kest\u00e4v\u00e4t hyvin s\u00e4\u00e4t\u00e4 ja niit\u00e4 voi k\u00e4ytt\u00e4\u00e4 uudelleen.<\/p>\n<p><strong>Tuotetiedot:<\/strong><\/p>\n<ul>\n<li>Materiaali: vahvistettu kirkas muovi (LDPE) 140g\/m\u00b2<\/li>\n<li>Leveys: 2,60 m<\/li>\n<li>Rullan pituus: 50 m<\/li>\n<li>Rullassa: 130 m\u00b2<\/li>\n<li>Vahvistusreuna 5 cm<\/li>\n<li>Vahvistuskaistale 110 cm v\u00e4lein<\/li>\n<\/ul>\n","protected":false},"excerpt":{"rendered":"<p>Telinepeite 2,6x50m Telinepeite rakennusten suojaamiseen s\u00e4\u00e4lt\u00e4 saneeraus- tai rakennust\u00f6iden ajaksi. Valmistettu kaksikerroksisesta polyeteenikalvosta (LDPE), joiden&#8230;<\/p>\n","protected":false},"featured_media":3221,"template":"","meta":{"_acf_changed":false,"inline_featured_image":false},"product_brand":[],"product_cat":[241],"product_tag":[],"class_list":{"0":"post-5110","1":"product","2":"type-product","3":"status-publish","4":"has-post-thumbnail","6":"product_cat-telinepeite","7":"product_shipping_class-pakk-kuni-30kg-fi","9":"first","10":"outofstock","11":"taxable","12":"shipping-taxable","13":"purchasable","14":"product-type-simple"},"acf":[],"_links":{"self":[{"href":"https:\/\/abpolar.ee\/fi\/wp-json\/wp\/v2\/product\/5110","targetHints":{"allow":["GET"]}}],"collection":[{"href":"https:\/\/abpolar.ee\/fi\/wp-json\/wp\/v2\/product"}],"about":[{"href":"https:\/\/abpolar.ee\/fi\/wp-json\/wp\/v2\/types\/product"}],"wp:featuredmedia":[{"embeddable":true,"href":"https:\/\/abpolar.ee\/fi\/wp-json\/wp\/v2\/media\/3221"}],"wp:attachment":[{"href":"https:\/\/abpolar.ee\/fi\/wp-json\/wp\/v2\/media?parent=5110"}],"wp:term":[{"taxonomy":"product_brand","embeddable":true,"href":"https:\/\/abpolar.ee\/fi\/wp-json\/wp\/v2\/product_brand?post=5110"},{"taxonomy":"product_cat","embeddable":true,"href":"https:\/\/abpolar.ee\/fi\/wp-json\/wp\/v2\/product_cat?post=5110"},{"taxonomy":"product_tag","embeddable":true,"href":"https:\/\/abpolar.ee\/fi\/wp-json\/wp\/v2\/product_tag?post=5110"}],"curies":[{"name":"wp","href":"https:\/\/api.w.org\/{rel}","templated":true}]}}