{"id":5151,"date":"2022-11-17T16:09:47","date_gmt":"2022-11-17T14:09:47","guid":{"rendered":"https:\/\/abpolar-ee.vserver.zonevs.eu\/?post_type=product&#038;p=5151"},"modified":"2023-02-28T15:47:13","modified_gmt":"2023-02-28T13:47:13","slug":"koiran-kuljetushakki-xl","status":"publish","type":"product","link":"https:\/\/abpolar.ee\/fi\/koiran-kuljetushakki-xl\/","title":{"rendered":"Koiran kuljetush\u00e4kki XL"},"content":{"rendered":"<h2>Koiran kuljetush\u00e4kki XL<\/h2>\n<p>Kest\u00e4v\u00e4 ja kevyt kuljetush\u00e4kki koirille.<br \/>\nKuljetush\u00e4kki on valmistettu alumiinista ja puukuitulevyst\u00e4.<br \/>\nH\u00e4kiss\u00e4 on irrotettava v\u00e4lisein\u00e4.<\/p>\n<h4>TUOTTEEN MITAT:<\/h4>\n<ul>\n<li>Korkeus (cm): 71,5<\/li>\n<li>Leveys (cm): 97<\/li>\n<li>Syvyys (cm): 91<\/li>\n<\/ul>\n<h4>TUOTTEEN OMINAISUUDET:<\/h4>\n<ul>\n<li>Koko: XL<\/li>\n<li>Mitat (KxLxS): 715x970x910 mm<\/li>\n<\/ul>\n","protected":false},"excerpt":{"rendered":"<p>Koiran kuljetush\u00e4kki XL Kest\u00e4v\u00e4 ja kevyt kuljetush\u00e4kki koirille. Kuljetush\u00e4kki on valmistettu alumiinista ja puukuitulevyst\u00e4. H\u00e4kiss\u00e4&#8230;<\/p>\n","protected":false},"featured_media":3071,"template":"","meta":{"_acf_changed":false,"inline_featured_image":false},"product_brand":[],"product_cat":[222,237],"product_tag":[],"class_list":{"0":"post-5151","1":"product","2":"type-product","3":"status-publish","4":"has-post-thumbnail","6":"product_cat-elaintarvikkeet","7":"product_cat-koirahakit","8":"product_shipping_class-pakk-kuni-30kg-fi","10":"first","11":"instock","12":"taxable","13":"shipping-taxable","14":"purchasable","15":"product-type-simple"},"acf":[],"_links":{"self":[{"href":"https:\/\/abpolar.ee\/fi\/wp-json\/wp\/v2\/product\/5151","targetHints":{"allow":["GET"]}}],"collection":[{"href":"https:\/\/abpolar.ee\/fi\/wp-json\/wp\/v2\/product"}],"about":[{"href":"https:\/\/abpolar.ee\/fi\/wp-json\/wp\/v2\/types\/product"}],"wp:featuredmedia":[{"embeddable":true,"href":"https:\/\/abpolar.ee\/fi\/wp-json\/wp\/v2\/media\/3071"}],"wp:attachment":[{"href":"https:\/\/abpolar.ee\/fi\/wp-json\/wp\/v2\/media?parent=5151"}],"wp:term":[{"taxonomy":"product_brand","embeddable":true,"href":"https:\/\/abpolar.ee\/fi\/wp-json\/wp\/v2\/product_brand?post=5151"},{"taxonomy":"product_cat","embeddable":true,"href":"https:\/\/abpolar.ee\/fi\/wp-json\/wp\/v2\/product_cat?post=5151"},{"taxonomy":"product_tag","embeddable":true,"href":"https:\/\/abpolar.ee\/fi\/wp-json\/wp\/v2\/product_tag?post=5151"}],"curies":[{"name":"wp","href":"https:\/\/api.w.org\/{rel}","templated":true}]}}