{"id":5157,"date":"2022-11-16T09:17:35","date_gmt":"2022-11-16T07:17:35","guid":{"rendered":"https:\/\/abpolar-ee.vserver.zonevs.eu\/?post_type=product&#038;p=5157"},"modified":"2025-09-28T21:37:07","modified_gmt":"2025-09-28T18:37:07","slug":"elementtiaidan-ajoportti","status":"publish","type":"product","link":"https:\/\/abpolar.ee\/fi\/elementtiaidan-ajoportti\/","title":{"rendered":"Metalliaita ajoportti Polar"},"content":{"rendered":"<h2>Metalliaidan ajoportti Polar<\/h2>\n<p>Elementeist\u00e4 rakennettu metalliaita ja siihen sopiva ajoportti luovat kotiin ja pihapiiriin viimeistellyn ja arvokkaan tyylin. Aita rajaa pihan ja ajoportti kutsuu kyl\u00e4\u00e4n.<\/p>\n<p>Jauhemaalatun ja sinkityn aidan pinta on sile\u00e4 ja turvallinen. Portissa on korkealaatuinen ruostumaton Locinox Fiftyset -lukkosarja (katso kuva).<\/p>\n<p>Ajoporttia varten on saatavilla my\u00f6s k\u00e4tev\u00e4 porttiautomatiikkakoneisto, joka avaa portin automaattisesti kaukos\u00e4\u00e4timen avulla. En\u00e4\u00e4 ei tarvitse nousta autosta avaamaan porttia!<\/p>\n<p>Aidan rakentaminen elementeist\u00e4 onnistuu nopeasti ja helposti. Elementtien lis\u00e4ksi tarvitset metalliaidan rakentamiseen seuraavat tuotteet: aitatolpat, metalliaidan kiinnikkeet ja portin (ajoportin tai k\u00e4yntiportin).<\/p>\n<p>Kun haluat naapurustosi tyylikk\u00e4imm\u00e4n aidan, kannattaa hankkia metalliaita!<\/p>\n<p>Laske ensin aidattavan alueen koko.<\/p>\n<p>Kuinka monta elementti\u00e4, tolppaa ja kiinnikett\u00e4 tarvitset?<\/p>\n<p>Huomioi my\u00f6s valitsemasi portin koko.<\/p>\n<p>Sen j\u00e4lkeen pyyd\u00e4 meilt\u00e4 tarjous!<\/p>\n<ul>\n<li>Ajoportin korkeus: valittavissa 900, 1100 ja 1400 mm<\/li>\n<li>Ajoportin leveys: yhden porttielementin leveys 2000 mm, kokonaisleveys n. 4200 mm<\/li>\n<li>V\u00e4ri: musta<\/li>\n<li>Materiaali: ter\u00e4s<\/li>\n<li>Pintak\u00e4sittely: jauhemaalattu<\/li>\n<li>Lukittava: kyll\u00e4<\/li>\n<li>Pystyosat: 20 x 20 x 1,5 mm<\/li>\n<li>Vaakaosat: 40 x 40 x 2 mm<\/li>\n<li>Pystypinnojen v\u00e4li: 10 cm<\/li>\n<li>Tolpat: 80 x 80 x 2 mm<\/li>\n<li>Toimitussis\u00e4lt\u00f6: portti, tolpat, saranat, salpa ja lukko<\/li>\n<\/ul>\n<p>Portin tolppien et\u00e4isyys on mitattava huolellisesti ennen asennusta!<\/p>\n","protected":false},"excerpt":{"rendered":"<p>Metalliaidan ajoportti Polar Elementeist\u00e4 rakennettu metalliaita ja siihen sopiva ajoportti luovat kotiin ja pihapiiriin viimeistellyn&#8230;<\/p>\n","protected":false},"featured_media":4683,"template":"","meta":{"_acf_changed":false,"inline_featured_image":false},"product_brand":[],"product_cat":[187,202,192,329],"product_tag":[],"class_list":{"0":"post-5157","1":"product","2":"type-product","3":"status-publish","4":"has-post-thumbnail","6":"product_cat-aidat-ja-portit","7":"product_cat-ajoportit","8":"product_cat-metalliaidat","9":"product_cat-portit","11":"first","12":"instock","13":"taxable","14":"shipping-taxable","15":"purchasable","16":"product-type-variable"},"acf":[],"_links":{"self":[{"href":"https:\/\/abpolar.ee\/fi\/wp-json\/wp\/v2\/product\/5157","targetHints":{"allow":["GET"]}}],"collection":[{"href":"https:\/\/abpolar.ee\/fi\/wp-json\/wp\/v2\/product"}],"about":[{"href":"https:\/\/abpolar.ee\/fi\/wp-json\/wp\/v2\/types\/product"}],"wp:featuredmedia":[{"embeddable":true,"href":"https:\/\/abpolar.ee\/fi\/wp-json\/wp\/v2\/media\/4683"}],"wp:attachment":[{"href":"https:\/\/abpolar.ee\/fi\/wp-json\/wp\/v2\/media?parent=5157"}],"wp:term":[{"taxonomy":"product_brand","embeddable":true,"href":"https:\/\/abpolar.ee\/fi\/wp-json\/wp\/v2\/product_brand?post=5157"},{"taxonomy":"product_cat","embeddable":true,"href":"https:\/\/abpolar.ee\/fi\/wp-json\/wp\/v2\/product_cat?post=5157"},{"taxonomy":"product_tag","embeddable":true,"href":"https:\/\/abpolar.ee\/fi\/wp-json\/wp\/v2\/product_tag?post=5157"}],"curies":[{"name":"wp","href":"https:\/\/api.w.org\/{rel}","templated":true}]}}