{"id":5166,"date":"2022-11-17T16:08:52","date_gmt":"2022-11-17T14:08:52","guid":{"rendered":"https:\/\/abpolar-ee.vserver.zonevs.eu\/?post_type=product&#038;p=5166"},"modified":"2023-12-28T19:11:51","modified_gmt":"2023-12-28T17:11:51","slug":"koirahakki-xl","status":"publish","type":"product","link":"https:\/\/abpolar.ee\/fi\/koirahakki-xl\/","title":{"rendered":"Koirah\u00e4kki XL"},"content":{"rendered":"<h2>Koirah\u00e4kki XL<\/h2>\n<p>Kokoontaitettavaa kevytmetallih\u00e4kki\u00e4 voi k\u00e4ytt\u00e4\u00e4 autossa <a href=\"https:\/\/abpolar.ee\/fi\/koirahakit\/\" target=\"_blank\" rel=\"noopener\">kuljetush\u00e4kkin\u00e4<\/a> tai harrastuksissa.<br \/>\nH\u00e4kiss\u00e4 on kaksi ovea salpalukoilla, muovinen pohjakaukalo ja kantokahva.<\/p>\n<h4>PAKKAUKSEN MITAT JA PAINO:<\/h4>\n<ul>\n<li>Pakkauksen leveys (mm): 770,00<\/li>\n<li>Pakkauksen korkeus (mm): 100,00<\/li>\n<li>Pakkauksen syvyys (mm): 1 220,00<\/li>\n<\/ul>\n","protected":false},"excerpt":{"rendered":"<p>Koirah\u00e4kki XL Kokoontaitettavaa kevytmetallih\u00e4kki\u00e4 voi k\u00e4ytt\u00e4\u00e4 autossa kuljetush\u00e4kkin\u00e4 tai harrastuksissa. H\u00e4kiss\u00e4 on kaksi ovea salpalukoilla,&#8230;<\/p>\n","protected":false},"featured_media":3075,"template":"","meta":{"_acf_changed":false,"inline_featured_image":false},"product_brand":[],"product_cat":[222,237],"product_tag":[],"class_list":{"0":"post-5166","1":"product","2":"type-product","3":"status-publish","4":"has-post-thumbnail","6":"product_cat-elaintarvikkeet","7":"product_cat-koirahakit","8":"product_shipping_class-pakk-kuni-30kg-fi","10":"first","11":"instock","12":"taxable","13":"shipping-taxable","14":"purchasable","15":"product-type-simple"},"acf":[],"_links":{"self":[{"href":"https:\/\/abpolar.ee\/fi\/wp-json\/wp\/v2\/product\/5166","targetHints":{"allow":["GET"]}}],"collection":[{"href":"https:\/\/abpolar.ee\/fi\/wp-json\/wp\/v2\/product"}],"about":[{"href":"https:\/\/abpolar.ee\/fi\/wp-json\/wp\/v2\/types\/product"}],"wp:featuredmedia":[{"embeddable":true,"href":"https:\/\/abpolar.ee\/fi\/wp-json\/wp\/v2\/media\/3075"}],"wp:attachment":[{"href":"https:\/\/abpolar.ee\/fi\/wp-json\/wp\/v2\/media?parent=5166"}],"wp:term":[{"taxonomy":"product_brand","embeddable":true,"href":"https:\/\/abpolar.ee\/fi\/wp-json\/wp\/v2\/product_brand?post=5166"},{"taxonomy":"product_cat","embeddable":true,"href":"https:\/\/abpolar.ee\/fi\/wp-json\/wp\/v2\/product_cat?post=5166"},{"taxonomy":"product_tag","embeddable":true,"href":"https:\/\/abpolar.ee\/fi\/wp-json\/wp\/v2\/product_tag?post=5166"}],"curies":[{"name":"wp","href":"https:\/\/api.w.org\/{rel}","templated":true}]}}