{"id":5175,"date":"2022-11-16T09:17:34","date_gmt":"2022-11-16T07:17:34","guid":{"rendered":"https:\/\/abpolar-ee.vserver.zonevs.eu\/?post_type=product&#038;p=5175"},"modified":"2025-09-28T21:35:37","modified_gmt":"2025-09-28T18:35:37","slug":"metalliaita-tolpat","status":"publish","type":"product","link":"https:\/\/abpolar.ee\/fi\/metalliaita-tolpat\/","title":{"rendered":"Metalliaidan tolppa Polar"},"content":{"rendered":"<h2>Metalliaidan tolppa Polar<\/h2>\n<p>Elementeist\u00e4 rakennettu metalliaita ja siihen sopiva portti luovat kotiin ja pihapiiriin viimeistellyn ja arvokkaan tyylin. Aita rajaa pihan ja portti kutsuu kyl\u00e4\u00e4n. Jauhemaalatun ja sinkityn aidan pinta on sile\u00e4 ja turvallinen.<\/p>\n<p>Kun haluat naapurustosi tyylikk\u00e4imm\u00e4n aidan, kannattaa hankkia metalliaita!<\/p>\n<p>Laske ensin aidattavan alueen koko.<\/p>\n<p>Kuinka monta elementti\u00e4, tolppaa ja kiinnikett\u00e4 tarvitset?<\/p>\n<p>Huomioi my\u00f6s valitsemasi portin koko.<\/p>\n<p>Sen j\u00e4lkeen pyyd\u00e4 meilt\u00e4 tarjous!<\/p>\n<ul>\n<li>V\u00e4ri: musta<\/li>\n<li>Leveys : 80 mm<\/li>\n<li>Syvyys : 80 mm<\/li>\n<li>Materiaali: ter\u00e4s<\/li>\n<li>Materiaalin tarkenne: materiaalin paksuus 1,5 mm<\/li>\n<li>Pintak\u00e4sittely: jauhemaalattu<\/li>\n<li>Toimitussis\u00e4lt\u00f6: ei sis\u00e4ll\u00e4 tolppakiinnikkeit\u00e4<\/li>\n<li>Tolpassa on valmiiksi rei\u00e4t oikealla kohdalla aitaelementin kiinnitt\u00e4miseksi.<\/li>\n<li>1,5 m tolppa sopii 1 m elementtiin<\/li>\n<li>1,7 m tolppa sopii 1,2 m elementtiin<\/li>\n<li>2 m tolppa sopii 1,5 m elementtiin<\/li>\n<\/ul>\n","protected":false},"excerpt":{"rendered":"<p>Metalliaidan tolppa Polar Elementeist\u00e4 rakennettu metalliaita ja siihen sopiva portti luovat kotiin ja pihapiiriin viimeistellyn&#8230;<\/p>\n","protected":false},"featured_media":4945,"template":"","meta":{"_acf_changed":false,"inline_featured_image":false},"product_brand":[],"product_cat":[187,200,192],"product_tag":[],"class_list":{"0":"post-5175","1":"product","2":"type-product","3":"status-publish","4":"has-post-thumbnail","6":"product_cat-aidat-ja-portit","7":"product_cat-aitatolpat","8":"product_cat-metalliaidat","9":"product_shipping_class-pakk-kuni-30kg-fi","11":"first","12":"instock","13":"taxable","14":"shipping-taxable","15":"purchasable","16":"product-type-variable"},"acf":[],"_links":{"self":[{"href":"https:\/\/abpolar.ee\/fi\/wp-json\/wp\/v2\/product\/5175","targetHints":{"allow":["GET"]}}],"collection":[{"href":"https:\/\/abpolar.ee\/fi\/wp-json\/wp\/v2\/product"}],"about":[{"href":"https:\/\/abpolar.ee\/fi\/wp-json\/wp\/v2\/types\/product"}],"wp:featuredmedia":[{"embeddable":true,"href":"https:\/\/abpolar.ee\/fi\/wp-json\/wp\/v2\/media\/4945"}],"wp:attachment":[{"href":"https:\/\/abpolar.ee\/fi\/wp-json\/wp\/v2\/media?parent=5175"}],"wp:term":[{"taxonomy":"product_brand","embeddable":true,"href":"https:\/\/abpolar.ee\/fi\/wp-json\/wp\/v2\/product_brand?post=5175"},{"taxonomy":"product_cat","embeddable":true,"href":"https:\/\/abpolar.ee\/fi\/wp-json\/wp\/v2\/product_cat?post=5175"},{"taxonomy":"product_tag","embeddable":true,"href":"https:\/\/abpolar.ee\/fi\/wp-json\/wp\/v2\/product_tag?post=5175"}],"curies":[{"name":"wp","href":"https:\/\/api.w.org\/{rel}","templated":true}]}}