{"id":5181,"date":"2022-11-17T16:09:27","date_gmt":"2022-11-17T14:09:27","guid":{"rendered":"https:\/\/abpolar-ee.vserver.zonevs.eu\/?post_type=product&#038;p=5181"},"modified":"2025-07-25T13:50:33","modified_gmt":"2025-07-25T10:50:33","slug":"hyonteisverhosetti-palram-canopia-palermo-paviljonkiin","status":"publish","type":"product","link":"https:\/\/abpolar.ee\/fi\/hyonteisverhosetti-palram-canopia-palermo-paviljonkiin\/","title":{"rendered":"Hy\u00f6nteisverhosetti Palram-Canopia Palermo paviljonkiin"},"content":{"rendered":"<h2 class=\"page-title\"><span class=\"base\" data-ui-id=\"page-title-wrapper\">Hy\u00f6nteisverhosetti Palram-Canopia Palermo paviljonkiin<\/span><\/h2>\n<p>Palram-Canopia Palermo -paviljonkeihin sopiva vihert\u00e4v\u00e4n harmaa hy\u00f6nteisverhosetti sis\u00e4lt\u00e4\u00e4 verhot pergolan nelj\u00e4lle sivulle. Ilma p\u00e4\u00e4see virtaamaan vapaasti pergolan l\u00e4pi, mutta vetoketjuilla toisiinsa liitett\u00e4v\u00e4t verhot pit\u00e4v\u00e4t hy\u00f6nteiset poissa.<\/p>\n<p>&nbsp;<\/p>\n<ul>\n<li>Materiaali: Polyesteri<\/li>\n<li>Ilma p\u00e4\u00e4see virtaamaan vapaasti pergolan l\u00e4pi.<\/li>\n<li>Hy\u00f6nteisverhot ovat yhdistett\u00e4viss\u00e4 toisiinsa vetoketjulla, jolloin ne suojaavat t\u00e4ydellisesti hy\u00f6nteisilt\u00e4.<\/li>\n<li>Sopii sek\u00e4 Palermo 3000- ja 3600- ett\u00e4 Milano 3000-paviljonkiin.<\/li>\n<li>Valmistettu polyesterist\u00e4, joka on eritt\u00e4in kest\u00e4v\u00e4\u00e4 ja kevytt\u00e4 materiaalia.<\/li>\n<li>Kangas on l\u00e4pikuultava, hieman vihert\u00e4v\u00e4n harmaa ja UV-suojattu.<\/li>\n<li>Helppo asentaa. Pakkaus sis\u00e4lt\u00e4\u00e4 ripustamiseen tarvittavat osat ja asennusohjeet.<\/li>\n<li>Hy\u00f6nteisverhojen keskell\u00e4 on ylh\u00e4\u00e4ll\u00e4 ja alhaalla nauhat, joiden avulla ne on helppo sitoa kulmista pit\u00e4v\u00e4sti kiinni runkopylv\u00e4isiin.<\/li>\n<li>Konepesu kylm\u00e4ll\u00e4 vedell\u00e4, ei kloorivalkaisuainetta. Kuivaus vapaasti narulla.<\/li>\n<\/ul>\n","protected":false},"excerpt":{"rendered":"<p>Hy\u00f6nteisverhosetti Palram-Canopia Palermo paviljonkiin Palram-Canopia Palermo -paviljonkeihin sopiva vihert\u00e4v\u00e4n harmaa hy\u00f6nteisverhosetti sis\u00e4lt\u00e4\u00e4 verhot pergolan nelj\u00e4lle&#8230;<\/p>\n","protected":false},"featured_media":17482,"template":"","meta":{"_acf_changed":false,"inline_featured_image":false},"product_brand":[],"product_cat":[220,212,558],"product_tag":[],"class_list":{"0":"post-5181","1":"product","2":"type-product","3":"status-publish","4":"has-post-thumbnail","6":"product_cat-piha","7":"product_cat-puutarhakatokset","8":"product_cat-terassikatokset","9":"product_shipping_class-pakk-kuni-30kg-fi","11":"first","12":"instock","13":"taxable","14":"shipping-taxable","15":"purchasable","16":"product-type-simple"},"acf":[],"_links":{"self":[{"href":"https:\/\/abpolar.ee\/fi\/wp-json\/wp\/v2\/product\/5181","targetHints":{"allow":["GET"]}}],"collection":[{"href":"https:\/\/abpolar.ee\/fi\/wp-json\/wp\/v2\/product"}],"about":[{"href":"https:\/\/abpolar.ee\/fi\/wp-json\/wp\/v2\/types\/product"}],"wp:featuredmedia":[{"embeddable":true,"href":"https:\/\/abpolar.ee\/fi\/wp-json\/wp\/v2\/media\/17482"}],"wp:attachment":[{"href":"https:\/\/abpolar.ee\/fi\/wp-json\/wp\/v2\/media?parent=5181"}],"wp:term":[{"taxonomy":"product_brand","embeddable":true,"href":"https:\/\/abpolar.ee\/fi\/wp-json\/wp\/v2\/product_brand?post=5181"},{"taxonomy":"product_cat","embeddable":true,"href":"https:\/\/abpolar.ee\/fi\/wp-json\/wp\/v2\/product_cat?post=5181"},{"taxonomy":"product_tag","embeddable":true,"href":"https:\/\/abpolar.ee\/fi\/wp-json\/wp\/v2\/product_tag?post=5181"}],"curies":[{"name":"wp","href":"https:\/\/api.w.org\/{rel}","templated":true}]}}