{"id":5182,"date":"2022-11-17T16:08:50","date_gmt":"2022-11-17T14:08:50","guid":{"rendered":"https:\/\/abpolar-ee.vserver.zonevs.eu\/?post_type=product&#038;p=5182"},"modified":"2025-12-22T11:01:19","modified_gmt":"2025-12-22T09:01:19","slug":"koirahakki-m","status":"publish","type":"product","link":"https:\/\/abpolar.ee\/fi\/koirahakki-m\/","title":{"rendered":"Koirah\u00e4kki M"},"content":{"rendered":"<h2>Koirah\u00e4kki M<\/h2>\n<p>Kokoontaitettavaa kevytmetallih\u00e4kki\u00e4 voi k\u00e4ytt\u00e4\u00e4 autossa kuljetush\u00e4kkin\u00e4 tai harrastuksissa.<br \/>\nH\u00e4kiss\u00e4 on kaksi ovea salpalukoilla, muovinen pohjakaukalo ja kantokahva.<\/p>\n<ul>\n<li><strong>Mitta : 91x58x64 cm<\/strong><\/li>\n<\/ul>\n","protected":false},"excerpt":{"rendered":"<p>Koirah\u00e4kki M Kokoontaitettavaa kevytmetallih\u00e4kki\u00e4 voi k\u00e4ytt\u00e4\u00e4 autossa kuljetush\u00e4kkin\u00e4 tai harrastuksissa. H\u00e4kiss\u00e4 on kaksi ovea salpalukoilla,&#8230;<\/p>\n","protected":false},"featured_media":3075,"template":"","meta":{"_acf_changed":false,"inline_featured_image":false},"product_brand":[],"product_cat":[222,237],"product_tag":[],"class_list":{"0":"post-5182","1":"product","2":"type-product","3":"status-publish","4":"has-post-thumbnail","6":"product_cat-elaintarvikkeet","7":"product_cat-koirahakit","8":"product_shipping_class-pakk-kuni-30kg-fi","10":"first","11":"instock","12":"taxable","13":"shipping-taxable","14":"purchasable","15":"product-type-simple"},"acf":[],"_links":{"self":[{"href":"https:\/\/abpolar.ee\/fi\/wp-json\/wp\/v2\/product\/5182","targetHints":{"allow":["GET"]}}],"collection":[{"href":"https:\/\/abpolar.ee\/fi\/wp-json\/wp\/v2\/product"}],"about":[{"href":"https:\/\/abpolar.ee\/fi\/wp-json\/wp\/v2\/types\/product"}],"wp:featuredmedia":[{"embeddable":true,"href":"https:\/\/abpolar.ee\/fi\/wp-json\/wp\/v2\/media\/3075"}],"wp:attachment":[{"href":"https:\/\/abpolar.ee\/fi\/wp-json\/wp\/v2\/media?parent=5182"}],"wp:term":[{"taxonomy":"product_brand","embeddable":true,"href":"https:\/\/abpolar.ee\/fi\/wp-json\/wp\/v2\/product_brand?post=5182"},{"taxonomy":"product_cat","embeddable":true,"href":"https:\/\/abpolar.ee\/fi\/wp-json\/wp\/v2\/product_cat?post=5182"},{"taxonomy":"product_tag","embeddable":true,"href":"https:\/\/abpolar.ee\/fi\/wp-json\/wp\/v2\/product_tag?post=5182"}],"curies":[{"name":"wp","href":"https:\/\/api.w.org\/{rel}","templated":true}]}}