{"id":5186,"date":"2022-11-17T16:09:49","date_gmt":"2022-11-17T14:09:49","guid":{"rendered":"https:\/\/abpolar-ee.vserver.zonevs.eu\/?post_type=product&#038;p=5186"},"modified":"2025-09-16T14:11:08","modified_gmt":"2025-09-16T11:11:08","slug":"markiisi-3x2m","status":"publish","type":"product","link":"https:\/\/abpolar.ee\/fi\/markiisi-3x2m\/","title":{"rendered":"Markiisi 3x2m"},"content":{"rendered":"<h2>Markiisi 3&#215;2 m<\/h2>\n<p>3\u00d72 metrin kokoinen markiisi on hyv\u00e4 suoja auringolta ja ohikulkijoiden katseilta. Markiisi suojaa k\u00e4tev\u00e4sti sek\u00e4 terassit, ikkunat, parvekkeet ett\u00e4 verannat.<\/p>\n<p>Ihosi kiitt\u00e4\u00e4, kun et altistu liialliselle UV-s\u00e4teilylle. Lis\u00e4ksi markiisi viilent\u00e4\u00e4 varjostamaansa tilaa. My\u00f6s terassilla kasvavat kukat saavat tarvittaessa suojaa juuri oikeaan aikaan, kun avaa niiden suojaksi markiisin.<\/p>\n<p>K\u00e4sin s\u00e4\u00e4dett\u00e4v\u00e4 markiisi on valmistettu kest\u00e4v\u00e4st\u00e4 polyesterista, jonka iloinen, valkokeltainen raidoitus vie ajatukset aurinkoisiin kes\u00e4p\u00e4iviin. Markiisin runko on jauhemaalattu valkoiseksi ja sen paino on 280 grammaa per neli\u00f6.<\/p>\n<p>Kun haluat nauttia ulkoilmasta turvallisesti my\u00f6s keskip\u00e4iv\u00e4n paahteella, hanki markiisi!<\/p>\n<h3>TUOTTEEN MITAT:<\/h3>\n<ul>\n<li>Leveys: 300 cm<\/li>\n<li>Syvyys: 200 cm<\/li>\n<li>Tuotteen paino: 18,5 kg<\/li>\n<\/ul>\n<h3>TUOTTEEN OMINAISUUDET:<\/h3>\n<ul>\n<li>V\u00e4ri: valkokeltainen<\/li>\n<li>Materiaali: tekstiili, jauhemaalattu ter\u00e4s<\/li>\n<li>Rullakaihdintangon halkaisija: 60 mm<\/li>\n<li>Tukivarret: 30\u00d720 mm<\/li>\n<li>Markiisin paino: 18,5 kg<\/li>\n<li>Sein\u00e4kiinnikkeet ovat mukana pakkauksessa<\/li>\n<li>K\u00e4sik\u00e4ytt\u00f6inen kampi: 1,6 m<\/li>\n<\/ul>\n","protected":false},"excerpt":{"rendered":"<p>Markiisi 3&#215;2 m 3\u00d72 metrin kokoinen markiisi on hyv\u00e4 suoja auringolta ja ohikulkijoiden katseilta. Markiisi&#8230;<\/p>\n","protected":false},"featured_media":2983,"template":"","meta":{"_acf_changed":false,"inline_featured_image":false},"product_brand":[],"product_cat":[217,220],"product_tag":[],"class_list":{"0":"post-5186","1":"product","2":"type-product","3":"status-publish","4":"has-post-thumbnail","6":"product_cat-aurinkovarjot","7":"product_cat-piha","8":"product_shipping_class-pakk-kuni-30kg-fi","10":"first","11":"instock","12":"sale","13":"taxable","14":"shipping-taxable","15":"purchasable","16":"product-type-simple"},"acf":[],"_links":{"self":[{"href":"https:\/\/abpolar.ee\/fi\/wp-json\/wp\/v2\/product\/5186","targetHints":{"allow":["GET"]}}],"collection":[{"href":"https:\/\/abpolar.ee\/fi\/wp-json\/wp\/v2\/product"}],"about":[{"href":"https:\/\/abpolar.ee\/fi\/wp-json\/wp\/v2\/types\/product"}],"wp:featuredmedia":[{"embeddable":true,"href":"https:\/\/abpolar.ee\/fi\/wp-json\/wp\/v2\/media\/2983"}],"wp:attachment":[{"href":"https:\/\/abpolar.ee\/fi\/wp-json\/wp\/v2\/media?parent=5186"}],"wp:term":[{"taxonomy":"product_brand","embeddable":true,"href":"https:\/\/abpolar.ee\/fi\/wp-json\/wp\/v2\/product_brand?post=5186"},{"taxonomy":"product_cat","embeddable":true,"href":"https:\/\/abpolar.ee\/fi\/wp-json\/wp\/v2\/product_cat?post=5186"},{"taxonomy":"product_tag","embeddable":true,"href":"https:\/\/abpolar.ee\/fi\/wp-json\/wp\/v2\/product_tag?post=5186"}],"curies":[{"name":"wp","href":"https:\/\/api.w.org\/{rel}","templated":true}]}}