{"id":5188,"date":"2022-11-17T16:09:28","date_gmt":"2022-11-17T14:09:28","guid":{"rendered":"https:\/\/abpolar-ee.vserver.zonevs.eu\/?post_type=product&#038;p=5188"},"modified":"2025-08-30T13:34:51","modified_gmt":"2025-08-30T10:34:51","slug":"sivumarkiisi-160x300cm","status":"publish","type":"product","link":"https:\/\/abpolar.ee\/fi\/sivumarkiisi-160x300cm\/","title":{"rendered":"Sivumarkiisi 160x300cm"},"content":{"rendered":"<h2>Sivumarkiisi 160&#215;300 cm<\/h2>\n<p>Yksinkertaisen mutta tyylikk\u00e4\u00e4n AB Polar sivumarkiisin avulla luot viihtyis\u00e4n ja suojaisan nurkkauksen terassille, patiolle tai parvekkeelle. K\u00e4yt\u00e4nn\u00f6llinen sivumarkiisi tarjoa yksityisyytt\u00e4 ja se toimii my\u00f6s siirrett\u00e4v\u00e4n\u00e4 tilanjakajana. Markiisi antaa suojaa auringon lis\u00e4ksi my\u00f6s tuulelta.<\/p>\n<p>Sivumarkiisi on valmistettu s\u00e4\u00e4n ja UV-s\u00e4teilyn kest\u00e4v\u00e4st\u00e4 kankaasta. Kangas on ajattoman harmaa ja se sopii mit\u00e4 erilaisimpiin tyyleihin. Runko on kest\u00e4v\u00e4\u00e4, jauhemaalattua ter\u00e4st\u00e4.<\/p>\n<p>Helposti asennettava markiisi voidaan vet\u00e4\u00e4 ulos helposti k\u00e4yt\u00e4nn\u00f6llisen kahvan avulla. Markiisi rullautuu tarvittaessa automaattisesti takaisin paikalleen.<\/p>\n<p><strong>Kun haluat suojaa auringolta ja katseilta, tilaa terassillesi sivumarkiisi!<\/strong><\/p>\n<ul>\n<li>Leveys: 300 cm<\/li>\n<li>Korkeus: 160 cm<\/li>\n<li>V\u00e4ri: harmaa<\/li>\n<li>Materiaali: ter\u00e4s, tekstiili<\/li>\n<\/ul>\n<p>Materiaalien ominaisuudet: runko jauhemaalattua ter\u00e4st\u00e4, kangas UV- ja s\u00e4\u00e4nkest\u00e4v\u00e4\u00e4<\/p>\n","protected":false},"excerpt":{"rendered":"<p>Sivumarkiisi 160&#215;300 cm Yksinkertaisen mutta tyylikk\u00e4\u00e4n AB Polar sivumarkiisin avulla luot viihtyis\u00e4n ja suojaisan nurkkauksen&#8230;<\/p>\n","protected":false},"featured_media":2984,"template":"","meta":{"_acf_changed":false,"inline_featured_image":false},"product_brand":[],"product_cat":[217,220],"product_tag":[],"class_list":{"0":"post-5188","1":"product","2":"type-product","3":"status-publish","4":"has-post-thumbnail","6":"product_cat-aurinkovarjot","7":"product_cat-piha","8":"product_shipping_class-pakk-kuni-30kg-fi","10":"first","11":"instock","12":"taxable","13":"shipping-taxable","14":"purchasable","15":"product-type-simple"},"acf":[],"_links":{"self":[{"href":"https:\/\/abpolar.ee\/fi\/wp-json\/wp\/v2\/product\/5188","targetHints":{"allow":["GET"]}}],"collection":[{"href":"https:\/\/abpolar.ee\/fi\/wp-json\/wp\/v2\/product"}],"about":[{"href":"https:\/\/abpolar.ee\/fi\/wp-json\/wp\/v2\/types\/product"}],"wp:featuredmedia":[{"embeddable":true,"href":"https:\/\/abpolar.ee\/fi\/wp-json\/wp\/v2\/media\/2984"}],"wp:attachment":[{"href":"https:\/\/abpolar.ee\/fi\/wp-json\/wp\/v2\/media?parent=5188"}],"wp:term":[{"taxonomy":"product_brand","embeddable":true,"href":"https:\/\/abpolar.ee\/fi\/wp-json\/wp\/v2\/product_brand?post=5188"},{"taxonomy":"product_cat","embeddable":true,"href":"https:\/\/abpolar.ee\/fi\/wp-json\/wp\/v2\/product_cat?post=5188"},{"taxonomy":"product_tag","embeddable":true,"href":"https:\/\/abpolar.ee\/fi\/wp-json\/wp\/v2\/product_tag?post=5188"}],"curies":[{"name":"wp","href":"https:\/\/api.w.org\/{rel}","templated":true}]}}