{"id":5190,"date":"2022-11-17T16:09:05","date_gmt":"2022-11-17T14:09:05","guid":{"rendered":"https:\/\/abpolar-ee.vserver.zonevs.eu\/?post_type=product&#038;p=5190"},"modified":"2025-08-29T14:20:55","modified_gmt":"2025-08-29T11:20:55","slug":"koiratarha-katolla-322x220cm-harmaa","status":"publish","type":"product","link":"https:\/\/abpolar.ee\/fi\/koiratarha-katolla-322x220cm-harmaa\/","title":{"rendered":"Koiratarha katolla, 322x220cm, harmaa"},"content":{"rendered":"<h2>Koiran ulkoh\u00e4kki katolla, 322&#215;220 cm, harmaa<\/h2>\n<p>Koiran ulkoh\u00e4kki katolla soveltuu hyvin koiran tilap\u00e4iseen oleskeluun. H\u00e4kiss\u00e4 on kaksi ovea ja irrotettava v\u00e4lisein\u00e4, joten se soveltuu v\u00e4liaikaisesti my\u00f6s kahdelle koiralle.<\/p>\n<p>Katto suojaa ihmisen parasta yst\u00e4v\u00e4\u00e4 sateelta ja auringolta. Katto est\u00e4\u00e4 koiraa my\u00f6s hypp\u00e4\u00e4m\u00e4st\u00e4 h\u00e4kin sein\u00e4n yli. Kest\u00e4v\u00e4n ulkoh\u00e4kin katto, taka- ja sivusein\u00e4t ovat kuumasinkitty\u00e4 pelti\u00e4, etusein\u00e4 on valmistettu ter\u00e4stangoista.<\/p>\n<p>Kun tarvitset v\u00e4liaikaisen ulkoh\u00e4kin koiralle, tee tilaus!<\/p>\n<h3>TUOTTEEN MITAT:<\/h3>\n<ul>\n<li>Korkeus (cm): 186<\/li>\n<li>Leveys (cm): 322<\/li>\n<li>Syvyys (cm): 220<\/li>\n<li>Tuotteen paino (kg): 100<\/li>\n<\/ul>\n<h3>TUOTTEEN OMINAISUUDET:<\/h3>\n<ul>\n<li>V\u00e4ri: harmaa<\/li>\n<li>Sis\u00e4mitat (LxSxK): 310x180x186 cm<\/li>\n<li>Sein\u00e4n korkeus: 160 cm<\/li>\n<li>Ovien mitat (LxK): 79\u00d7159 cm<\/li>\n<li>Ter\u00e4stankojen v\u00e4li: 90 mm<\/li>\n<\/ul>\n<h3>PAKKAUKSEN MITAT JA PAINO:<\/h3>\n<ul>\n<li>Pakkauksen leveys (mm): 2 000,00<\/li>\n<li>Pakkauksen korkeus (mm): 350,00<\/li>\n<li>Pakkauksen syvyys (mm): 930,00<\/li>\n<\/ul>\n","protected":false},"excerpt":{"rendered":"<p>Koiran ulkoh\u00e4kki katolla, 322&#215;220 cm, harmaa Koiran ulkoh\u00e4kki katolla soveltuu hyvin koiran tilap\u00e4iseen oleskeluun. H\u00e4kiss\u00e4&#8230;<\/p>\n","protected":false},"featured_media":3052,"template":"","meta":{"_acf_changed":false,"inline_featured_image":false},"product_brand":[],"product_cat":[238],"product_tag":[],"class_list":{"0":"post-5190","1":"product","2":"type-product","3":"status-publish","4":"has-post-thumbnail","6":"product_cat-koiratarhat","8":"first","9":"instock","10":"taxable","11":"shipping-taxable","12":"purchasable","13":"product-type-simple"},"acf":[],"_links":{"self":[{"href":"https:\/\/abpolar.ee\/fi\/wp-json\/wp\/v2\/product\/5190","targetHints":{"allow":["GET"]}}],"collection":[{"href":"https:\/\/abpolar.ee\/fi\/wp-json\/wp\/v2\/product"}],"about":[{"href":"https:\/\/abpolar.ee\/fi\/wp-json\/wp\/v2\/types\/product"}],"wp:featuredmedia":[{"embeddable":true,"href":"https:\/\/abpolar.ee\/fi\/wp-json\/wp\/v2\/media\/3052"}],"wp:attachment":[{"href":"https:\/\/abpolar.ee\/fi\/wp-json\/wp\/v2\/media?parent=5190"}],"wp:term":[{"taxonomy":"product_brand","embeddable":true,"href":"https:\/\/abpolar.ee\/fi\/wp-json\/wp\/v2\/product_brand?post=5190"},{"taxonomy":"product_cat","embeddable":true,"href":"https:\/\/abpolar.ee\/fi\/wp-json\/wp\/v2\/product_cat?post=5190"},{"taxonomy":"product_tag","embeddable":true,"href":"https:\/\/abpolar.ee\/fi\/wp-json\/wp\/v2\/product_tag?post=5190"}],"curies":[{"name":"wp","href":"https:\/\/api.w.org\/{rel}","templated":true}]}}