{"id":5191,"date":"2022-11-17T16:09:26","date_gmt":"2022-11-17T14:09:26","guid":{"rendered":"https:\/\/abpolar-ee.vserver.zonevs.eu\/?post_type=product&#038;p=5191"},"modified":"2023-02-28T12:19:43","modified_gmt":"2023-02-28T10:19:43","slug":"ulkotulisija-76cm","status":"publish","type":"product","link":"https:\/\/abpolar.ee\/fi\/ulkotulisija-76cm\/","title":{"rendered":"Ulkotulisija 76cm"},"content":{"rendered":"<h2>Ulkotulisija 76cm<\/h2>\n<p>Pulverimaalatusta ter\u00e4ksest\u00e4 valmistettu kest\u00e4v\u00e4 ulkotulisija kipin\u00e4suojakannella. Kohennuskoukku sis\u00e4ltyy toimitukseen.<\/p>\n<p>&nbsp;<\/p>\n<ul>\n<li>Korkeus: 43 cm<\/li>\n<li>Halkaisija: 76 cm<\/li>\n<li>Tuotteen paino: 5 kg<\/li>\n<li>V\u00e4ri: Musta<\/li>\n<li>Materiaali: Ter\u00e4s<\/li>\n<\/ul>\n","protected":false},"excerpt":{"rendered":"<p>Ulkotulisija 76cm Pulverimaalatusta ter\u00e4ksest\u00e4 valmistettu kest\u00e4v\u00e4 ulkotulisija kipin\u00e4suojakannella. Kohennuskoukku sis\u00e4ltyy toimitukseen. &nbsp; Korkeus: 43 cm&#8230;<\/p>\n","protected":false},"featured_media":3583,"template":"","meta":{"_acf_changed":false,"inline_featured_image":false},"product_brand":[],"product_cat":[230],"product_tag":[],"class_list":{"0":"post-5191","1":"product","2":"type-product","3":"status-publish","4":"has-post-thumbnail","6":"product_cat-ulkotulisijat","7":"product_shipping_class-vaike-pakk-fi","9":"first","10":"instock","11":"taxable","12":"shipping-taxable","13":"purchasable","14":"product-type-simple"},"acf":[],"_links":{"self":[{"href":"https:\/\/abpolar.ee\/fi\/wp-json\/wp\/v2\/product\/5191","targetHints":{"allow":["GET"]}}],"collection":[{"href":"https:\/\/abpolar.ee\/fi\/wp-json\/wp\/v2\/product"}],"about":[{"href":"https:\/\/abpolar.ee\/fi\/wp-json\/wp\/v2\/types\/product"}],"wp:featuredmedia":[{"embeddable":true,"href":"https:\/\/abpolar.ee\/fi\/wp-json\/wp\/v2\/media\/3583"}],"wp:attachment":[{"href":"https:\/\/abpolar.ee\/fi\/wp-json\/wp\/v2\/media?parent=5191"}],"wp:term":[{"taxonomy":"product_brand","embeddable":true,"href":"https:\/\/abpolar.ee\/fi\/wp-json\/wp\/v2\/product_brand?post=5191"},{"taxonomy":"product_cat","embeddable":true,"href":"https:\/\/abpolar.ee\/fi\/wp-json\/wp\/v2\/product_cat?post=5191"},{"taxonomy":"product_tag","embeddable":true,"href":"https:\/\/abpolar.ee\/fi\/wp-json\/wp\/v2\/product_tag?post=5191"}],"curies":[{"name":"wp","href":"https:\/\/api.w.org\/{rel}","templated":true}]}}