{"id":5192,"date":"2022-11-17T16:08:11","date_gmt":"2022-11-17T14:08:11","guid":{"rendered":"https:\/\/abpolar-ee.vserver.zonevs.eu\/?post_type=product&#038;p=5192"},"modified":"2025-08-29T14:19:48","modified_gmt":"2025-08-29T11:19:48","slug":"koiratarha-400x600x180cm","status":"publish","type":"product","link":"https:\/\/abpolar.ee\/fi\/koiratarha-400x600x180cm\/","title":{"rendered":"Koiratarha 400x600x180cm"},"content":{"rendered":"<h2>Koiran ulkoh\u00e4kki 400x600x180 cm<\/h2>\n<p>Koiran ulkoh\u00e4kki soveltuu hyvin koiran tilap\u00e4iseen oleskeluun.<\/p>\n<p>Ulkoh\u00e4kki on on helppo koota, et tarvitse ruuveja tai pultteja.<\/p>\n<p>Korroosiok\u00e4sittelyn ansiosta ulkoh\u00e4kki pysyy hyv\u00e4kuntoisena ja siistin\u00e4 vuosia.<\/p>\n<p>Ter\u00e4sverkon 55 x 55 mm silm\u00e4t kest\u00e4v\u00e4t, vaikka suurikin koira hyppisi verkkoa vasten tai yritt\u00e4isi purra verkkoa. Muista kuitenkin, ett\u00e4 koiratarhan korkeuden tulee olla v\u00e4hint\u00e4\u00e4n koiran s\u00e4k\u00e4korkeuden verran. Suuret koirarodut voivat hyp\u00e4t\u00e4 hyvin korkealle, joten ota t\u00e4m\u00e4 huomioon koiratarhan tai h\u00e4kin valinnassa.<\/p>\n<p>Kun tarvitset v\u00e4liaikaisen ulkoh\u00e4kin koiralle, tee tilaus!<\/p>\n<h2>Tuotteen ominaisuudet:<\/h2>\n<ul>\n<li>Verkon langan paksuus 2,5 mm<\/li>\n<li>Ter\u00e4stolppien halkaisija 32 mm<\/li>\n<li>Ter\u00e4stolppien sein\u00e4m\u00e4n paksuus 1,0 mm<\/li>\n<li>H\u00e4kin korkeus: 180 cm<\/li>\n<li>H\u00e4kin leveys: 600 x 400 cm<\/li>\n<\/ul>\n","protected":false},"excerpt":{"rendered":"<p>Koiran ulkoh\u00e4kki 400x600x180 cm Koiran ulkoh\u00e4kki soveltuu hyvin koiran tilap\u00e4iseen oleskeluun. Ulkoh\u00e4kki on on helppo&#8230;<\/p>\n","protected":false},"featured_media":3053,"template":"","meta":{"_acf_changed":false,"inline_featured_image":false},"product_brand":[],"product_cat":[238],"product_tag":[],"class_list":{"0":"post-5192","1":"product","2":"type-product","3":"status-publish","4":"has-post-thumbnail","6":"product_cat-koiratarhat","8":"first","9":"instock","10":"sale","11":"taxable","12":"shipping-taxable","13":"purchasable","14":"product-type-simple"},"acf":[],"_links":{"self":[{"href":"https:\/\/abpolar.ee\/fi\/wp-json\/wp\/v2\/product\/5192","targetHints":{"allow":["GET"]}}],"collection":[{"href":"https:\/\/abpolar.ee\/fi\/wp-json\/wp\/v2\/product"}],"about":[{"href":"https:\/\/abpolar.ee\/fi\/wp-json\/wp\/v2\/types\/product"}],"wp:featuredmedia":[{"embeddable":true,"href":"https:\/\/abpolar.ee\/fi\/wp-json\/wp\/v2\/media\/3053"}],"wp:attachment":[{"href":"https:\/\/abpolar.ee\/fi\/wp-json\/wp\/v2\/media?parent=5192"}],"wp:term":[{"taxonomy":"product_brand","embeddable":true,"href":"https:\/\/abpolar.ee\/fi\/wp-json\/wp\/v2\/product_brand?post=5192"},{"taxonomy":"product_cat","embeddable":true,"href":"https:\/\/abpolar.ee\/fi\/wp-json\/wp\/v2\/product_cat?post=5192"},{"taxonomy":"product_tag","embeddable":true,"href":"https:\/\/abpolar.ee\/fi\/wp-json\/wp\/v2\/product_tag?post=5192"}],"curies":[{"name":"wp","href":"https:\/\/api.w.org\/{rel}","templated":true}]}}