{"id":5199,"date":"2022-11-17T16:08:08","date_gmt":"2022-11-17T14:08:08","guid":{"rendered":"https:\/\/abpolar-ee.vserver.zonevs.eu\/?post_type=product&#038;p=5199"},"modified":"2025-09-04T12:04:10","modified_gmt":"2025-09-04T09:04:10","slug":"pajuaita-2x3m","status":"publish","type":"product","link":"https:\/\/abpolar.ee\/fi\/pajuaita-2x3m\/","title":{"rendered":"Pajuaita 2x3m"},"content":{"rendered":"<h2>Pajuaita 2x3m<\/h2>\n<p>Pajuaita on kevyt tilanjakaja, jonka voi kiinnitt\u00e4\u00e4 helposti esimerkiksi parvekkeen kaiteeseen tai verkkoaitaan. Pajuaita luo luonnonl\u00e4heisen tunnelman ja se toimii my\u00f6s n\u00e4k\u00f6suojana. Lis\u00e4ksi aita my\u00f6s varjostaa ja toimii kauniina taustana esimerkiksi parvekkeen kasveille.<\/p>\n<p>Se voidaan liitt\u00e4\u00e4 helposti jo olemassa olevaan puutarha-aitaan tai sein\u00e4\u00e4n niittien tai ruuvien avulla. T\u00e4ss\u00e4 luonnollisessa aidassa aidot pajunvarret on sidottu yhteen galvanoidulla rautalangalla, joten se on rakenteeltaan eritt\u00e4in kest\u00e4v\u00e4.<\/p>\n<p>Kun haluat suojautua uteliailta katseilta, hanki pajuaita!<\/p>\n<p><strong>Tuotteen mitat:<\/strong><\/p>\n<ul>\n<li>Korkeus: 2 m<\/li>\n<li>Rullan pituus: 3 m<\/li>\n<\/ul>\n","protected":false},"excerpt":{"rendered":"<p>Pajuaita 2x3m Pajuaita on kevyt tilanjakaja, jonka voi kiinnitt\u00e4\u00e4 helposti esimerkiksi parvekkeen kaiteeseen tai verkkoaitaan&#8230;.<\/p>\n","protected":false},"featured_media":3206,"template":"","meta":{"_acf_changed":false,"inline_featured_image":false},"product_brand":[],"product_cat":[229,220],"product_tag":[],"class_list":{"0":"post-5199","1":"product","2":"type-product","3":"status-publish","4":"has-post-thumbnail","6":"product_cat-pajuaidat","7":"product_cat-piha","8":"product_shipping_class-pakk-kuni-30kg-fi","10":"first","11":"instock","12":"taxable","13":"shipping-taxable","14":"purchasable","15":"product-type-simple"},"acf":[],"_links":{"self":[{"href":"https:\/\/abpolar.ee\/fi\/wp-json\/wp\/v2\/product\/5199","targetHints":{"allow":["GET"]}}],"collection":[{"href":"https:\/\/abpolar.ee\/fi\/wp-json\/wp\/v2\/product"}],"about":[{"href":"https:\/\/abpolar.ee\/fi\/wp-json\/wp\/v2\/types\/product"}],"wp:featuredmedia":[{"embeddable":true,"href":"https:\/\/abpolar.ee\/fi\/wp-json\/wp\/v2\/media\/3206"}],"wp:attachment":[{"href":"https:\/\/abpolar.ee\/fi\/wp-json\/wp\/v2\/media?parent=5199"}],"wp:term":[{"taxonomy":"product_brand","embeddable":true,"href":"https:\/\/abpolar.ee\/fi\/wp-json\/wp\/v2\/product_brand?post=5199"},{"taxonomy":"product_cat","embeddable":true,"href":"https:\/\/abpolar.ee\/fi\/wp-json\/wp\/v2\/product_cat?post=5199"},{"taxonomy":"product_tag","embeddable":true,"href":"https:\/\/abpolar.ee\/fi\/wp-json\/wp\/v2\/product_tag?post=5199"}],"curies":[{"name":"wp","href":"https:\/\/api.w.org\/{rel}","templated":true}]}}