{"id":5201,"date":"2022-11-16T09:17:24","date_gmt":"2022-11-16T07:17:24","guid":{"rendered":"https:\/\/abpolar-ee.vserver.zonevs.eu\/?post_type=product&#038;p=5201"},"modified":"2025-10-08T19:15:09","modified_gmt":"2025-10-08T16:15:09","slug":"verkkoaita-classic-o22mm-ral6005-vihrea-10-m-rullassa","status":"publish","type":"product","link":"https:\/\/abpolar.ee\/fi\/verkkoaita-classic-o22mm-ral6005-vihrea-10-m-rullassa\/","title":{"rendered":"Verkkoaita CLASSIC  (\u00d82,2mm) RAL6005 vihre\u00e4, 10 m rullassa"},"content":{"rendered":"<h2>Verkkoaita CLASSIC (\u00d8 2,2 mm) RAL6005 vihre\u00e4, 10 m rullassa<\/h2>\n<p>Verkkoaita soveltuu esimerkiksi omakotitalon ja puutarhan aitaamiseen sek\u00e4 koirien ja muiden el\u00e4inten aitauksiin. Sit\u00e4 voidaan k\u00e4ytt\u00e4\u00e4 my\u00f6s teollisuusalueiden tai julkisten alueiden rajaamiseen. Verkkoaitaa on saatavilla eri korkeuksilla, mik\u00e4 mahdollistaa verkon k\u00e4ytt\u00e4misen monipuolisesti erilaisiin tarkoituksiin.<\/p>\n<p>Samalla kannattaa hankkia my\u00f6s tarvittavat aitatolpat ja kiinnikkeet.<\/p>\n<p><strong>Kun suunnitelmissa on rakentaa aita, hanki verkkoaita!<\/strong><\/p>\n<ul>\n<li>Verkon korkeus: valittavissa 0,8, 1, 1,2, 1,5, 1,8 tai 2 m<\/li>\n<li>Verkon silm\u00e4n mitat: noin 50 mm (leveys) x 100 mm (korkeus)<\/li>\n<li>Langan kokonaishalkaisija: 2,2 mm<\/li>\n<li>Ter\u00e4slangan halkaisija: 1,7 mm<\/li>\n<li>V\u00e4ri: RAL6005 vihre\u00e4<\/li>\n<li>Rullan pituus: 10 m<\/li>\n<\/ul>\n<p><strong>Aidan rakentamisen esivalmistelut:<\/strong><\/p>\n<ul>\n<li>Laske ensin aidattavan alueen koko.<\/li>\n<li>Kuinka paljon tarvitset aitaverkkoa?<\/li>\n<li>Ent\u00e4 kuinka monta tolppaa ja kiinnikett\u00e4 tarvitset?<\/li>\n<li>Huomioi my\u00f6s valitsemasi portin koko.<\/li>\n<li>Suunnittele valmiiksi tolppien kiinnitystapa, esim. betonivalu.<\/li>\n<li>Sen j\u00e4lkeen pyyd\u00e4 meilt\u00e4 tarjous!<\/li>\n<\/ul>\n<p><strong>Asennusohjeet:<\/strong><\/p>\n<ul>\n<li>Suosittelemme kiinnitt\u00e4m\u00e4\u00e4n aitatolpat maahan betonivalulla.<\/li>\n<li>Tolpat asennetaan 2,5 &#8211; 3 metrin v\u00e4lein.<\/li>\n<li>Suositeltu asennussyvyys on 50-70 cm, eli suositeltu tolpan korkeus on aidan korkeus + 50 cm.<\/li>\n<li>Tarvittava kiinnikkeiden m\u00e4\u00e4r\u00e4 riippuu verkon korkeudesta: 1,2 m verkkoon tarvitaan 5 kiinnikett\u00e4 per tolppa, 1,5 m verkkoon 6 per tolppa.<\/li>\n<\/ul>\n","protected":false},"excerpt":{"rendered":"<p>Verkkoaita CLASSIC (\u00d8 2,2 mm) RAL6005 vihre\u00e4, 10 m rullassa Verkkoaita soveltuu esimerkiksi omakotitalon ja&#8230;<\/p>\n","protected":false},"featured_media":3036,"template":"","meta":{"_acf_changed":false,"inline_featured_image":false},"product_brand":[],"product_cat":[187,328,193],"product_tag":[],"class_list":{"0":"post-5201","1":"product","2":"type-product","3":"status-publish","4":"has-post-thumbnail","6":"product_cat-aidat-ja-portit","7":"product_cat-verkkoaidat","8":"product_cat-verkkoaita","9":"product_shipping_class-pakk-kuni-30kg-fi","11":"first","12":"instock","13":"taxable","14":"shipping-taxable","15":"purchasable","16":"product-type-variable"},"acf":[],"_links":{"self":[{"href":"https:\/\/abpolar.ee\/fi\/wp-json\/wp\/v2\/product\/5201","targetHints":{"allow":["GET"]}}],"collection":[{"href":"https:\/\/abpolar.ee\/fi\/wp-json\/wp\/v2\/product"}],"about":[{"href":"https:\/\/abpolar.ee\/fi\/wp-json\/wp\/v2\/types\/product"}],"wp:featuredmedia":[{"embeddable":true,"href":"https:\/\/abpolar.ee\/fi\/wp-json\/wp\/v2\/media\/3036"}],"wp:attachment":[{"href":"https:\/\/abpolar.ee\/fi\/wp-json\/wp\/v2\/media?parent=5201"}],"wp:term":[{"taxonomy":"product_brand","embeddable":true,"href":"https:\/\/abpolar.ee\/fi\/wp-json\/wp\/v2\/product_brand?post=5201"},{"taxonomy":"product_cat","embeddable":true,"href":"https:\/\/abpolar.ee\/fi\/wp-json\/wp\/v2\/product_cat?post=5201"},{"taxonomy":"product_tag","embeddable":true,"href":"https:\/\/abpolar.ee\/fi\/wp-json\/wp\/v2\/product_tag?post=5201"}],"curies":[{"name":"wp","href":"https:\/\/api.w.org\/{rel}","templated":true}]}}