{"id":5209,"date":"2022-11-16T09:18:20","date_gmt":"2022-11-16T07:18:20","guid":{"rendered":"https:\/\/abpolar-ee.vserver.zonevs.eu\/?post_type=product&#038;p=5209"},"modified":"2025-02-28T12:26:26","modified_gmt":"2025-02-28T10:26:26","slug":"verkkosuoja-hyonteisverkko-2x2x04mm-1x5m","status":"publish","type":"product","link":"https:\/\/abpolar.ee\/fi\/verkkosuoja-hyonteisverkko-2x2x04mm-1x5m\/","title":{"rendered":"Verkkosuoja-hy\u00f6nteisverkko 2x2x0,4mm 1x5m"},"content":{"rendered":"<h2>Verkkosuoja-hy\u00f6nteisverkko 2x2x0,4mm 1x5m<\/h2>\n<p>Verkkosuoja on tihe\u00e4, kuumasinkityst\u00e4 ter\u00e4ksest\u00e4 valmistettu monik\u00e4ytt\u00f6inen hyttysverkko, joka pit\u00e4\u00e4 hy\u00f6nteiset ja tuhoel\u00e4imet ulkona.<br \/>\nKest\u00e4v\u00e4 ter\u00e4sverkko sopii erinomaisesti my\u00f6s tuuletus- ja ilmanvaihtoaukkojen suojaamiseen.<br \/>\nVerkko on helppo leikata haluttuun kokoon tai muotoon tavallisilla leikkuuty\u00f6kaluilla.<\/p>\n<h4>TUOTTEEN OMINAISUUDET:<\/h4>\n<ul>\n<li><strong>Materiaalin tarkenne: Kuumasinkitty ter\u00e4slanka, paksuus 0,4 mm<\/strong><\/li>\n<li><strong>Verkon silm\u00e4koko: 2\u00d72 mm<\/strong><\/li>\n<li><strong>Rullassa : 5 m<\/strong><\/li>\n<li><strong>Rullan korekus: 1 m<\/strong><\/li>\n<\/ul>\n","protected":false},"excerpt":{"rendered":"<p>Verkkosuoja-hy\u00f6nteisverkko 2x2x0,4mm 1x5m Verkkosuoja on tihe\u00e4, kuumasinkityst\u00e4 ter\u00e4ksest\u00e4 valmistettu monik\u00e4ytt\u00f6inen hyttysverkko, joka pit\u00e4\u00e4 hy\u00f6nteiset ja&#8230;<\/p>\n","protected":false},"featured_media":2626,"template":"","meta":{"_acf_changed":false,"inline_featured_image":false},"product_brand":[],"product_cat":[199],"product_tag":[],"class_list":{"0":"post-5209","1":"product","2":"type-product","3":"status-publish","4":"has-post-thumbnail","6":"product_cat-hyonteisverkot","7":"product_shipping_class-pakk-kuni-30kg-fi","9":"first","10":"instock","11":"taxable","12":"shipping-taxable","13":"purchasable","14":"product-type-simple"},"acf":[],"_links":{"self":[{"href":"https:\/\/abpolar.ee\/fi\/wp-json\/wp\/v2\/product\/5209","targetHints":{"allow":["GET"]}}],"collection":[{"href":"https:\/\/abpolar.ee\/fi\/wp-json\/wp\/v2\/product"}],"about":[{"href":"https:\/\/abpolar.ee\/fi\/wp-json\/wp\/v2\/types\/product"}],"wp:featuredmedia":[{"embeddable":true,"href":"https:\/\/abpolar.ee\/fi\/wp-json\/wp\/v2\/media\/2626"}],"wp:attachment":[{"href":"https:\/\/abpolar.ee\/fi\/wp-json\/wp\/v2\/media?parent=5209"}],"wp:term":[{"taxonomy":"product_brand","embeddable":true,"href":"https:\/\/abpolar.ee\/fi\/wp-json\/wp\/v2\/product_brand?post=5209"},{"taxonomy":"product_cat","embeddable":true,"href":"https:\/\/abpolar.ee\/fi\/wp-json\/wp\/v2\/product_cat?post=5209"},{"taxonomy":"product_tag","embeddable":true,"href":"https:\/\/abpolar.ee\/fi\/wp-json\/wp\/v2\/product_tag?post=5209"}],"curies":[{"name":"wp","href":"https:\/\/api.w.org\/{rel}","templated":true}]}}