{"id":5219,"date":"2022-11-16T09:17:40","date_gmt":"2022-11-16T07:17:40","guid":{"rendered":"https:\/\/abpolar-ee.vserver.zonevs.eu\/?post_type=product&#038;p=5219"},"modified":"2025-11-21T10:13:02","modified_gmt":"2025-11-21T08:13:02","slug":"verkkoaita-strong-o25mm-ral6005-vihrea-25-m-rullassa","status":"publish","type":"product","link":"https:\/\/abpolar.ee\/fi\/verkkoaita-strong-o25mm-ral6005-vihrea-25-m-rullassa\/","title":{"rendered":"Verkkoaita STRONG (\u00d82,5mm) RAL6005 vihre\u00e4, 25 m rullassa"},"content":{"rendered":"<h2>Verkkoaita STRONG (\u00d82,5mm) RAL6005 vihre\u00e4, 25 m rullassa<\/h2>\n<p>Soveltuu mm. omakotitalon ja puutarhan ymp\u00e4rysaidaksi sek\u00e4 koirien ja muiden el\u00e4inten aitauksiin. Voidaan k\u00e4ytt\u00e4\u00e4 my\u00f6s teollisuusalueiden tai julkisten alueiden rajaamiseen.<\/p>\n<p>Verkkoaitaa on saatavilla eri korkeuksilla, mik\u00e4 mahdollistaa verkon k\u00e4ytt\u00e4misen monipuolisesti erilaisiin tarkoituksiin.<\/p>\n<p>Samalla kannattaa hankkia my\u00f6s tarvittavat aitatolpat ja kiinnikkeet.<\/p>\n<ul>\n<li><strong>Verkon korkeus: valittavissa 1m, 1,2m, 1,5m, 1,8m tai 2 m<\/strong><\/li>\n<li><strong>Verkon silm\u00e4n mitat: noin 50 mm (leveys) x 100 mm (korkeus)<\/strong><\/li>\n<li><strong>Langan kokonaishalkaisija: 2,5 mm<\/strong><\/li>\n<li><strong>Ter\u00e4slangan halkaisija: 2,5 m<\/strong><\/li>\n<li><strong>V\u00e4ri: Vihre\u00e4 RAL6005<\/strong><\/li>\n<li><strong>Rullan pituus: 25 m<\/strong><\/li>\n<\/ul>\n<p>&nbsp;<\/p>\n<p>Ennen verkkoaidan asennusta:<br \/>\n\u2022 mittaa aitauksen koko pituus<br \/>\n\u2022 m\u00e4\u00e4r\u00e4\u00e4 verkon korkeus<br \/>\n\u2022 mieti, mihin haluat asentaa portin (portin korkeus ja leveys)<br \/>\n\u2022 tee mittakuva, johon on merkitty kunkin suoraviivan pituus, porttien aukot ja kulmien lukum\u00e4\u00e4r\u00e4<\/p>\n<ul>\n<li>Asennus: Tolpat asennetaan 2,5 &#8211; 3 metrin v\u00e4lein<\/li>\n<li>Kiinnitys: Aidan tolpat suositellaan kiinnitett\u00e4v\u00e4ksi betonivalulla, verkko kiinnitet\u00e4\u00e4n tolppaan verkkoaidan kiinnikkeell\u00e4 (py\u00f6re\u00e4lle tolpalle) tai clipsilla<\/li>\n<li>Tarvittava kiinnikkeiden m\u00e4\u00e4r\u00e4: Riippuu verkon korkeudesta, 1,2 m verkolle 5 kiinnikett\u00e4 per tolppa, 1,5 m verkolle 6 kiinnikett\u00e4 per tolppa<\/li>\n<\/ul>\n","protected":false},"excerpt":{"rendered":"<p>Verkkoaita STRONG (\u00d82,5mm) RAL6005 vihre\u00e4, 25 m rullassa Soveltuu mm. omakotitalon ja puutarhan ymp\u00e4rysaidaksi sek\u00e4&#8230;<\/p>\n","protected":false},"featured_media":3036,"template":"","meta":{"_acf_changed":false,"inline_featured_image":false},"product_brand":[],"product_cat":[187,328,193],"product_tag":[],"class_list":{"0":"post-5219","1":"product","2":"type-product","3":"status-publish","4":"has-post-thumbnail","6":"product_cat-aidat-ja-portit","7":"product_cat-verkkoaidat","8":"product_cat-verkkoaita","9":"product_shipping_class-pakk-kuni-30kg-fi","11":"first","12":"instock","13":"taxable","14":"shipping-taxable","15":"purchasable","16":"product-type-variable"},"acf":[],"_links":{"self":[{"href":"https:\/\/abpolar.ee\/fi\/wp-json\/wp\/v2\/product\/5219","targetHints":{"allow":["GET"]}}],"collection":[{"href":"https:\/\/abpolar.ee\/fi\/wp-json\/wp\/v2\/product"}],"about":[{"href":"https:\/\/abpolar.ee\/fi\/wp-json\/wp\/v2\/types\/product"}],"wp:featuredmedia":[{"embeddable":true,"href":"https:\/\/abpolar.ee\/fi\/wp-json\/wp\/v2\/media\/3036"}],"wp:attachment":[{"href":"https:\/\/abpolar.ee\/fi\/wp-json\/wp\/v2\/media?parent=5219"}],"wp:term":[{"taxonomy":"product_brand","embeddable":true,"href":"https:\/\/abpolar.ee\/fi\/wp-json\/wp\/v2\/product_brand?post=5219"},{"taxonomy":"product_cat","embeddable":true,"href":"https:\/\/abpolar.ee\/fi\/wp-json\/wp\/v2\/product_cat?post=5219"},{"taxonomy":"product_tag","embeddable":true,"href":"https:\/\/abpolar.ee\/fi\/wp-json\/wp\/v2\/product_tag?post=5219"}],"curies":[{"name":"wp","href":"https:\/\/api.w.org\/{rel}","templated":true}]}}