{"id":5236,"date":"2022-11-16T09:17:43","date_gmt":"2022-11-16T07:17:43","guid":{"rendered":"https:\/\/abpolar-ee.vserver.zonevs.eu\/?post_type=product&#038;p=5236"},"modified":"2023-12-29T13:57:03","modified_gmt":"2023-12-29T11:57:03","slug":"kanaverkko-10m-rulla-zn","status":"publish","type":"product","link":"https:\/\/abpolar.ee\/fi\/kanaverkko-10m-rulla-zn\/","title":{"rendered":"Kanaverkko 10m rullassa, ZN"},"content":{"rendered":"<h2>Kanaverkko 10m rulla ZN<\/h2>\n<p>Kuusikulmaverkko soveltuu mit\u00e4 erilaisimpiin k\u00e4ytt\u00f6tarkoituksiin sek\u00e4 sis\u00e4- ett\u00e4 ulkotiloissa, esim. katiskat, siipikarjah\u00e4kit, puiden ja pensaiden suojaaminen, eristeiden tukeminen, koristek\u00e4ytt\u00f6 yms.<br \/>\n<a href=\"https:\/\/abpolar.ee\/fi\/kanaverkot\/\" target=\"_blank\" rel=\"noopener\">Kanaverkko<\/a> on valmistettu 0,7mm sinkityst\u00e4 langasta.<br \/>\nVerkon silm\u00e4koko on 25&#215;25 mm ja toimitetaan 10 metrin rullassa.<\/p>\n<h4>TUOTTEEN OMINAISUUDET:<\/h4>\n<ul>\n<li>V\u00e4ri: Ter\u00e4s<\/li>\n<li>Materiaali: Ter\u00e4s<\/li>\n<li>Materiaalin tarkenne: Langan vahvuus 0,7 mm<\/li>\n<li>Silm\u00e4koko: 25 x 25 mm<\/li>\n<li>Pintak\u00e4sittely: Sinkitty<\/li>\n<\/ul>\n","protected":false},"excerpt":{"rendered":"<p>Kanaverkko 10m rulla ZN Kuusikulmaverkko soveltuu mit\u00e4 erilaisimpiin k\u00e4ytt\u00f6tarkoituksiin sek\u00e4 sis\u00e4- ett\u00e4 ulkotiloissa, esim. katiskat,&#8230;<\/p>\n","protected":false},"featured_media":4628,"template":"","meta":{"_acf_changed":false,"inline_featured_image":false},"product_brand":[],"product_cat":[197],"product_tag":[],"class_list":{"0":"post-5236","1":"product","2":"type-product","3":"status-publish","4":"has-post-thumbnail","6":"product_cat-kanaverkot","7":"product_shipping_class-vaike-pakk-fi","9":"first","10":"instock","11":"taxable","12":"shipping-taxable","13":"purchasable","14":"product-type-variable"},"acf":[],"_links":{"self":[{"href":"https:\/\/abpolar.ee\/fi\/wp-json\/wp\/v2\/product\/5236","targetHints":{"allow":["GET"]}}],"collection":[{"href":"https:\/\/abpolar.ee\/fi\/wp-json\/wp\/v2\/product"}],"about":[{"href":"https:\/\/abpolar.ee\/fi\/wp-json\/wp\/v2\/types\/product"}],"wp:featuredmedia":[{"embeddable":true,"href":"https:\/\/abpolar.ee\/fi\/wp-json\/wp\/v2\/media\/4628"}],"wp:attachment":[{"href":"https:\/\/abpolar.ee\/fi\/wp-json\/wp\/v2\/media?parent=5236"}],"wp:term":[{"taxonomy":"product_brand","embeddable":true,"href":"https:\/\/abpolar.ee\/fi\/wp-json\/wp\/v2\/product_brand?post=5236"},{"taxonomy":"product_cat","embeddable":true,"href":"https:\/\/abpolar.ee\/fi\/wp-json\/wp\/v2\/product_cat?post=5236"},{"taxonomy":"product_tag","embeddable":true,"href":"https:\/\/abpolar.ee\/fi\/wp-json\/wp\/v2\/product_tag?post=5236"}],"curies":[{"name":"wp","href":"https:\/\/api.w.org\/{rel}","templated":true}]}}