{"id":5237,"date":"2022-11-16T09:17:26","date_gmt":"2022-11-16T07:17:26","guid":{"rendered":"https:\/\/abpolar-ee.vserver.zonevs.eu\/?post_type=product&#038;p=5237"},"modified":"2025-11-21T10:10:02","modified_gmt":"2025-11-21T08:10:02","slug":"verkkoaita-strong-o25mm-ral7016-harmaa-25-m-rullassa","status":"publish","type":"product","link":"https:\/\/abpolar.ee\/fi\/verkkoaita-strong-o25mm-ral7016-harmaa-25-m-rullassa\/","title":{"rendered":"Verkkoaita STRONG (\u00d82,5mm) RAL7016 harmaa, 25 m rullassa"},"content":{"rendered":"<h2>Verkkoaita STRONG (\u00d8 2,5 mm) RAL7016 harmaa, 25 m rullassa<\/h2>\n<p>Hitsattu aitaverkko\u00a0 STRONG PVC-p\u00e4\u00e4llysteinen sopii k\u00e4ytett\u00e4v\u00e4ksi pihoissa ja puutarhoissa. Verkkoaita soveltuu esimerkiksi omakotitalon ja puutarhan aitaamiseen sek\u00e4 koirien ja muiden el\u00e4inten aitauksiin. Sit\u00e4 voidaan k\u00e4ytt\u00e4\u00e4 my\u00f6s teollisuusalueiden tai julkisten alueiden rajaamiseen.<\/p>\n<p>Verkkoaitaa on saatavilla eri korkeuksilla, mik\u00e4 mahdollistaa verkon k\u00e4ytt\u00e4misen monipuolisesti erilaisiin tarkoituksiin.<\/p>\n<p>Samalla kannattaa hankkia my\u00f6s tarvittavat aitatolpat ja kiinnikkeet.<\/p>\n<p><strong>Kun suunnitelmissa on rakentaa aita, hanki verkkoaita!<\/strong><\/p>\n<ul>\n<li>Verkon korkeus: valittavissa 1, 1,2, 1,5, 1,8 tai 2 m<\/li>\n<li>Verkon silm\u00e4n mitat: noin 50 mm (leveys) x 100 mm (korkeus)<\/li>\n<li>Langan kokonaishalkaisija: 2,5 mm<\/li>\n<li>Ter\u00e4slangan halkaisija: 2,5 mm<\/li>\n<li>V\u00e4ri: RAL7016 harmaa<\/li>\n<li>Rullan pituus: 25 m<\/li>\n<\/ul>\n<p><strong>Aidan rakentamisen esivalmistelut:<\/strong><\/p>\n<ul>\n<li>Laske ensin aidattavan alueen koko.<\/li>\n<li>Kuinka paljon tarvitset aitaverkkoa?<\/li>\n<li>Ent\u00e4 kuinka monta tolppaa ja kiinnikett\u00e4 tarvitset?<\/li>\n<li>Huomioi my\u00f6s valitsemasi portin koko.<\/li>\n<li>Suunnittele valmiiksi tolppien kiinnitystapa, esim. betonivalu.<\/li>\n<li>Sen j\u00e4lkeen pyyd\u00e4 meilt\u00e4 tarjous!<\/li>\n<\/ul>\n<p><strong>Asennusohjeet:<\/strong><\/p>\n<ul>\n<li>Suosittelemme kiinnitt\u00e4m\u00e4\u00e4n aitatolpat maahan betonivalulla.<\/li>\n<li>Tolpat asennetaan 2,5 &#8211; 3 metrin v\u00e4lein.<\/li>\n<li>Suositeltu asennussyvyys on 50-70 cm, eli suositeltu tolpan korkeus on aidan korkeus + 50 cm.<\/li>\n<li>Tarvittava kiinnikkeiden m\u00e4\u00e4r\u00e4 riippuu verkon korkeudesta: 1,2 m verkkoon tarvitaan 5 kiinnikett\u00e4 per tolppa, 1,5 m verkkoon 6 per tolppa.<\/li>\n<\/ul>\n","protected":false},"excerpt":{"rendered":"<p>Verkkoaita STRONG (\u00d8 2,5 mm) RAL7016 harmaa, 25 m rullassa Hitsattu aitaverkko\u00a0 STRONG PVC-p\u00e4\u00e4llysteinen sopii&#8230;<\/p>\n","protected":false},"featured_media":3040,"template":"","meta":{"_acf_changed":false,"inline_featured_image":false},"product_brand":[],"product_cat":[187,328,193],"product_tag":[],"class_list":{"0":"post-5237","1":"product","2":"type-product","3":"status-publish","4":"has-post-thumbnail","6":"product_cat-aidat-ja-portit","7":"product_cat-verkkoaidat","8":"product_cat-verkkoaita","9":"product_shipping_class-pakk-kuni-30kg-fi","11":"first","12":"instock","13":"taxable","14":"shipping-taxable","15":"purchasable","16":"product-type-variable"},"acf":[],"_links":{"self":[{"href":"https:\/\/abpolar.ee\/fi\/wp-json\/wp\/v2\/product\/5237","targetHints":{"allow":["GET"]}}],"collection":[{"href":"https:\/\/abpolar.ee\/fi\/wp-json\/wp\/v2\/product"}],"about":[{"href":"https:\/\/abpolar.ee\/fi\/wp-json\/wp\/v2\/types\/product"}],"wp:featuredmedia":[{"embeddable":true,"href":"https:\/\/abpolar.ee\/fi\/wp-json\/wp\/v2\/media\/3040"}],"wp:attachment":[{"href":"https:\/\/abpolar.ee\/fi\/wp-json\/wp\/v2\/media?parent=5237"}],"wp:term":[{"taxonomy":"product_brand","embeddable":true,"href":"https:\/\/abpolar.ee\/fi\/wp-json\/wp\/v2\/product_brand?post=5237"},{"taxonomy":"product_cat","embeddable":true,"href":"https:\/\/abpolar.ee\/fi\/wp-json\/wp\/v2\/product_cat?post=5237"},{"taxonomy":"product_tag","embeddable":true,"href":"https:\/\/abpolar.ee\/fi\/wp-json\/wp\/v2\/product_tag?post=5237"}],"curies":[{"name":"wp","href":"https:\/\/api.w.org\/{rel}","templated":true}]}}