{"id":5252,"date":"2022-11-17T16:08:09","date_gmt":"2022-11-17T14:08:09","guid":{"rendered":"https:\/\/abpolar-ee.vserver.zonevs.eu\/?post_type=product&#038;p=5252"},"modified":"2025-08-29T12:43:13","modified_gmt":"2025-08-29T09:43:13","slug":"koira-aitauksen-elementti-ovella-200x184cm","status":"publish","type":"product","link":"https:\/\/abpolar.ee\/fi\/koira-aitauksen-elementti-ovella-200x184cm\/","title":{"rendered":"Koira-aitauksen elementti ovella 200x184cm"},"content":{"rendered":"<h2>Koiratarhan elementti ovella 200&#215;184 cm<\/h2>\n<p>Koiratarhan elementtien avulla kokoat j\u00e4m\u00e4k\u00e4n koiratarhan. Voit valita koiratarhan koon vapaasti elementtien m\u00e4\u00e4r\u00e4n mukaan.<\/p>\n<p>Koiratarhan elementti kest\u00e4\u00e4 hyvin erilaisia s\u00e4\u00e4olosuhteita eik\u00e4 se tarvitse usein huoltoa. Elementeist\u00e4 rakennettu koiratarha on my\u00f6s eritt\u00e4in helppohoitoinen: jos yksi elementti sattuisi rikkoutumaan, se on helppo vaihtaa uuteen.<\/p>\n<p>Elementeist\u00e4 kokoaminen on nopeaa ja helppoa. Tarvitset koiratarhan elementit lis\u00e4ksi my\u00f6s aitatolpat, kiinnikkeet sek\u00e4 portin.<\/p>\n<p>Suosittelemme kiinnitt\u00e4m\u00e4\u00e4n tolpat maahan betonivalulla aina, kun se vain on mahdollista. T\u00e4m\u00e4 varmistaa, ett\u00e4 aitaus pysyy pystyss\u00e4 silloinkin, jos koira hyppii aitaa vasten.<\/p>\n<p>Kun haluat koiratarhan, jonka kasaaminen on nopeaa ja helppoa, hanki koiratarhan elementti!<\/p>\n<h3>TUOTTEEN MITAT:<\/h3>\n<ul>\n<li>Korkeus : 184 cm<\/li>\n<li>Leveys : 200 cm<\/li>\n<li>Lukittavan oven leveys 65 cm<\/li>\n<li>Pystytankojen v\u00e4li: 8 cm<\/li>\n<\/ul>\n<p>Huomaathan, ett\u00e4 kiinnikkeet eiv\u00e4t sis\u00e4lly toimitukseen. Koiratarhan katto ja lattia eiv\u00e4t my\u00f6sk\u00e4\u00e4n kuulu toimitukseen, voit rakentaa ne itse toiveidesi ja tarhauksen koon mukaan.<\/p>\n","protected":false},"excerpt":{"rendered":"<p>Koiratarhan elementti ovella 200&#215;184 cm Koiratarhan elementtien avulla kokoat j\u00e4m\u00e4k\u00e4n koiratarhan. Voit valita koiratarhan koon&#8230;<\/p>\n","protected":false},"featured_media":3058,"template":"","meta":{"_acf_changed":false,"inline_featured_image":false},"product_brand":[],"product_cat":[238],"product_tag":[],"class_list":{"0":"post-5252","1":"product","2":"type-product","3":"status-publish","4":"has-post-thumbnail","6":"product_cat-koiratarhat","8":"first","9":"instock","10":"taxable","11":"shipping-taxable","12":"purchasable","13":"product-type-simple"},"acf":[],"_links":{"self":[{"href":"https:\/\/abpolar.ee\/fi\/wp-json\/wp\/v2\/product\/5252","targetHints":{"allow":["GET"]}}],"collection":[{"href":"https:\/\/abpolar.ee\/fi\/wp-json\/wp\/v2\/product"}],"about":[{"href":"https:\/\/abpolar.ee\/fi\/wp-json\/wp\/v2\/types\/product"}],"wp:featuredmedia":[{"embeddable":true,"href":"https:\/\/abpolar.ee\/fi\/wp-json\/wp\/v2\/media\/3058"}],"wp:attachment":[{"href":"https:\/\/abpolar.ee\/fi\/wp-json\/wp\/v2\/media?parent=5252"}],"wp:term":[{"taxonomy":"product_brand","embeddable":true,"href":"https:\/\/abpolar.ee\/fi\/wp-json\/wp\/v2\/product_brand?post=5252"},{"taxonomy":"product_cat","embeddable":true,"href":"https:\/\/abpolar.ee\/fi\/wp-json\/wp\/v2\/product_cat?post=5252"},{"taxonomy":"product_tag","embeddable":true,"href":"https:\/\/abpolar.ee\/fi\/wp-json\/wp\/v2\/product_tag?post=5252"}],"curies":[{"name":"wp","href":"https:\/\/api.w.org\/{rel}","templated":true}]}}