{"id":5253,"date":"2022-11-16T09:17:43","date_gmt":"2022-11-16T07:17:43","guid":{"rendered":"https:\/\/abpolar-ee.vserver.zonevs.eu\/?post_type=product&#038;p=5253"},"modified":"2025-09-16T14:16:58","modified_gmt":"2025-09-16T11:16:58","slug":"elainverkko-hitsattu-50m","status":"publish","type":"product","link":"https:\/\/abpolar.ee\/fi\/elainverkko-hitsattu-50m\/","title":{"rendered":"El\u00e4inverkko hitsattu 50m"},"content":{"rendered":"<h2>El\u00e4inverkko hitsattu 50 m<\/h2>\n<p>Hitsattu el\u00e4inverkko on valmistettu kuumasinkityst\u00e4 ter\u00e4slangasta. Verkon silm\u00e4koko on muuttuva: verkon silm\u00e4koko tihenee verkon alareunassa. El\u00e4inverkko sopii erinomaisesti esim. lammasten, koirien, lehmien sek\u00e4 muiden kotiel\u00e4inten aitauksiin.<\/p>\n<p>Verkkoa voidaan k\u00e4ytt\u00e4\u00e4 my\u00f6s kasvien ja puiden suojaamiseen tuhoel\u00e4imilt\u00e4. Kiinnit\u00e4 huomiota lumen kertymiseen: esimerkiksi j\u00e4nikset voivat kiivet\u00e4 lumen avulla sy\u00f6m\u00e4\u00e4n suojeltavaa kasvia, mik\u00e4li lunta ei luo suojattavan kasvin ymp\u00e4rilt\u00e4.<\/p>\n<p>Pieni silm\u00e4koko verkon alareunassa on turvallinen keskikokoisille ja suurille kotiel\u00e4imille, koska ne eiv\u00e4t voi j\u00e4\u00e4d\u00e4 kiinni verkkoon ja loukata itse\u00e4\u00e4n.<\/p>\n<p>Mik\u00e4li tarkoitus on rakentaa aitaus pienelle el\u00e4imelle, voi el\u00e4inverkkoa laittaa kaksi kerrosta aitauksen alaosaan tai valita viel\u00e4 pienemm\u00e4ll\u00e4 silm\u00e4koolla varustetun koiraverkon.<\/p>\n<p>Suosittelemme kiinnitt\u00e4m\u00e4\u00e4n aitatolpat betonivalulla. Jos aita tulee betonille tai jollekin muulle kovalle alustalle, tolpat voidaan kiinnitt\u00e4\u00e4 tukevasti maahan kiinni pultattavilla aitatolpanjaloilla.<\/p>\n<p>Kun on aika rakentaa aitaus tai suojata kasvit tuholaisilta, hanki hitsattu el\u00e4inverkko!<\/p>\n<ul>\n<li>Verkon korkeus: valittavissa 1 m, 1,5 m, 2 m<\/li>\n<li>Rullan pituus: 50 m<\/li>\n<li>Verkon langan halkaisija: ylin lanka 2,5 mm, muut langat 1,9 mm<\/li>\n<li>Verkon silm\u00e4n leveys: n. 150 mm, korkeus kasvaa alhaalta yl\u00f6sp\u00e4in<\/li>\n<\/ul>\n<h3>Ennen verkkoaidan asennusta:<\/h3>\n<ul>\n<li>Mittaa koko aitauksen pituus.<\/li>\n<li>Valitse sopiva verkon korkeus.<\/li>\n<li>Laske, kuinka paljon tarvitset tolppia ja kiinnikkeit\u00e4.<\/li>\n<li>Tolppia tarvitaan 2,5 &#8211; 3 metrin v\u00e4lein.<\/li>\n<li>Verkon korkeus vaikuttaa kiinnikkeiden m\u00e4\u00e4r\u00e4\u00e4n. 1,2 m verkkoon tarvitaan 5 kiinnikett\u00e4 per tolppa, 1,5 m verkkoon 6 kiinnikett\u00e4 per tolppa.<\/li>\n<li>Mieti, mihin kohtaan haluat asentaa portin (huomioi portin korkeus ja leveys suunnitelmassa).<\/li>\n<li>Tee mittakuva, johon on merkitty kunkin sivun pituus, porttien aukot ja koot sek\u00e4 kulmien lukum\u00e4\u00e4r\u00e4.<\/li>\n<\/ul>\n","protected":false},"excerpt":{"rendered":"<p>El\u00e4inverkko hitsattu 50 m Hitsattu el\u00e4inverkko on valmistettu kuumasinkityst\u00e4 ter\u00e4slangasta. Verkon silm\u00e4koko on muuttuva: verkon&#8230;<\/p>\n","protected":false},"featured_media":4291,"template":"","meta":{"_acf_changed":false,"inline_featured_image":false},"product_brand":[],"product_cat":[187,328,195],"product_tag":[],"class_list":{"0":"post-5253","1":"product","2":"type-product","3":"status-publish","4":"has-post-thumbnail","6":"product_cat-aidat-ja-portit","7":"product_cat-verkkoaidat","8":"product_cat-elainverkot","9":"product_shipping_class-pakk-kuni-30kg-fi","11":"first","12":"instock","13":"taxable","14":"shipping-taxable","15":"purchasable","16":"product-type-variable"},"acf":[],"_links":{"self":[{"href":"https:\/\/abpolar.ee\/fi\/wp-json\/wp\/v2\/product\/5253","targetHints":{"allow":["GET"]}}],"collection":[{"href":"https:\/\/abpolar.ee\/fi\/wp-json\/wp\/v2\/product"}],"about":[{"href":"https:\/\/abpolar.ee\/fi\/wp-json\/wp\/v2\/types\/product"}],"wp:featuredmedia":[{"embeddable":true,"href":"https:\/\/abpolar.ee\/fi\/wp-json\/wp\/v2\/media\/4291"}],"wp:attachment":[{"href":"https:\/\/abpolar.ee\/fi\/wp-json\/wp\/v2\/media?parent=5253"}],"wp:term":[{"taxonomy":"product_brand","embeddable":true,"href":"https:\/\/abpolar.ee\/fi\/wp-json\/wp\/v2\/product_brand?post=5253"},{"taxonomy":"product_cat","embeddable":true,"href":"https:\/\/abpolar.ee\/fi\/wp-json\/wp\/v2\/product_cat?post=5253"},{"taxonomy":"product_tag","embeddable":true,"href":"https:\/\/abpolar.ee\/fi\/wp-json\/wp\/v2\/product_tag?post=5253"}],"curies":[{"name":"wp","href":"https:\/\/api.w.org\/{rel}","templated":true}]}}