{"id":5257,"date":"2022-11-16T09:17:44","date_gmt":"2022-11-16T07:17:44","guid":{"rendered":"https:\/\/abpolar-ee.vserver.zonevs.eu\/?post_type=product&#038;p=5257"},"modified":"2025-09-19T17:15:08","modified_gmt":"2025-09-19T14:15:08","slug":"elainverkko-strong-punottu-50m","status":"publish","type":"product","link":"https:\/\/abpolar.ee\/fi\/elainverkko-strong-punottu-50m\/","title":{"rendered":"El\u00e4inverkko STRONG punottu 50m"},"content":{"rendered":"<h2>El\u00e4inverkko STRONG punottu 50 m<\/h2>\n<p>Punottu el\u00e4inverkko on valmistettu kuumasinkityst\u00e4 ter\u00e4slangasta. Verkossa on muuttuva silm\u00e4n korkeus: silm\u00e4koko pienenee verkon alareunaa kohti. El\u00e4inverkko on valmistettu punomalla, eik\u00e4 hitsauskohtien haaroittumista tarvitse pel\u00e4t\u00e4.<\/p>\n<p>El\u00e4inverkko sopii erinomaisesti esim. lammasten, suurten koirien, lehmien sek\u00e4 muiden suurten kotiel\u00e4inten aitauksien rakentamiseen.<\/p>\n<p>Verkkoa voidaan k\u00e4ytt\u00e4\u00e4 my\u00f6s kasvien tai puiden suojaamiseen tuhoel\u00e4imilt\u00e4. Kiinnit\u00e4 huomiota lumen kertymiseen: esimerkiksi j\u00e4nikset voivat kiivet\u00e4 lumen avulla sy\u00f6m\u00e4\u00e4n suojeltavaa kasvia, mik\u00e4li lunta ei luo suojattavan kasvin ymp\u00e4rilt\u00e4.<\/p>\n<p>Suosittelemme kiinnitt\u00e4m\u00e4\u00e4n aitatolpat betonivalulla.<\/p>\n<p>Jos aita tulee betonille tai jollekin muulle kovalle alustalle, tolpat voidaan kiinnitt\u00e4\u00e4 tukevasti maahan kiinni pultattavilla aitatolpanjaloilla.<\/p>\n<h3>Kun on aika rakentaa el\u00e4inaitaus tai suojata kasvit tuholaisilta, hanki punottu el\u00e4inverkko!<\/h3>\n<ul>\n<li>Verkon korkeus: 2 m<\/li>\n<li>Rullan pituus: 50 m<\/li>\n<li>Verkon langan halkaisija: ylin lanka 2,5 mm, muut langat 1,9 mm<\/li>\n<li>Verkon silm\u00e4n leveys: n. 150 mm<\/li>\n<\/ul>\n<h3>Verkon silm\u00e4n korkeus kasvaa alhaalta yl\u00f6sp\u00e4in:<\/h3>\n<ul>\n<li>16&#215;50 mm<\/li>\n<li>3&#215;100 mm<\/li>\n<li>2&#215;150 mm<\/li>\n<li>3&#215;200 mm<\/li>\n<\/ul>\n<h3>Ennen verkkoaidan asennusta:<\/h3>\n<ul>\n<li>Mittaa koko aitauksen pituus.<\/li>\n<li>Valitse sopiva verkon korkeus.<\/li>\n<li>Laske, kuinka paljon tarvitset tolppia ja kiinnikkeit\u00e4.<\/li>\n<li>Tolppia tarvitaan 2,5 &#8211; 3 metrin v\u00e4lein.<\/li>\n<li>Verkon korkeus vaikuttaa kiinnikkeiden m\u00e4\u00e4r\u00e4\u00e4n. 1,2 m verkkoon tarvitaan 5 kiinnikett\u00e4 per tolppa, 1,5 m verkkoon 6 kiinnikett\u00e4 per tolppa.<\/li>\n<li>Mieti, mihin kohtaan haluat asentaa portin (huomioi portin korkeus ja leveys suunnitelmassa).<\/li>\n<li>Tee mittakuva, johon on merkitty kunkin sivun pituus, porttien aukot ja koot sek\u00e4 kulmien lukum\u00e4\u00e4r\u00e4.<\/li>\n<\/ul>\n","protected":false},"excerpt":{"rendered":"<p>El\u00e4inverkko STRONG punottu 50 m Punottu el\u00e4inverkko on valmistettu kuumasinkityst\u00e4 ter\u00e4slangasta. Verkossa on muuttuva silm\u00e4n&#8230;<\/p>\n","protected":false},"featured_media":4317,"template":"","meta":{"_acf_changed":false,"inline_featured_image":false},"product_brand":[],"product_cat":[187,328,195],"product_tag":[],"class_list":{"0":"post-5257","1":"product","2":"type-product","3":"status-publish","4":"has-post-thumbnail","6":"product_cat-aidat-ja-portit","7":"product_cat-verkkoaidat","8":"product_cat-elainverkot","10":"first","11":"instock","12":"taxable","13":"shipping-taxable","14":"purchasable","15":"product-type-simple"},"acf":[],"_links":{"self":[{"href":"https:\/\/abpolar.ee\/fi\/wp-json\/wp\/v2\/product\/5257","targetHints":{"allow":["GET"]}}],"collection":[{"href":"https:\/\/abpolar.ee\/fi\/wp-json\/wp\/v2\/product"}],"about":[{"href":"https:\/\/abpolar.ee\/fi\/wp-json\/wp\/v2\/types\/product"}],"wp:featuredmedia":[{"embeddable":true,"href":"https:\/\/abpolar.ee\/fi\/wp-json\/wp\/v2\/media\/4317"}],"wp:attachment":[{"href":"https:\/\/abpolar.ee\/fi\/wp-json\/wp\/v2\/media?parent=5257"}],"wp:term":[{"taxonomy":"product_brand","embeddable":true,"href":"https:\/\/abpolar.ee\/fi\/wp-json\/wp\/v2\/product_brand?post=5257"},{"taxonomy":"product_cat","embeddable":true,"href":"https:\/\/abpolar.ee\/fi\/wp-json\/wp\/v2\/product_cat?post=5257"},{"taxonomy":"product_tag","embeddable":true,"href":"https:\/\/abpolar.ee\/fi\/wp-json\/wp\/v2\/product_tag?post=5257"}],"curies":[{"name":"wp","href":"https:\/\/api.w.org\/{rel}","templated":true}]}}