{"id":5258,"date":"2022-11-16T09:17:44","date_gmt":"2022-11-16T07:17:44","guid":{"rendered":"https:\/\/abpolar-ee.vserver.zonevs.eu\/?post_type=product&#038;p=5258"},"modified":"2025-08-25T13:37:12","modified_gmt":"2025-08-25T10:37:12","slug":"elainverkko-koiraverkko-hitsattu-25m","status":"publish","type":"product","link":"https:\/\/abpolar.ee\/fi\/elainverkko-koiraverkko-hitsattu-25m\/","title":{"rendered":"El\u00e4inverkko\/koiraverkko hitsattu 25m"},"content":{"rendered":"<h2>El\u00e4inverkko \/ koiraverkko hitsattu 25 m<\/h2>\n<p>Hitsattu koiraverkko on valmistettu kuumasinkityst\u00e4 ter\u00e4slangasta.<\/p>\n<p>Verkko sopii erityisesti koirien tai muiden pienempien el\u00e4inten aitauksiin, koska verkon silm\u00e4koko on pieni verkon alaosassa.<\/p>\n<p>Verkkoa voidaan k\u00e4ytt\u00e4\u00e4 my\u00f6s kasvien tai puiden suojaamiseen tuhoel\u00e4imilt\u00e4. Kiinnit\u00e4 huomiota lumen kertymiseen: esimerkiksi j\u00e4nikset voivat kiivet\u00e4 lumen avulla sy\u00f6m\u00e4\u00e4n suojeltavaa kasvia, mik\u00e4li lunta ei luo suojattavan kasvin ymp\u00e4rilt\u00e4.<\/p>\n<p>Suosittelemme kiinnitt\u00e4m\u00e4\u00e4n aitatolpat betonivalulla. Jos aita tulee betonille tai jollekin muulle kovalle alustalle, tolpat voidaan kiinnitt\u00e4\u00e4 tukevasti maahan kiinni pultattavilla aitatolpanjaloilla.<\/p>\n<p><strong>Kun on aika rakentaa koira-aitaus tai suojata kasvit tuholaisilta, hanki hitsattu koiraverkko!<\/strong><\/p>\n<ul>\n<li>Verkon korkeus: valittavissa 1,5 m ja 1,95 m<\/li>\n<li>Rullan pituus: 25 m<\/li>\n<li>Verkon langan halkaisija: ylin lanka 2,4 mm, muut langat 1,9 mm<\/li>\n<li>Verkon silm\u00e4n leveys: n. 75 mm<\/li>\n<\/ul>\n<p><strong>Verkon silm\u00e4n korkeus alhaalta yl\u00f6sp\u00e4in:<\/strong><\/p>\n<ul>\n<li>1,5 m verkko: 10\u00d775 + 5\u00d7150 mm<\/li>\n<li>1,95 m verkko: 10\u00d775 + 7\u00d7150 + 2\u00d775 mm<\/li>\n<\/ul>\n<p><strong>Ennen verkkoaidan asennusta:<\/strong><\/p>\n<ul>\n<li>Mittaa koko aitauksen pituus.<\/li>\n<li>Valitse sopiva verkon korkeus.<\/li>\n<li>Laske, kuinka paljon tarvitset tolppia ja kiinnikkeit\u00e4.<\/li>\n<li>Mieti, mihin kohtaan haluat asentaa portin (huomioi portin korkeus ja leveys suunnitelmassa).<\/li>\n<li>Tee mittakuva, johon on merkitty kunkin sivun pituus, porttien aukot ja koot sek\u00e4 kulmien lukum\u00e4\u00e4r\u00e4.<\/li>\n<\/ul>\n","protected":false},"excerpt":{"rendered":"<p>El\u00e4inverkko \/ koiraverkko hitsattu 25 m Hitsattu koiraverkko on valmistettu kuumasinkityst\u00e4 ter\u00e4slangasta. Verkko sopii erityisesti&#8230;<\/p>\n","protected":false},"featured_media":3144,"template":"","meta":{"_acf_changed":false,"inline_featured_image":false},"product_brand":[],"product_cat":[187,328,195,196],"product_tag":[],"class_list":{"0":"post-5258","1":"product","2":"type-product","3":"status-publish","4":"has-post-thumbnail","6":"product_cat-aidat-ja-portit","7":"product_cat-verkkoaidat","8":"product_cat-elainverkot","9":"product_cat-koiraverkot","10":"product_shipping_class-pakk-kuni-30kg-fi","12":"first","13":"instock","14":"taxable","15":"shipping-taxable","16":"purchasable","17":"product-type-variable"},"acf":[],"_links":{"self":[{"href":"https:\/\/abpolar.ee\/fi\/wp-json\/wp\/v2\/product\/5258","targetHints":{"allow":["GET"]}}],"collection":[{"href":"https:\/\/abpolar.ee\/fi\/wp-json\/wp\/v2\/product"}],"about":[{"href":"https:\/\/abpolar.ee\/fi\/wp-json\/wp\/v2\/types\/product"}],"wp:featuredmedia":[{"embeddable":true,"href":"https:\/\/abpolar.ee\/fi\/wp-json\/wp\/v2\/media\/3144"}],"wp:attachment":[{"href":"https:\/\/abpolar.ee\/fi\/wp-json\/wp\/v2\/media?parent=5258"}],"wp:term":[{"taxonomy":"product_brand","embeddable":true,"href":"https:\/\/abpolar.ee\/fi\/wp-json\/wp\/v2\/product_brand?post=5258"},{"taxonomy":"product_cat","embeddable":true,"href":"https:\/\/abpolar.ee\/fi\/wp-json\/wp\/v2\/product_cat?post=5258"},{"taxonomy":"product_tag","embeddable":true,"href":"https:\/\/abpolar.ee\/fi\/wp-json\/wp\/v2\/product_tag?post=5258"}],"curies":[{"name":"wp","href":"https:\/\/api.w.org\/{rel}","templated":true}]}}