{"id":5274,"date":"2022-11-16T09:17:36","date_gmt":"2022-11-16T07:17:36","guid":{"rendered":"https:\/\/abpolar-ee.vserver.zonevs.eu\/?post_type=product&#038;p=5274"},"modified":"2025-09-04T13:50:30","modified_gmt":"2025-09-04T10:50:30","slug":"panssariaitaverkko-zn-125m-rullassa","status":"publish","type":"product","link":"https:\/\/abpolar.ee\/fi\/panssariaitaverkko-zn-125m-rullassa\/","title":{"rendered":"Panssariaitaverkko Zn, 12,5m rullassa"},"content":{"rendered":"<h2>Panssariaitaverkko Zn, 12,5 m rullassa<\/h2>\n<p>Panssariaitaverkko on valmistettu kuumasinkityst\u00e4 ter\u00e4slangasta. Aitaverkko sopii hyvin pihojen, puutarhojen ja teollisuusalueiden rajaamiseen ja suojaamiseen. Suosittelemme k\u00e4ytt\u00e4m\u00e4\u00e4n asennuksessa apuna kiristyslankaa, jotta lopputuloksesta saadaan mahdollisimman j\u00e4m\u00e4kk\u00e4 ja tukeva.<\/p>\n<p>Panssariaitaverkon lis\u00e4ksi aitaa varten tarvitaan my\u00f6s <a href=\"https:\/\/abpolar.ee\/fi\/aitatolpat\/\">aitatolpat<\/a>, <a href=\"https:\/\/abpolar.ee\/fi\/aitojen-porttien-tarvikkeet\/\">kiinnikkeet<\/a> ja <a href=\"https:\/\/abpolar.ee\/fi\/kayntiportit\/\">k\u00e4yntiportti<\/a> ja \/ tai <a href=\"https:\/\/abpolar.ee\/fi\/ajoportit\/\">ajoportti<\/a>. Porttia varten on saatavilla my\u00f6s automatiikkaa, joka helpottaa el\u00e4m\u00e4\u00e4. <a href=\"https:\/\/abpolar.ee\/fi\/porttiautomatiikka\/\">Porttiautomatiikka<\/a> avaa portin kaukos\u00e4\u00e4timen avulla, eik\u00e4 autosta tarvitse nousta.<\/p>\n<p><strong>Kun haluat turvallisen ja rajatun alueen, on valintasi panssariaitaverkko!<\/strong><\/p>\n<ul>\n<li>Verkon korkeus valittavissa: 1 m, 1,25 m, 1,5 m, 1,75 m tai 2 m<\/li>\n<li>Rullan pituus: 12,5 m<\/li>\n<li>Verkon silm\u00e4koko: 50 x 50 mm<\/li>\n<li>Metallilangan paksuus: 1,9 mm<\/li>\n<\/ul>\n<p><strong>Verkkoaidan asennuksen esivalmistelut:<\/strong><\/p>\n<ul>\n<li>Selvit\u00e4 mahdollisen luvan tarve rakennusvalvonnasta.<\/li>\n<li>Sovi aidasta kirjallisesti naapureiden kanssa, mik\u00e4li aita tulee tontin rajalle.<\/li>\n<li>Valitse sopiva aidan korkeus.<\/li>\n<li>Mittaa aidan kokonaispituus.<\/li>\n<li>Laske tarvittavien tolppien ja kiinnikkeiden m\u00e4\u00e4r\u00e4.<\/li>\n<li>Mieti porttien lukum\u00e4\u00e4r\u00e4 ja leveys &amp; mieti niiden sijainti.<\/li>\n<li>Laadi luonnos, johon merkitset aidan eri osien pituudet, portit ja nurkkien lukum\u00e4\u00e4r\u00e4n.<\/li>\n<li>Mieti, kuinka kiinnit\u00e4t tolpat maahan. Suosittelemme betonivalua.<\/li>\n<\/ul>\n<p>Pyyd\u00e4 tarjous!<\/p>\n<p><strong>Verkkoaidan asentaminen:<\/strong><\/p>\n<ul>\n<li>Tolpat asennetaan 2,5 &#8211; 3 metrin v\u00e4lein<\/li>\n<li>Verkko kiinnitet\u00e4\u00e4n tolppaan verkkoaidan kiinnikkeell\u00e4 (py\u00f6re\u00e4lle tolpalle) tai clipsill\u00e4<\/li>\n<li>Tarvittava kiinnikkeiden m\u00e4\u00e4r\u00e4: riippuu verkon korkeudesta, 1,2 m verkolle 5 kiinnikett\u00e4 per tolppa, 1,5 m verkolle 6 kiinnikett\u00e4 per tolppa<\/li>\n<\/ul>\n","protected":false},"excerpt":{"rendered":"<p>Panssariaitaverkko Zn, 12,5 m rullassa Panssariaitaverkko on valmistettu kuumasinkityst\u00e4 ter\u00e4slangasta. Aitaverkko sopii hyvin pihojen, puutarhojen&#8230;<\/p>\n","protected":false},"featured_media":2634,"template":"","meta":{"_acf_changed":false,"inline_featured_image":false},"product_brand":[],"product_cat":[187,328,194],"product_tag":[],"class_list":{"0":"post-5274","1":"product","2":"type-product","3":"status-publish","4":"has-post-thumbnail","6":"product_cat-aidat-ja-portit","7":"product_cat-verkkoaidat","8":"product_cat-panssariaitaverkot","9":"product_shipping_class-pakk-kuni-30kg-fi","11":"first","12":"instock","13":"taxable","14":"shipping-taxable","15":"purchasable","16":"product-type-variable"},"acf":[],"_links":{"self":[{"href":"https:\/\/abpolar.ee\/fi\/wp-json\/wp\/v2\/product\/5274","targetHints":{"allow":["GET"]}}],"collection":[{"href":"https:\/\/abpolar.ee\/fi\/wp-json\/wp\/v2\/product"}],"about":[{"href":"https:\/\/abpolar.ee\/fi\/wp-json\/wp\/v2\/types\/product"}],"wp:featuredmedia":[{"embeddable":true,"href":"https:\/\/abpolar.ee\/fi\/wp-json\/wp\/v2\/media\/2634"}],"wp:attachment":[{"href":"https:\/\/abpolar.ee\/fi\/wp-json\/wp\/v2\/media?parent=5274"}],"wp:term":[{"taxonomy":"product_brand","embeddable":true,"href":"https:\/\/abpolar.ee\/fi\/wp-json\/wp\/v2\/product_brand?post=5274"},{"taxonomy":"product_cat","embeddable":true,"href":"https:\/\/abpolar.ee\/fi\/wp-json\/wp\/v2\/product_cat?post=5274"},{"taxonomy":"product_tag","embeddable":true,"href":"https:\/\/abpolar.ee\/fi\/wp-json\/wp\/v2\/product_tag?post=5274"}],"curies":[{"name":"wp","href":"https:\/\/api.w.org\/{rel}","templated":true}]}}