{"id":5281,"date":"2022-11-17T16:08:09","date_gmt":"2022-11-17T14:08:09","guid":{"rendered":"https:\/\/abpolar-ee.vserver.zonevs.eu\/?post_type=product&#038;p=5281"},"modified":"2025-08-29T12:45:54","modified_gmt":"2025-08-29T09:45:54","slug":"koira-aitauksen-kattokiinnike","status":"publish","type":"product","link":"https:\/\/abpolar.ee\/fi\/koira-aitauksen-kattokiinnike\/","title":{"rendered":"Koira-aitauksen kattokiinnike"},"content":{"rendered":"<h2>Koiratarhan kattokiinnike<\/h2>\n<p>Haluatko rakentaa koiratarhan, jossa on katto? Koiratarhan kattokiinnike soveltuu katon asentamiseen koiratarhan elementteihin kiinni. Koiran ei tarvitse en\u00e4\u00e4 v\u00e4rj\u00f6tell\u00e4 sateessa eik\u00e4 erillist\u00e4 koirankoppia tarvita tarhaan, mik\u00e4li rakennat katon tarhauksen p\u00e4\u00e4lle.<\/p>\n<p>Kun haluat katon koiratarhaan, hanki kiinnitykseen koiratarhan kattokiinnike!<\/p>\n","protected":false},"excerpt":{"rendered":"<p>Koiratarhan kattokiinnike Haluatko rakentaa koiratarhan, jossa on katto? Koiratarhan kattokiinnike soveltuu katon asentamiseen koiratarhan elementteihin&#8230;<\/p>\n","protected":false},"featured_media":3062,"template":"","meta":{"_acf_changed":false,"inline_featured_image":false},"product_brand":[],"product_cat":[238],"product_tag":[],"class_list":{"0":"post-5281","1":"product","2":"type-product","3":"status-publish","4":"has-post-thumbnail","6":"product_cat-koiratarhat","7":"product_shipping_class-vaike-pakk-fi","9":"first","10":"instock","11":"taxable","12":"shipping-taxable","13":"purchasable","14":"product-type-simple"},"acf":[],"_links":{"self":[{"href":"https:\/\/abpolar.ee\/fi\/wp-json\/wp\/v2\/product\/5281","targetHints":{"allow":["GET"]}}],"collection":[{"href":"https:\/\/abpolar.ee\/fi\/wp-json\/wp\/v2\/product"}],"about":[{"href":"https:\/\/abpolar.ee\/fi\/wp-json\/wp\/v2\/types\/product"}],"wp:featuredmedia":[{"embeddable":true,"href":"https:\/\/abpolar.ee\/fi\/wp-json\/wp\/v2\/media\/3062"}],"wp:attachment":[{"href":"https:\/\/abpolar.ee\/fi\/wp-json\/wp\/v2\/media?parent=5281"}],"wp:term":[{"taxonomy":"product_brand","embeddable":true,"href":"https:\/\/abpolar.ee\/fi\/wp-json\/wp\/v2\/product_brand?post=5281"},{"taxonomy":"product_cat","embeddable":true,"href":"https:\/\/abpolar.ee\/fi\/wp-json\/wp\/v2\/product_cat?post=5281"},{"taxonomy":"product_tag","embeddable":true,"href":"https:\/\/abpolar.ee\/fi\/wp-json\/wp\/v2\/product_tag?post=5281"}],"curies":[{"name":"wp","href":"https:\/\/api.w.org\/{rel}","templated":true}]}}