{"id":5305,"date":"2022-11-17T16:08:10","date_gmt":"2022-11-17T14:08:10","guid":{"rendered":"https:\/\/abpolar-ee.vserver.zonevs.eu\/?post_type=product&#038;p=5305"},"modified":"2023-02-28T15:45:05","modified_gmt":"2023-02-28T13:45:05","slug":"koirankoppi-eteisella-ja-ikkunalla","status":"publish","type":"product","link":"https:\/\/abpolar.ee\/fi\/koirankoppi-eteisella-ja-ikkunalla\/","title":{"rendered":"Koirankoppi eteisell\u00e4 ja ikkunalla"},"content":{"rendered":"<h2>Koirankoppi eteisell\u00e4 ja ikkunalla<\/h2>\n<p>Koirankoppi eteisell\u00e4, ikkunalla ja kallistetulla vesikatolla.<br \/>\nKoirankoppi on valmistettu laadukkaasta sahatusta puutavarasta.<br \/>\nMitat: edess\u00e4 ilman vesikattoa 142x90x80 cm, takana ilman vesikattoa 142x90x70 cm, oviaukko 30&#215;40 cm, ikkuna 30&#215;29 cm.<br \/>\nVesikaton mitat: 160x116x3 cm.<br \/>\nKoirankoppi toimitetaan osina.<br \/>\nOviaukkoon on kiinnitetty s\u00e4\u00e4nkest\u00e4v\u00e4 lamelliverho, ikkuna on s\u00e4rkym\u00e4tt\u00f6m\u00e4st\u00e4 pleksilasista.<br \/>\nSein\u00e4t ja katto ovat l\u00e4mp\u00f6eristettyj\u00e4 1 cm vaahtopolystyreenill\u00e4.<\/p>\n<h4>TUOTTEEN MITAT:<\/h4>\n<ul>\n<li>Harjakorkeus (cm): 800<\/li>\n<li>Leveys (cm): 142<\/li>\n<li>Syvyys (cm): 90<\/li>\n<li>Pinta-ala (m\u00b2): 1,3<\/li>\n<\/ul>\n<h4>TUOTTEEN OMINAISUUDET:<\/h4>\n<ul>\n<li>Materiaali: Akryyli, Puu<\/li>\n<li>Pintak\u00e4sittely: Puuvalmis<\/li>\n<li>Kattomalli: Pulpettikatto<\/li>\n<li>Sis\u00e4lt\u00e4\u00e4 lattian: Kyll\u00e4<\/li>\n<li>Ikkunoiden lukum\u00e4\u00e4r\u00e4: 1 kpl<\/li>\n<li>Ovien lukum\u00e4\u00e4r\u00e4: 1 kpl<\/li>\n<li>L\u00e4mp\u00f6eristetty<\/li>\n<li>Kallistettu vesikatto<\/li>\n<\/ul>\n","protected":false},"excerpt":{"rendered":"<p>Koirankoppi eteisell\u00e4 ja ikkunalla Koirankoppi eteisell\u00e4, ikkunalla ja kallistetulla vesikatolla. Koirankoppi on valmistettu laadukkaasta sahatusta&#8230;<\/p>\n","protected":false},"featured_media":3083,"template":"","meta":{"_acf_changed":false,"inline_featured_image":false},"product_brand":[],"product_cat":[239],"product_tag":[],"class_list":{"0":"post-5305","1":"product","2":"type-product","3":"status-publish","4":"has-post-thumbnail","6":"product_cat-koirankopit","8":"first","9":"instock","10":"sale","11":"taxable","12":"shipping-taxable","13":"purchasable","14":"product-type-simple"},"acf":[],"_links":{"self":[{"href":"https:\/\/abpolar.ee\/fi\/wp-json\/wp\/v2\/product\/5305","targetHints":{"allow":["GET"]}}],"collection":[{"href":"https:\/\/abpolar.ee\/fi\/wp-json\/wp\/v2\/product"}],"about":[{"href":"https:\/\/abpolar.ee\/fi\/wp-json\/wp\/v2\/types\/product"}],"wp:featuredmedia":[{"embeddable":true,"href":"https:\/\/abpolar.ee\/fi\/wp-json\/wp\/v2\/media\/3083"}],"wp:attachment":[{"href":"https:\/\/abpolar.ee\/fi\/wp-json\/wp\/v2\/media?parent=5305"}],"wp:term":[{"taxonomy":"product_brand","embeddable":true,"href":"https:\/\/abpolar.ee\/fi\/wp-json\/wp\/v2\/product_brand?post=5305"},{"taxonomy":"product_cat","embeddable":true,"href":"https:\/\/abpolar.ee\/fi\/wp-json\/wp\/v2\/product_cat?post=5305"},{"taxonomy":"product_tag","embeddable":true,"href":"https:\/\/abpolar.ee\/fi\/wp-json\/wp\/v2\/product_tag?post=5305"}],"curies":[{"name":"wp","href":"https:\/\/api.w.org\/{rel}","templated":true}]}}