{"id":5307,"date":"2022-11-17T16:09:32","date_gmt":"2022-11-17T14:09:32","guid":{"rendered":"https:\/\/abpolar-ee.vserver.zonevs.eu\/?post_type=product&#038;p=5307"},"modified":"2025-07-18T20:45:37","modified_gmt":"2025-07-18T17:45:37","slug":"kanakoppi","status":"publish","type":"product","link":"https:\/\/abpolar.ee\/fi\/kanakoppi\/","title":{"rendered":"Kanakoppi"},"content":{"rendered":"<h2>Kanakoppi 230x90x115cm<\/h2>\n<p>Kanakoppi verkoitetulla ulkoilutarhalla, kulkurampilla, kolmella pes\u00e4ll\u00e4 ja orrella.<br \/>\nKopissa on avattava katto, kolme ovea sek\u00e4 s\u00e4\u00e4nkest\u00e4v\u00e4 ja vedenpit\u00e4v\u00e4 kattomateriaali.<br \/>\nKopin alla sijatseva ulosvedett\u00e4v\u00e4 levy helpottaa pohjan puhdistusta.<\/p>\n<h4>TUOTTEEN MITAT:<\/h4>\n<ul>\n<li>Harjakorkeus : 115 cm<\/li>\n<li>Leveys : 115 cm<\/li>\n<li>Syvyys : 90 cm<\/li>\n<\/ul>\n<h4>TUOTTEEN OMINAISUUDET:<\/h4>\n<ul>\n<li>V\u00e4ri: Keltainen<\/li>\n<li>Materiaali: Puu<\/li>\n<li>Pintak\u00e4sittely: Petsattu<\/li>\n<li>Kattomalli: Harjakatto<\/li>\n<li>Sis\u00e4lt\u00e4\u00e4 vesikatemateriaalin: Kyll\u00e4<\/li>\n<li>Ikkunoiden lukum\u00e4\u00e4r\u00e4: 1 kpl<\/li>\n<\/ul>\n","protected":false},"excerpt":{"rendered":"<p>Kanakoppi 230x90x115cm Kanakoppi verkoitetulla ulkoilutarhalla, kulkurampilla, kolmella pes\u00e4ll\u00e4 ja orrella. Kopissa on avattava katto, kolme&#8230;<\/p>\n","protected":false},"featured_media":6881,"template":"","meta":{"_acf_changed":false,"inline_featured_image":false},"product_brand":[],"product_cat":[240],"product_tag":[],"class_list":{"0":"post-5307","1":"product","2":"type-product","3":"status-publish","4":"has-post-thumbnail","6":"product_cat-kanakopit","8":"first","9":"instock","10":"taxable","11":"shipping-taxable","12":"purchasable","13":"product-type-simple"},"acf":[],"_links":{"self":[{"href":"https:\/\/abpolar.ee\/fi\/wp-json\/wp\/v2\/product\/5307","targetHints":{"allow":["GET"]}}],"collection":[{"href":"https:\/\/abpolar.ee\/fi\/wp-json\/wp\/v2\/product"}],"about":[{"href":"https:\/\/abpolar.ee\/fi\/wp-json\/wp\/v2\/types\/product"}],"wp:featuredmedia":[{"embeddable":true,"href":"https:\/\/abpolar.ee\/fi\/wp-json\/wp\/v2\/media\/6881"}],"wp:attachment":[{"href":"https:\/\/abpolar.ee\/fi\/wp-json\/wp\/v2\/media?parent=5307"}],"wp:term":[{"taxonomy":"product_brand","embeddable":true,"href":"https:\/\/abpolar.ee\/fi\/wp-json\/wp\/v2\/product_brand?post=5307"},{"taxonomy":"product_cat","embeddable":true,"href":"https:\/\/abpolar.ee\/fi\/wp-json\/wp\/v2\/product_cat?post=5307"},{"taxonomy":"product_tag","embeddable":true,"href":"https:\/\/abpolar.ee\/fi\/wp-json\/wp\/v2\/product_tag?post=5307"}],"curies":[{"name":"wp","href":"https:\/\/api.w.org\/{rel}","templated":true}]}}