{"id":5314,"date":"2022-11-17T16:09:45","date_gmt":"2022-11-17T14:09:45","guid":{"rendered":"https:\/\/abpolar-ee.vserver.zonevs.eu\/?post_type=product&#038;p=5314"},"modified":"2023-12-29T13:58:24","modified_gmt":"2023-12-29T11:58:24","slug":"postilaatikko-lasilla","status":"publish","type":"product","link":"https:\/\/abpolar.ee\/fi\/postilaatikko-lasilla\/","title":{"rendered":"Postilaatikko lasilla"},"content":{"rendered":"<h2>Postilaatikko lasilla <span class=\"base\" data-ui-id=\"page-title-wrapper\">400x390x110mm<\/span><\/h2>\n<p><a href=\"https:\/\/abpolar.ee\/fi\/postilaatikot\/\" target=\"_blank\" rel=\"noopener\">Postilaatiko lasilla<\/a> on ruostumattomasta ter\u00e4ksest\u00e4 valmistettu pohjoisen s\u00e4\u00e4oloihin sopiva postilaatikko.<br \/>\nN\u00e4ytt\u00e4v\u00e4 Postilaatiko on lukittava ja toimitukseen kuuluu kaksi avainta.<br \/>\nLaatikon takana on valmiit kiinnitysrei\u00e4t.<\/p>\n<h4>TUOTTEEN MITAT:<\/h4>\n<ul>\n<li>Korkeus (cm): 40<\/li>\n<li>Leveys (cm): 39<\/li>\n<li>Syvyys (cm): 11<\/li>\n<\/ul>\n<h4>TUOTTEEN OMINAISUUDET:<\/h4>\n<ul>\n<li>V\u00e4ri: Valkoinen<\/li>\n<li>Materiaali: Metalli<\/li>\n<li>Materiaalin tarkenne: Kiillotettu ter\u00e4s, 0,5mm ja karkaistu lasi<\/li>\n<li>Postilaatikon tyyppi: Tavallinen kirjepostilaatikko<\/li>\n<li>Sis\u00e4lt\u00e4\u00e4 lukon: Kyll\u00e4<\/li>\n<li>Sis\u00e4lt\u00e4\u00e4 nimikyltin: Ei<\/li>\n<li>Takana kiinnitysrei\u00e4t<\/li>\n<\/ul>\n","protected":false},"excerpt":{"rendered":"<p>Postilaatikko lasilla 400x390x110mm Postilaatiko lasilla on ruostumattomasta ter\u00e4ksest\u00e4 valmistettu pohjoisen s\u00e4\u00e4oloihin sopiva postilaatikko. N\u00e4ytt\u00e4v\u00e4 Postilaatiko&#8230;<\/p>\n","protected":false},"featured_media":3125,"template":"","meta":{"_acf_changed":false,"inline_featured_image":false},"product_brand":[],"product_cat":[221,236],"product_tag":[],"class_list":{"0":"post-5314","1":"product","2":"type-product","3":"status-publish","4":"has-post-thumbnail","6":"product_cat-koti-ja-sisustaminen","7":"product_cat-postilaatikot","8":"product_shipping_class-vaike-pakk-fi","10":"first","11":"instock","12":"taxable","13":"shipping-taxable","14":"purchasable","15":"product-type-simple"},"acf":[],"_links":{"self":[{"href":"https:\/\/abpolar.ee\/fi\/wp-json\/wp\/v2\/product\/5314","targetHints":{"allow":["GET"]}}],"collection":[{"href":"https:\/\/abpolar.ee\/fi\/wp-json\/wp\/v2\/product"}],"about":[{"href":"https:\/\/abpolar.ee\/fi\/wp-json\/wp\/v2\/types\/product"}],"wp:featuredmedia":[{"embeddable":true,"href":"https:\/\/abpolar.ee\/fi\/wp-json\/wp\/v2\/media\/3125"}],"wp:attachment":[{"href":"https:\/\/abpolar.ee\/fi\/wp-json\/wp\/v2\/media?parent=5314"}],"wp:term":[{"taxonomy":"product_brand","embeddable":true,"href":"https:\/\/abpolar.ee\/fi\/wp-json\/wp\/v2\/product_brand?post=5314"},{"taxonomy":"product_cat","embeddable":true,"href":"https:\/\/abpolar.ee\/fi\/wp-json\/wp\/v2\/product_cat?post=5314"},{"taxonomy":"product_tag","embeddable":true,"href":"https:\/\/abpolar.ee\/fi\/wp-json\/wp\/v2\/product_tag?post=5314"}],"curies":[{"name":"wp","href":"https:\/\/api.w.org\/{rel}","templated":true}]}}