{"id":5317,"date":"2022-11-17T16:09:45","date_gmt":"2022-11-17T14:09:45","guid":{"rendered":"https:\/\/abpolar-ee.vserver.zonevs.eu\/?post_type=product&#038;p=5317"},"modified":"2023-12-29T13:58:38","modified_gmt":"2023-12-29T11:58:38","slug":"postilaatikko-korter-nimitaulu","status":"publish","type":"product","link":"https:\/\/abpolar.ee\/fi\/postilaatikko-korter-nimitaulu\/","title":{"rendered":"Postilaatikko korter\/nimitaulu"},"content":{"rendered":"<h2>Postilaatikko korter\/nimitaulu <span class=\"base\" data-ui-id=\"page-title-wrapper\">320x215x90mm<\/span><\/h2>\n<p>Postilaatiko korter\/nimitaul on kiillotetusta ruostumattomasta ter\u00e4ksest\u00e4 valmistettu pohjoisen s\u00e4\u00e4oloihin sopiva postilaatikko.<br \/>\nEdest\u00e4 aukeava postilaatiko on lukittava, mukana on kaksi avainta.<br \/>\nLaatikon takana on valmiit kiinnitysrei\u00e4t.<br \/>\nMateriaalivahvuus on 0,5 mm.<\/p>\n<h4>TUOTTEEN MITAT:<\/h4>\n<ul>\n<li>Korkeus (cm): 32<\/li>\n<li>Leveys (cm): 21,5<\/li>\n<li>Syvyys (cm): 9<\/li>\n<\/ul>\n<h4>TUOTTEEN OMINAISUUDET:<\/h4>\n<ul>\n<li>V\u00e4ri: Metalliv\u00e4ri<\/li>\n<li>Materiaali: Metalli<\/li>\n<li>Materiaalin tarkenne: Kiillotettu ter\u00e4s, 0,5 mm<\/li>\n<li><a href=\"https:\/\/abpolar.ee\/fi\/postilaatikot\/\" target=\"_blank\" rel=\"noopener\">Postilaatikon<\/a> tyyppi: Tavallinen kirjepostilaatikko<\/li>\n<li>Sis\u00e4lt\u00e4\u00e4 lukon: Kyll\u00e4<\/li>\n<li>Sis\u00e4lt\u00e4\u00e4 nimikyltin: Ei<\/li>\n<li>Takana kiinnitysrei\u00e4t<\/li>\n<\/ul>\n","protected":false},"excerpt":{"rendered":"<p>Postilaatikko korter\/nimitaulu 320x215x90mm Postilaatiko korter\/nimitaul on kiillotetusta ruostumattomasta ter\u00e4ksest\u00e4 valmistettu pohjoisen s\u00e4\u00e4oloihin sopiva postilaatikko. Edest\u00e4&#8230;<\/p>\n","protected":false},"featured_media":3132,"template":"","meta":{"_acf_changed":false,"inline_featured_image":false},"product_brand":[],"product_cat":[221,236],"product_tag":[],"class_list":{"0":"post-5317","1":"product","2":"type-product","3":"status-publish","4":"has-post-thumbnail","6":"product_cat-koti-ja-sisustaminen","7":"product_cat-postilaatikot","8":"product_shipping_class-vaike-pakk-fi","10":"first","11":"instock","12":"taxable","13":"shipping-taxable","14":"purchasable","15":"product-type-simple"},"acf":[],"_links":{"self":[{"href":"https:\/\/abpolar.ee\/fi\/wp-json\/wp\/v2\/product\/5317","targetHints":{"allow":["GET"]}}],"collection":[{"href":"https:\/\/abpolar.ee\/fi\/wp-json\/wp\/v2\/product"}],"about":[{"href":"https:\/\/abpolar.ee\/fi\/wp-json\/wp\/v2\/types\/product"}],"wp:featuredmedia":[{"embeddable":true,"href":"https:\/\/abpolar.ee\/fi\/wp-json\/wp\/v2\/media\/3132"}],"wp:attachment":[{"href":"https:\/\/abpolar.ee\/fi\/wp-json\/wp\/v2\/media?parent=5317"}],"wp:term":[{"taxonomy":"product_brand","embeddable":true,"href":"https:\/\/abpolar.ee\/fi\/wp-json\/wp\/v2\/product_brand?post=5317"},{"taxonomy":"product_cat","embeddable":true,"href":"https:\/\/abpolar.ee\/fi\/wp-json\/wp\/v2\/product_cat?post=5317"},{"taxonomy":"product_tag","embeddable":true,"href":"https:\/\/abpolar.ee\/fi\/wp-json\/wp\/v2\/product_tag?post=5317"}],"curies":[{"name":"wp","href":"https:\/\/api.w.org\/{rel}","templated":true}]}}