{"id":5339,"date":"2022-11-17T16:08:14","date_gmt":"2022-11-17T14:08:14","guid":{"rendered":"https:\/\/abpolar-ee.vserver.zonevs.eu\/?post_type=product&#038;p=5339"},"modified":"2025-10-06T18:40:26","modified_gmt":"2025-10-06T15:40:26","slug":"nelikulmainen-aitatolppa-80x80-zn","status":"publish","type":"product","link":"https:\/\/abpolar.ee\/fi\/nelikulmainen-aitatolppa-80x80-zn\/","title":{"rendered":"Nelikulmainen aitatolppa 80&#215;80, Zn"},"content":{"rendered":"<h2>Neliskulmainen aitatolppa 80\u00d780, Zn<\/h2>\n<p>Tukeva neliskulmainen, sinkitty aitatolppa erityisesti puuaitojen rakennukseen. Puinen aita sopii erinomaisesti esimerkiksi n\u00e4k\u00f6suojaksi, oman pihan rajaamiseen ja suojaamiseen. Puinen aita sopii hyvin my\u00f6s el\u00e4inten aitaukseksi.<\/p>\n<p>Puuaita on maalaisromanttisen ja maanl\u00e4heisen kodin paras aitavalinta. Kun haluat rakentaa puuaidan, hanki lis\u00e4ksi neliskulmainen, sinkitty aitatolppa!<\/p>\n<ul>\n<li>Korkeus: valittavissa 2000 tai 2500 mm<\/li>\n<li>Mitat: 80 mm x 80 mm<\/li>\n<li>Tolpan sein\u00e4m\u00e4n paksuus: 2 mm<\/li>\n<li>Pintak\u00e4sittely: Sinkitty<\/li>\n<li>Sis\u00e4lt\u00e4\u00e4 tolpan hatun<\/li>\n<\/ul>\n<p><strong>Asennusohjeet:<\/strong><\/p>\n<ul>\n<li>Suosittelemme kiinnitt\u00e4m\u00e4\u00e4n aidan tolpat maahan betonivalulla.<\/li>\n<li>Tolpat asennetaan 2,5 &#8211; 3 metrin v\u00e4lein.<\/li>\n<li>Suositeltu asennussyvyys on 50-70 cm, eli suositeltu tolpan korkeus on aidan korkeus + 50 cm.<\/li>\n<\/ul>\n","protected":false},"excerpt":{"rendered":"<p>Neliskulmainen aitatolppa 80\u00d780, Zn Tukeva neliskulmainen, sinkitty aitatolppa erityisesti puuaitojen rakennukseen. Puinen aita sopii erinomaisesti&#8230;<\/p>\n","protected":false},"featured_media":4960,"template":"","meta":{"_acf_changed":false,"inline_featured_image":false},"product_brand":[],"product_cat":[187,200,224],"product_tag":[],"class_list":{"0":"post-5339","1":"product","2":"type-product","3":"status-publish","4":"has-post-thumbnail","6":"product_cat-aidat-ja-portit","7":"product_cat-aitatolpat","8":"product_cat-loytolaatikko","9":"product_shipping_class-pakk-kuni-30kg-fi","11":"first","12":"instock","13":"sale","14":"taxable","15":"shipping-taxable","16":"purchasable","17":"product-type-variable"},"acf":[],"_links":{"self":[{"href":"https:\/\/abpolar.ee\/fi\/wp-json\/wp\/v2\/product\/5339","targetHints":{"allow":["GET"]}}],"collection":[{"href":"https:\/\/abpolar.ee\/fi\/wp-json\/wp\/v2\/product"}],"about":[{"href":"https:\/\/abpolar.ee\/fi\/wp-json\/wp\/v2\/types\/product"}],"wp:featuredmedia":[{"embeddable":true,"href":"https:\/\/abpolar.ee\/fi\/wp-json\/wp\/v2\/media\/4960"}],"wp:attachment":[{"href":"https:\/\/abpolar.ee\/fi\/wp-json\/wp\/v2\/media?parent=5339"}],"wp:term":[{"taxonomy":"product_brand","embeddable":true,"href":"https:\/\/abpolar.ee\/fi\/wp-json\/wp\/v2\/product_brand?post=5339"},{"taxonomy":"product_cat","embeddable":true,"href":"https:\/\/abpolar.ee\/fi\/wp-json\/wp\/v2\/product_cat?post=5339"},{"taxonomy":"product_tag","embeddable":true,"href":"https:\/\/abpolar.ee\/fi\/wp-json\/wp\/v2\/product_tag?post=5339"}],"curies":[{"name":"wp","href":"https:\/\/api.w.org\/{rel}","templated":true}]}}