{"id":5342,"date":"2022-11-17T16:08:12","date_gmt":"2022-11-17T14:08:12","guid":{"rendered":"https:\/\/abpolar-ee.vserver.zonevs.eu\/?post_type=product&#038;p=5342"},"modified":"2025-09-02T19:33:43","modified_gmt":"2025-09-02T16:33:43","slug":"nelikulmainen-aitatolppa-40x60mm-zn","status":"publish","type":"product","link":"https:\/\/abpolar.ee\/fi\/nelikulmainen-aitatolppa-40x60mm-zn\/","title":{"rendered":"Nelikulmainen aitatolppa 40x60mm ZN"},"content":{"rendered":"<h2>Neliskulmainen aitatolppa 40&#215;60 mm sinkitty<\/h2>\n<p>Neliskulmainen sinkitty ja jauhemaalattu aitatolppa sopii yhteen etenkin aitaelementtien kanssa. Elementeist\u00e4 kootun aidan asentaminen on helppoa ja nopeaa. Elementtiaita on l\u00e4hes huoltovapaa ja se kest\u00e4\u00e4 hyvin erilaisia s\u00e4\u00e4olosuhteita.<\/p>\n<p>Lis\u00e4ksi elementtiaidan korjaaminen on n\u00e4pp\u00e4r\u00e4\u00e4: mik\u00e4li aita vaurioituu yhdest\u00e4 kohtaa, riitt\u00e4\u00e4 korjaamiseen usein vain yksitt\u00e4isen elementin vaihto uuteen. Voit yhdist\u00e4\u00e4 tolpan ja aitaelementin v\u00e4rin s\u00e4vy s\u00e4vyyn. Valittavissa on viisi tyylik\u00e4st\u00e4 v\u00e4rivaihtoehtoa, jotta aita varmasti sopii yhteen kotisi kanssa.<\/p>\n<p><strong>Kun haluat rakentaa aidan helposti ja nopeasti, hanki <a href=\"https:\/\/abpolar.ee\/fi\/aitaelementit\/\">aitaelementit<\/a> ja neliskulmainen aitatolppa!<\/strong><\/p>\n<ul>\n<li>Korkeus: valittavissa 1700, 2000, 2300 tai 2500 mm<\/li>\n<li>Mitat: 40 mm (leveys) x 60 mm (syvyys)<\/li>\n<li>Tolpan sein\u00e4m\u00e4n paksuus: 1,4 mm<\/li>\n<li>Pintak\u00e4sittely: sinkitty<\/li>\n<li>Sis\u00e4lt\u00e4\u00e4 tolpan hatun<\/li>\n<\/ul>\n<h3>Asennusohjeet:<\/h3>\n<ul>\n<li>Suosittelemme kiinnitt\u00e4m\u00e4\u00e4n <a href=\"https:\/\/abpolar.ee\/fi\/aitatolpat\/\">aidan tolpat<\/a> maahan betonivalulla.<\/li>\n<li>Tolpat asennetaan elementtiaidan elementtien liitoskohtiin.<\/li>\n<li>Suositeltu asennussyvyys on 50-70 cm, eli suositeltu tolpan korkeus on aidan korkeus + 50 cm.<\/li>\n<li>Elementtiaidat kiinnitet\u00e4\u00e4n tolppaan elementtiaidan U-kiinnikkeill\u00e4.<\/li>\n<\/ul>\n","protected":false},"excerpt":{"rendered":"<p>Neliskulmainen aitatolppa 40&#215;60 mm sinkitty Neliskulmainen sinkitty ja jauhemaalattu aitatolppa sopii yhteen etenkin aitaelementtien kanssa&#8230;.<\/p>\n","protected":false},"featured_media":4942,"template":"","meta":{"_acf_changed":false,"inline_featured_image":false},"product_brand":[],"product_cat":[187,200],"product_tag":[],"class_list":{"0":"post-5342","1":"product","2":"type-product","3":"status-publish","4":"has-post-thumbnail","6":"product_cat-aidat-ja-portit","7":"product_cat-aitatolpat","8":"product_shipping_class-pakk-kuni-30kg-fi","10":"first","11":"instock","12":"taxable","13":"shipping-taxable","14":"purchasable","15":"product-type-variable"},"acf":[],"_links":{"self":[{"href":"https:\/\/abpolar.ee\/fi\/wp-json\/wp\/v2\/product\/5342","targetHints":{"allow":["GET"]}}],"collection":[{"href":"https:\/\/abpolar.ee\/fi\/wp-json\/wp\/v2\/product"}],"about":[{"href":"https:\/\/abpolar.ee\/fi\/wp-json\/wp\/v2\/types\/product"}],"wp:featuredmedia":[{"embeddable":true,"href":"https:\/\/abpolar.ee\/fi\/wp-json\/wp\/v2\/media\/4942"}],"wp:attachment":[{"href":"https:\/\/abpolar.ee\/fi\/wp-json\/wp\/v2\/media?parent=5342"}],"wp:term":[{"taxonomy":"product_brand","embeddable":true,"href":"https:\/\/abpolar.ee\/fi\/wp-json\/wp\/v2\/product_brand?post=5342"},{"taxonomy":"product_cat","embeddable":true,"href":"https:\/\/abpolar.ee\/fi\/wp-json\/wp\/v2\/product_cat?post=5342"},{"taxonomy":"product_tag","embeddable":true,"href":"https:\/\/abpolar.ee\/fi\/wp-json\/wp\/v2\/product_tag?post=5342"}],"curies":[{"name":"wp","href":"https:\/\/api.w.org\/{rel}","templated":true}]}}