{"id":5347,"date":"2022-11-17T16:09:52","date_gmt":"2022-11-17T14:09:52","guid":{"rendered":"https:\/\/abpolar-ee.vserver.zonevs.eu\/?post_type=product&#038;p=5347"},"modified":"2023-02-28T11:26:42","modified_gmt":"2023-02-28T09:26:42","slug":"nelikulmainen-aitatolppa-80x80mm-ral6005-vihrea","status":"publish","type":"product","link":"https:\/\/abpolar.ee\/fi\/nelikulmainen-aitatolppa-80x80mm-ral6005-vihrea\/","title":{"rendered":"Nelikulmainen aitatolppa 80x80mm RAL6005 vihre\u00e4"},"content":{"rendered":"<h2>Nelikulmainen aitatolppa 80x80mm RAL6005 vihre\u00e4<\/h2>\n<p>Nelikulmainen sinkitty ja jauhemaalattu aitatolppa erityisesti puuaitojen rakennukseen.<\/p>\n<ul>\n<li><strong>Korkeus: valittavissa 2000, 2500<\/strong><\/li>\n<li><strong>Mitat: 80 mm x 80 mm\u00a0<\/strong><\/li>\n<li><strong>Tolpan sein\u00e4n paksuus: 1,5 mm<\/strong><\/li>\n<li><strong>Jauhemaalattu RAL6005 vihre\u00e4<\/strong><\/li>\n<li><strong>Sis\u00e4lt\u00e4\u00e4 tolpan hatun<\/strong><\/li>\n<\/ul>\n<p>&nbsp;<\/p>\n<p>Suositeltu asennus:<\/p>\n<ul>\n<li>Aidan tolpat suositellaan kiinnitett\u00e4v\u00e4ksi betonivalulla<\/li>\n<li>Tolpat asennetaan 2,5 \u2013 3 m v\u00e4lein, elementtiaidalle elementtien liitoskohtiin<\/li>\n<li>Suositeltu asennussyvyys 50-70 cm, eli aidan korkeus +50 cm on suositeltu tolpan korkeus<\/li>\n<\/ul>\n","protected":false},"excerpt":{"rendered":"<p>Nelikulmainen aitatolppa 80x80mm RAL6005 vihre\u00e4 Nelikulmainen sinkitty ja jauhemaalattu aitatolppa erityisesti puuaitojen rakennukseen. Korkeus: valittavissa&#8230;<\/p>\n","protected":false},"featured_media":4948,"template":"","meta":{"_acf_changed":false,"inline_featured_image":false},"product_brand":[],"product_cat":[187,200],"product_tag":[],"class_list":{"0":"post-5347","1":"product","2":"type-product","3":"status-publish","4":"has-post-thumbnail","6":"product_cat-aidat-ja-portit","7":"product_cat-aitatolpat","8":"product_shipping_class-pakk-kuni-30kg-fi","10":"first","11":"instock","12":"taxable","13":"shipping-taxable","14":"purchasable","15":"product-type-variable"},"acf":[],"_links":{"self":[{"href":"https:\/\/abpolar.ee\/fi\/wp-json\/wp\/v2\/product\/5347","targetHints":{"allow":["GET"]}}],"collection":[{"href":"https:\/\/abpolar.ee\/fi\/wp-json\/wp\/v2\/product"}],"about":[{"href":"https:\/\/abpolar.ee\/fi\/wp-json\/wp\/v2\/types\/product"}],"wp:featuredmedia":[{"embeddable":true,"href":"https:\/\/abpolar.ee\/fi\/wp-json\/wp\/v2\/media\/4948"}],"wp:attachment":[{"href":"https:\/\/abpolar.ee\/fi\/wp-json\/wp\/v2\/media?parent=5347"}],"wp:term":[{"taxonomy":"product_brand","embeddable":true,"href":"https:\/\/abpolar.ee\/fi\/wp-json\/wp\/v2\/product_brand?post=5347"},{"taxonomy":"product_cat","embeddable":true,"href":"https:\/\/abpolar.ee\/fi\/wp-json\/wp\/v2\/product_cat?post=5347"},{"taxonomy":"product_tag","embeddable":true,"href":"https:\/\/abpolar.ee\/fi\/wp-json\/wp\/v2\/product_tag?post=5347"}],"curies":[{"name":"wp","href":"https:\/\/api.w.org\/{rel}","templated":true}]}}