{"id":5350,"date":"2022-11-17T16:09:36","date_gmt":"2022-11-17T14:09:36","guid":{"rendered":"https:\/\/abpolar-ee.vserver.zonevs.eu\/?post_type=product&#038;p=5350"},"modified":"2025-08-30T13:39:02","modified_gmt":"2025-08-30T10:39:02","slug":"vesimyyra-ja-kontiainen-loukku","status":"publish","type":"product","link":"https:\/\/abpolar.ee\/fi\/vesimyyra-ja-kontiainen-loukku\/","title":{"rendered":"Vesimyyr\u00e4- ja kontiainen loukku"},"content":{"rendered":"<h2>Hiiriansa<\/h2>\n<p>Hiiriansa nappaa haitalliset tuholaiset pihalta ja puutarhasta. Tehokas hiiriansa voi saada jopa 10 tuholaista kiinni kerralla. Ansa ei tapa hiiri\u00e4, vaan vangitsee ne. Se on siis hell\u00e4varainen ratkaisu, mik\u00e4li haluaa tuhoamisen sijaan esimerkiksi siirt\u00e4\u00e4 hiiret pois omalta tontilta.<\/p>\n<p>Ansa sijoitetaan maahan, sinne lis\u00e4t\u00e4\u00e4n sy\u00f6tti ja odotetaan jyrsij\u00f6iden j\u00e4\u00e4mist\u00e4 ansaan. Hiiret voivat aiheuttaa tuhoa omaisuudelle ja levitt\u00e4\u00e4 haitallisia bakteereja. Kun haluat hiirist\u00e4 eroon hell\u00e4varaisella tavalla, hanki hiiriansa!<\/p>\n<h3>Hiiriansan tuotetiedot:<\/h3>\n<ul>\n<li>Sinkitty ter\u00e4st\u00e4 oleva ansa, jonka kannessa on muovinen ikkuna<\/li>\n<li>Ansa sijoitetaan maanpinnalle<\/li>\n<li>Laatikkoon asetetaan sy\u00f6tti<\/li>\n<li>Ansa sieppaa jopa 10 tuholaista kerrallaan<\/li>\n<li>Mitat: 26x16x5 cm<\/li>\n<\/ul>\n","protected":false},"excerpt":{"rendered":"<p>Hiiriansa Hiiriansa nappaa haitalliset tuholaiset pihalta ja puutarhasta. Tehokas hiiriansa voi saada jopa 10 tuholaista&#8230;<\/p>\n","protected":false},"featured_media":3669,"template":"","meta":{"_acf_changed":false,"inline_featured_image":false},"product_brand":[],"product_cat":[251],"product_tag":[],"class_list":{"0":"post-5350","1":"product","2":"type-product","3":"status-publish","4":"has-post-thumbnail","6":"product_cat-jyrsijakarkottimet","7":"product_shipping_class-vaike-pakk-fi","9":"first","10":"instock","11":"taxable","12":"shipping-taxable","13":"purchasable","14":"product-type-simple"},"acf":[],"_links":{"self":[{"href":"https:\/\/abpolar.ee\/fi\/wp-json\/wp\/v2\/product\/5350","targetHints":{"allow":["GET"]}}],"collection":[{"href":"https:\/\/abpolar.ee\/fi\/wp-json\/wp\/v2\/product"}],"about":[{"href":"https:\/\/abpolar.ee\/fi\/wp-json\/wp\/v2\/types\/product"}],"wp:featuredmedia":[{"embeddable":true,"href":"https:\/\/abpolar.ee\/fi\/wp-json\/wp\/v2\/media\/3669"}],"wp:attachment":[{"href":"https:\/\/abpolar.ee\/fi\/wp-json\/wp\/v2\/media?parent=5350"}],"wp:term":[{"taxonomy":"product_brand","embeddable":true,"href":"https:\/\/abpolar.ee\/fi\/wp-json\/wp\/v2\/product_brand?post=5350"},{"taxonomy":"product_cat","embeddable":true,"href":"https:\/\/abpolar.ee\/fi\/wp-json\/wp\/v2\/product_cat?post=5350"},{"taxonomy":"product_tag","embeddable":true,"href":"https:\/\/abpolar.ee\/fi\/wp-json\/wp\/v2\/product_tag?post=5350"}],"curies":[{"name":"wp","href":"https:\/\/api.w.org\/{rel}","templated":true}]}}