{"id":5364,"date":"2022-11-17T16:09:48","date_gmt":"2022-11-17T14:09:48","guid":{"rendered":"https:\/\/abpolar-ee.vserver.zonevs.eu\/?post_type=product&#038;p=5364"},"modified":"2025-10-08T15:41:44","modified_gmt":"2025-10-08T12:41:44","slug":"verkkoaidan-tolppa-60mm-zn","status":"publish","type":"product","link":"https:\/\/abpolar.ee\/fi\/verkkoaidan-tolppa-60mm-zn\/","title":{"rendered":"Verkkoaidan tolppa 60mm, ZN"},"content":{"rendered":"<h2>Verkkoaidan tolppa 60 mm, kuumasinkitty<\/h2>\n<p>Py\u00f6re\u00e4 aitatolppa verkkoaidan asennukseen. Toimitukseen sis\u00e4ltyy muovinen tolpanhattu.<br \/>\nKest\u00e4v\u00e4 aitatolppa pit\u00e4\u00e4 verkkoaidan j\u00e4m\u00e4k\u00e4sti pystyss\u00e4.<\/p>\n<p>Muista hankkia samalla my\u00f6s sopiva aitaverkko ja kiinnikkeet.<\/p>\n<p><strong>Kun aikeissa on rakentaa verkkoaita, hanki verkkoaidan tolppa!<\/strong><\/p>\n<ul>\n<li>Korkeus: 2500 mm<\/li>\n<li>Tolpan halkaisija: 60 mm<\/li>\n<li>Tolpan sein\u00e4m\u00e4n paksuus: 2 mm<\/li>\n<li>Pintak\u00e4sittely: kuumasinkitty<\/li>\n<li>Sis\u00e4lt\u00e4\u00e4 tolpanhatun<\/li>\n<\/ul>\n<p><strong>Asennusohjeet:<\/strong><\/p>\n<ul>\n<li>Suosittelemme kiinnitt\u00e4m\u00e4\u00e4n aitatolpat maahan betonivalulla.<\/li>\n<li>Tolpat asennetaan 2,5 &#8211; 3 metrin v\u00e4lein.<\/li>\n<li>Suositeltu asennussyvyys on 50-70 cm, eli suositeltu tolpan korkeus on aidan korkeus + 50 cm.<\/li>\n<li>Tarvittava kiinnikkeiden m\u00e4\u00e4r\u00e4 riippuu verkon korkeudesta: 1,2 m verkkoon tarvitaan 5 kiinnikett\u00e4 per tolppa, 1,5 m verkkoon 6 per tolppa.<\/li>\n<\/ul>\n","protected":false},"excerpt":{"rendered":"<p>Verkkoaidan tolppa 60 mm, kuumasinkitty Py\u00f6re\u00e4 aitatolppa verkkoaidan asennukseen. Toimitukseen sis\u00e4ltyy muovinen tolpanhattu. Kest\u00e4v\u00e4 aitatolppa&#8230;<\/p>\n","protected":false},"featured_media":4996,"template":"","meta":{"_acf_changed":false,"inline_featured_image":false},"product_brand":[],"product_cat":[187,200],"product_tag":[],"class_list":{"0":"post-5364","1":"product","2":"type-product","3":"status-publish","4":"has-post-thumbnail","6":"product_cat-aidat-ja-portit","7":"product_cat-aitatolpat","8":"product_shipping_class-pakk-kuni-30kg-fi","10":"first","11":"instock","12":"taxable","13":"shipping-taxable","14":"purchasable","15":"product-type-variable"},"acf":[],"_links":{"self":[{"href":"https:\/\/abpolar.ee\/fi\/wp-json\/wp\/v2\/product\/5364","targetHints":{"allow":["GET"]}}],"collection":[{"href":"https:\/\/abpolar.ee\/fi\/wp-json\/wp\/v2\/product"}],"about":[{"href":"https:\/\/abpolar.ee\/fi\/wp-json\/wp\/v2\/types\/product"}],"wp:featuredmedia":[{"embeddable":true,"href":"https:\/\/abpolar.ee\/fi\/wp-json\/wp\/v2\/media\/4996"}],"wp:attachment":[{"href":"https:\/\/abpolar.ee\/fi\/wp-json\/wp\/v2\/media?parent=5364"}],"wp:term":[{"taxonomy":"product_brand","embeddable":true,"href":"https:\/\/abpolar.ee\/fi\/wp-json\/wp\/v2\/product_brand?post=5364"},{"taxonomy":"product_cat","embeddable":true,"href":"https:\/\/abpolar.ee\/fi\/wp-json\/wp\/v2\/product_cat?post=5364"},{"taxonomy":"product_tag","embeddable":true,"href":"https:\/\/abpolar.ee\/fi\/wp-json\/wp\/v2\/product_tag?post=5364"}],"curies":[{"name":"wp","href":"https:\/\/api.w.org\/{rel}","templated":true}]}}