{"id":5377,"date":"2022-11-17T16:09:36","date_gmt":"2022-11-17T14:09:36","guid":{"rendered":"https:\/\/abpolar-ee.vserver.zonevs.eu\/?post_type=product&#038;p=5377"},"modified":"2025-08-26T16:47:05","modified_gmt":"2025-08-26T13:47:05","slug":"myyraansa-tunneli","status":"publish","type":"product","link":"https:\/\/abpolar.ee\/fi\/myyraansa-tunneli\/","title":{"rendered":"Myyr\u00e4ansa tunneli"},"content":{"rendered":"<h2>Myyr\u00e4ansa tunneliin<\/h2>\n<p>T\u00e4m\u00e4 myyr\u00e4ansa asennetaan suoraan myyrien k\u00e4yt\u00e4viin. Myyr\u00e4ansa on helppok\u00e4ytt\u00f6inen ja myrkyt\u00f6n tapa p\u00e4\u00e4st\u00e4 myyrist\u00e4 eroon. Se tuhoaa myyr\u00e4t nopeasti ja inhimillisell\u00e4 tavalla.<\/p>\n<p>Myyr\u00e4t aiheuttavat tuhoa puutarhassa, eik\u00e4 nurmikko n\u00e4yt\u00e4 en\u00e4\u00e4 kauniilta, kun se on t\u00e4ynn\u00e4 myyr\u00e4nkoloja. Myyr\u00e4t voivat my\u00f6s levitt\u00e4\u00e4 vaarallista Puumala-virusta eli myyr\u00e4kuumetta.<\/p>\n<p>Kun haluat myyrist\u00e4 eroon nopeasti, hanki myyr\u00e4ansa!<\/p>\n<ul>\n<li>Ansa asennetaan myyr\u00e4n k\u00e4yt\u00e4viin<\/li>\n<li>Nopea ja tehokas<\/li>\n<li>Helppok\u00e4ytt\u00f6inen<\/li>\n<\/ul>\n","protected":false},"excerpt":{"rendered":"<p>Myyr\u00e4ansa tunneliin T\u00e4m\u00e4 myyr\u00e4ansa asennetaan suoraan myyrien k\u00e4yt\u00e4viin. Myyr\u00e4ansa on helppok\u00e4ytt\u00f6inen ja myrkyt\u00f6n tapa p\u00e4\u00e4st\u00e4&#8230;<\/p>\n","protected":false},"featured_media":3621,"template":"","meta":{"_acf_changed":false,"inline_featured_image":false},"product_brand":[],"product_cat":[251],"product_tag":[],"class_list":{"0":"post-5377","1":"product","2":"type-product","3":"status-publish","4":"has-post-thumbnail","6":"product_cat-jyrsijakarkottimet","7":"product_shipping_class-vaike-pakk-fi","9":"first","10":"instock","11":"taxable","12":"shipping-taxable","13":"purchasable","14":"product-type-simple"},"acf":[],"_links":{"self":[{"href":"https:\/\/abpolar.ee\/fi\/wp-json\/wp\/v2\/product\/5377","targetHints":{"allow":["GET"]}}],"collection":[{"href":"https:\/\/abpolar.ee\/fi\/wp-json\/wp\/v2\/product"}],"about":[{"href":"https:\/\/abpolar.ee\/fi\/wp-json\/wp\/v2\/types\/product"}],"wp:featuredmedia":[{"embeddable":true,"href":"https:\/\/abpolar.ee\/fi\/wp-json\/wp\/v2\/media\/3621"}],"wp:attachment":[{"href":"https:\/\/abpolar.ee\/fi\/wp-json\/wp\/v2\/media?parent=5377"}],"wp:term":[{"taxonomy":"product_brand","embeddable":true,"href":"https:\/\/abpolar.ee\/fi\/wp-json\/wp\/v2\/product_brand?post=5377"},{"taxonomy":"product_cat","embeddable":true,"href":"https:\/\/abpolar.ee\/fi\/wp-json\/wp\/v2\/product_cat?post=5377"},{"taxonomy":"product_tag","embeddable":true,"href":"https:\/\/abpolar.ee\/fi\/wp-json\/wp\/v2\/product_tag?post=5377"}],"curies":[{"name":"wp","href":"https:\/\/api.w.org\/{rel}","templated":true}]}}