{"id":5378,"date":"2022-11-17T16:09:50","date_gmt":"2022-11-17T14:09:50","guid":{"rendered":"https:\/\/abpolar-ee.vserver.zonevs.eu\/?post_type=product&#038;p=5378"},"modified":"2025-10-08T15:48:05","modified_gmt":"2025-10-08T12:48:05","slug":"verkkoaidan-tolppa-profiloitu-zn","status":"publish","type":"product","link":"https:\/\/abpolar.ee\/fi\/verkkoaidan-tolppa-profiloitu-zn\/","title":{"rendered":"Verkkoaidan tolppa, profiloitu, sinkitty"},"content":{"rendered":"<h2>Verkkoaidan tolppa, profiloitu, sinkitty<\/h2>\n<p>Sinkitty ja jauhemaalattu aitatolppa verkko- ja panssariaidoille. Aitatolpan j\u00e4m\u00e4kkyyden ja kest\u00e4vyyden takaa sen erikoisprofiloitu muoto.<\/p>\n<p>Tolpan T-kaistale helpottaa aitaverkon asennusta tolppaan.<\/p>\n<p>Kest\u00e4v\u00e4 aitatolppa pit\u00e4\u00e4 verkkoaidan j\u00e4m\u00e4k\u00e4sti pystyss\u00e4.<\/p>\n<p>Muista hankkia samalla my\u00f6s sopiva aitaverkko ja kiinnikkeet.<\/p>\n<p><strong>Kun aikeissa on rakentaa verkkoaita, hanki verkkoaidan tolppa!<\/strong><\/p>\n<ul>\n<li>Korkeus: valittavissa 2000 tai 2500 mm<\/li>\n<li>Tolpan halkaisija: 48 mm<\/li>\n<li>Tolpan sein\u00e4m\u00e4n paksuus: 1,5 mm<\/li>\n<li>Pintak\u00e4sittely: sinkitty<\/li>\n<li>Sis\u00e4lt\u00e4\u00e4 tolpanhatun<\/li>\n<\/ul>\n<p><strong>Asennusohjeet:<\/strong><\/p>\n<ul>\n<li>Suosittelemme kiinnitt\u00e4m\u00e4\u00e4n aitatolpat maahan betonivalulla.<\/li>\n<li>Tolpat asennetaan 2,5 &#8211; 3 metrin v\u00e4lein.<\/li>\n<li>Suositeltu asennussyvyys on 50-70 cm, eli suositeltu tolpan korkeus on aidan korkeus + 50 cm.<\/li>\n<li>Tarvittava kiinnikkeiden m\u00e4\u00e4r\u00e4 riippuu verkon korkeudesta: 1,2 m verkkoon tarvitaan 5 kiinnikett\u00e4 per tolppa, 1,5 m verkkoon 6 per tolppa.<\/li>\n<\/ul>\n","protected":false},"excerpt":{"rendered":"<p>Verkkoaidan tolppa, profiloitu, sinkitty Sinkitty ja jauhemaalattu aitatolppa verkko- ja panssariaidoille. Aitatolpan j\u00e4m\u00e4kkyyden ja kest\u00e4vyyden&#8230;<\/p>\n","protected":false},"featured_media":4979,"template":"","meta":{"_acf_changed":false,"inline_featured_image":false},"product_brand":[],"product_cat":[187,200],"product_tag":[],"class_list":{"0":"post-5378","1":"product","2":"type-product","3":"status-publish","4":"has-post-thumbnail","6":"product_cat-aidat-ja-portit","7":"product_cat-aitatolpat","8":"product_shipping_class-pakk-kuni-30kg-fi","10":"first","11":"instock","12":"taxable","13":"shipping-taxable","14":"purchasable","15":"product-type-variable"},"acf":[],"_links":{"self":[{"href":"https:\/\/abpolar.ee\/fi\/wp-json\/wp\/v2\/product\/5378","targetHints":{"allow":["GET"]}}],"collection":[{"href":"https:\/\/abpolar.ee\/fi\/wp-json\/wp\/v2\/product"}],"about":[{"href":"https:\/\/abpolar.ee\/fi\/wp-json\/wp\/v2\/types\/product"}],"wp:featuredmedia":[{"embeddable":true,"href":"https:\/\/abpolar.ee\/fi\/wp-json\/wp\/v2\/media\/4979"}],"wp:attachment":[{"href":"https:\/\/abpolar.ee\/fi\/wp-json\/wp\/v2\/media?parent=5378"}],"wp:term":[{"taxonomy":"product_brand","embeddable":true,"href":"https:\/\/abpolar.ee\/fi\/wp-json\/wp\/v2\/product_brand?post=5378"},{"taxonomy":"product_cat","embeddable":true,"href":"https:\/\/abpolar.ee\/fi\/wp-json\/wp\/v2\/product_cat?post=5378"},{"taxonomy":"product_tag","embeddable":true,"href":"https:\/\/abpolar.ee\/fi\/wp-json\/wp\/v2\/product_tag?post=5378"}],"curies":[{"name":"wp","href":"https:\/\/api.w.org\/{rel}","templated":true}]}}