{"id":5381,"date":"2022-11-17T16:08:58","date_gmt":"2022-11-17T14:08:58","guid":{"rendered":"https:\/\/abpolar-ee.vserver.zonevs.eu\/?post_type=product&#038;p=5381"},"modified":"2025-10-08T15:54:33","modified_gmt":"2025-10-08T12:54:33","slug":"verkkoaidan-tukitolppa-zn","status":"publish","type":"product","link":"https:\/\/abpolar.ee\/fi\/verkkoaidan-tukitolppa-zn\/","title":{"rendered":"Verkkoaidan tukitolppa, sinkitty"},"content":{"rendered":"<h2>Verkkoaidan tukitolppa, sinkitty<\/h2>\n<p>Py\u00f6re\u00e4 tukitolppa aitatolpalle, voidaan k\u00e4ytt\u00e4\u00e4 lis\u00e4tukena my\u00f6s aidan kulma- tai p\u00e4\u00e4tytolpalle. Tukitolppa asennetaan poraamalla tuettavaan tolppaan reik\u00e4, asettamalla tukitolpan koukku tuettavan tolpan sis\u00e4lle ja kirist\u00e4m\u00e4ll\u00e4 mutteri.<br \/>\nSuosittelemme, ett\u00e4 tukitolpan pituudeksi valitaan v\u00e4hint\u00e4\u00e4n sama korkeus kuin tuettavassa tolpassa.<\/p>\n<p>Muista hankkia samalla aitaverkko, aitatolpat ja kiinnikkeet.<\/p>\n<p><strong>Kun haluat rakentaa j\u00e4m\u00e4k\u00e4n verkkoaidan, hanki verkkoaidan tukitolppa!<\/strong><\/p>\n<ul>\n<li>Korkeus: valittavissa 2000, 2500 tai 3000 mm<\/li>\n<li>Tolpan halkaisija: 38 mm<\/li>\n<li>Pintak\u00e4sittely: sinkitty<\/li>\n<li>Sopii py\u00f6re\u00e4n tai profiloidun aitatolpan tukemiseen<\/li>\n<li>Toimitukseen sis\u00e4ltyv\u00e4t: tukitolppa, muovinen tolpanhattu, mutteri, pultti ja pultinhattu<\/li>\n<\/ul>\n<p><strong>Tukitolpan asennusohjeet:<\/strong><\/p>\n<ul>\n<li>Tukitolppa on tarkoitettu k\u00e4ytett\u00e4v\u00e4ksi alku- ja kulmatolppien tukemiseen sek\u00e4 suorien osuuksien tueksi aina 25 metrin v\u00e4lein.<\/li>\n<li>Tukitolpat asennetaan maahan vinosti 45 \u00b0 kulmassa.<\/li>\n<li>Tukitolppa kiinnitet\u00e4\u00e4n tuettavaan tolppaan noin kahden kolmasosan korkeudelle maanpinnasta.<\/li>\n<li>Tukitolpat kannattaa valaa maahan kiinni betonivalulla.<\/li>\n<\/ul>\n","protected":false},"excerpt":{"rendered":"<p>Verkkoaidan tukitolppa, sinkitty Py\u00f6re\u00e4 tukitolppa aitatolpalle, voidaan k\u00e4ytt\u00e4\u00e4 lis\u00e4tukena my\u00f6s aidan kulma- tai p\u00e4\u00e4tytolpalle. Tukitolppa&#8230;<\/p>\n","protected":false},"featured_media":4162,"template":"","meta":{"_acf_changed":false,"inline_featured_image":false},"product_brand":[],"product_cat":[187,200],"product_tag":[],"class_list":{"0":"post-5381","1":"product","2":"type-product","3":"status-publish","4":"has-post-thumbnail","6":"product_cat-aidat-ja-portit","7":"product_cat-aitatolpat","8":"product_shipping_class-pakk-kuni-30kg-fi","10":"first","11":"instock","12":"taxable","13":"shipping-taxable","14":"purchasable","15":"product-type-variable"},"acf":[],"_links":{"self":[{"href":"https:\/\/abpolar.ee\/fi\/wp-json\/wp\/v2\/product\/5381","targetHints":{"allow":["GET"]}}],"collection":[{"href":"https:\/\/abpolar.ee\/fi\/wp-json\/wp\/v2\/product"}],"about":[{"href":"https:\/\/abpolar.ee\/fi\/wp-json\/wp\/v2\/types\/product"}],"wp:featuredmedia":[{"embeddable":true,"href":"https:\/\/abpolar.ee\/fi\/wp-json\/wp\/v2\/media\/4162"}],"wp:attachment":[{"href":"https:\/\/abpolar.ee\/fi\/wp-json\/wp\/v2\/media?parent=5381"}],"wp:term":[{"taxonomy":"product_brand","embeddable":true,"href":"https:\/\/abpolar.ee\/fi\/wp-json\/wp\/v2\/product_brand?post=5381"},{"taxonomy":"product_cat","embeddable":true,"href":"https:\/\/abpolar.ee\/fi\/wp-json\/wp\/v2\/product_cat?post=5381"},{"taxonomy":"product_tag","embeddable":true,"href":"https:\/\/abpolar.ee\/fi\/wp-json\/wp\/v2\/product_tag?post=5381"}],"curies":[{"name":"wp","href":"https:\/\/api.w.org\/{rel}","templated":true}]}}