{"id":5391,"date":"2022-11-17T16:09:30","date_gmt":"2022-11-17T14:09:30","guid":{"rendered":"https:\/\/abpolar-ee.vserver.zonevs.eu\/?post_type=product&#038;p=5391"},"modified":"2025-08-26T16:57:20","modified_gmt":"2025-08-26T13:57:20","slug":"myyrankarkoitin-aurinkokennolla","status":"publish","type":"product","link":"https:\/\/abpolar.ee\/fi\/myyrankarkoitin-aurinkokennolla\/","title":{"rendered":"Myyr\u00e4nkarkoitin aurinkokennolla"},"content":{"rendered":"<h2>Myyr\u00e4karkotin aurinkokennolla<\/h2>\n<p>Haluatko eroon myyrist\u00e4 ilman, ett\u00e4 joudut pyydyst\u00e4m\u00e4\u00e4n tai tappamaan niit\u00e4? Myyr\u00e4karkotin h\u00e4\u00e4t\u00e4\u00e4 myyr\u00e4t pihasta. Se toimii \u00e4\u00e4nen ja t\u00e4rin\u00e4n avulla.<\/p>\n<p>Myyr\u00e4karkotin l\u00e4hett\u00e4\u00e4 korkean taajuuden \u00e4\u00e4nen 20 sekunnin v\u00e4lein. Karkottimen vaikutusalue on 650 m\u00b2. Aurinkopaneelien ansiosta s\u00e4hk\u00f6\u00e4 ei tarvita.<\/p>\n<p>Myyr\u00e4t aiheuttavat tuhoa puutarhassa, eik\u00e4 nurmikko n\u00e4yt\u00e4 en\u00e4\u00e4 kauniilta, kun se on t\u00e4ynn\u00e4 myyr\u00e4nkoloja. Myyr\u00e4t voivat my\u00f6s levitt\u00e4\u00e4 vaarallista Puumala-virusta eli myyr\u00e4kuumetta.<\/p>\n<p><strong>TUOTTEEN OMINAISUUDET:<\/strong><\/p>\n<ul>\n<li>IP-luokka: IP44<\/li>\n<li>L\u00e4hett\u00e4\u00e4 signaaleja 20 sekunnin v\u00e4lein<\/li>\n<li>Toimii aurinkoenergialla<\/li>\n<li>Vaikutusalue 650 m\u00b2<\/li>\n<li>Mitat: 100x85x360 mm<\/li>\n<\/ul>\n<p><strong>Vinkit myyr\u00e4karkottimen sijoittamiseen:<\/strong><\/p>\n<ul>\n<li>Tasoita myyrien tekem\u00e4t tunnelinsuut ja multakasat maan pinnalta.<\/li>\n<li>Odota 24 tuntia ja tarkista tilanne uudelleen.<\/li>\n<li>Ne tunnelit ja kasat, jotka avautuvat uudelleen, ovat k\u00e4yt\u00f6ss\u00e4: niist\u00e4 on hyv\u00e4 aloittaa.<\/li>\n<li>Ihanteellinen paikka karkottimelle on kahden k\u00e4yt\u00f6ss\u00e4 olevan tunnelin v\u00e4liss\u00e4 oleva kohta.<\/li>\n<\/ul>\n<p>Kun haluat myyrist\u00e4 eroon helposti, hanki myyr\u00e4karkotin!<\/p>\n","protected":false},"excerpt":{"rendered":"<p>Myyr\u00e4karkotin aurinkokennolla Haluatko eroon myyrist\u00e4 ilman, ett\u00e4 joudut pyydyst\u00e4m\u00e4\u00e4n tai tappamaan niit\u00e4? Myyr\u00e4karkotin h\u00e4\u00e4t\u00e4\u00e4 myyr\u00e4t&#8230;<\/p>\n","protected":false},"featured_media":3649,"template":"","meta":{"_acf_changed":false,"inline_featured_image":false},"product_brand":[],"product_cat":[251],"product_tag":[],"class_list":{"0":"post-5391","1":"product","2":"type-product","3":"status-publish","4":"has-post-thumbnail","6":"product_cat-jyrsijakarkottimet","7":"product_shipping_class-vaike-pakk-fi","9":"first","10":"instock","11":"taxable","12":"shipping-taxable","13":"purchasable","14":"product-type-simple"},"acf":[],"_links":{"self":[{"href":"https:\/\/abpolar.ee\/fi\/wp-json\/wp\/v2\/product\/5391","targetHints":{"allow":["GET"]}}],"collection":[{"href":"https:\/\/abpolar.ee\/fi\/wp-json\/wp\/v2\/product"}],"about":[{"href":"https:\/\/abpolar.ee\/fi\/wp-json\/wp\/v2\/types\/product"}],"wp:featuredmedia":[{"embeddable":true,"href":"https:\/\/abpolar.ee\/fi\/wp-json\/wp\/v2\/media\/3649"}],"wp:attachment":[{"href":"https:\/\/abpolar.ee\/fi\/wp-json\/wp\/v2\/media?parent=5391"}],"wp:term":[{"taxonomy":"product_brand","embeddable":true,"href":"https:\/\/abpolar.ee\/fi\/wp-json\/wp\/v2\/product_brand?post=5391"},{"taxonomy":"product_cat","embeddable":true,"href":"https:\/\/abpolar.ee\/fi\/wp-json\/wp\/v2\/product_cat?post=5391"},{"taxonomy":"product_tag","embeddable":true,"href":"https:\/\/abpolar.ee\/fi\/wp-json\/wp\/v2\/product_tag?post=5391"}],"curies":[{"name":"wp","href":"https:\/\/api.w.org\/{rel}","templated":true}]}}