{"id":5392,"date":"2022-11-17T16:09:36","date_gmt":"2022-11-17T14:09:36","guid":{"rendered":"https:\/\/abpolar-ee.vserver.zonevs.eu\/?post_type=product&#038;p=5392"},"modified":"2025-08-26T16:58:39","modified_gmt":"2025-08-26T13:58:39","slug":"myyranloukku-easy","status":"publish","type":"product","link":"https:\/\/abpolar.ee\/fi\/myyranloukku-easy\/","title":{"rendered":"Myyr\u00e4nloukku Easy"},"content":{"rendered":"<h2>Myyr\u00e4nloukku Easy<\/h2>\n<p>Myyr\u00e4nloukku Easy on eritt\u00e4in helppok\u00e4ytt\u00f6inen myyr\u00e4ansa. Se nappaa haitalliset tuholaiset pihalta ja puutarhasta.<\/p>\n<p>Myyr\u00e4t aiheuttavat tuhoa puutarhassa, eik\u00e4 nurmikko n\u00e4yt\u00e4 en\u00e4\u00e4 kauniilta, kun se on t\u00e4ynn\u00e4 myyr\u00e4nkoloja. Myyr\u00e4t voivat my\u00f6s levitt\u00e4\u00e4 vaarallista Puumala-virusta eli myyr\u00e4kuumetta.<\/p>\n<p>Myyr\u00e4nloukku ei tapa myyri\u00e4, vaan vangitsee ne. Se on hell\u00e4varainen ratkaisu, mik\u00e4li haluaa myyrien tappamisen sijaan esimerkiksi siirt\u00e4\u00e4 ne muualle, pois omalta pihalta.<\/p>\n<p>Tuotteen mitat: 30 x 14 x 14 cm<\/p>\n<p><strong>Vinkit myyr\u00e4nloukun sijoittamiseen:<\/strong><\/p>\n<ul>\n<li>Tasoita myyrien tekem\u00e4t tunnelinsuut ja multakasat maan pinnalta.<\/li>\n<li>Odota 24 tuntia ja tarkista tilanne uudelleen.<\/li>\n<li>Ne tunnelit ja kasat, jotka avautuvat uudelleen, ovat k\u00e4yt\u00f6ss\u00e4: niist\u00e4 on hyv\u00e4 aloittaa.<\/li>\n<li>Ihanteellinen paikka karkottimelle on kahden k\u00e4yt\u00f6ss\u00e4 olevan tunnelin v\u00e4liss\u00e4 oleva kohta.<\/li>\n<li>Ty\u00f6nn\u00e4 myyr\u00e4nloukun leuat lapion k\u00e4rjell\u00e4 aiemmin tehtyyn koloon (suoraan tunneliin n\u00e4hden), astu poljinosan p\u00e4\u00e4lle ja paina sit\u00e4 alas jalallasi, kunnes liipaisin lukkiutuu.<\/li>\n<li>Myyr\u00e4nloukku on nyt aktivoitu.<\/li>\n<li>Kun poljin nousee yl\u00f6s, myyr\u00e4 on j\u00e4\u00e4nyt satimeen.<\/li>\n<li>Aseta myyr\u00e4nloukku \u00e4mp\u00e4riin ja vapauta myyr\u00e4 painamalla poljinta.<\/li>\n<\/ul>\n<p>Kun haluat napata myyr\u00e4t kiinni helposti, hanki myyr\u00e4nloukku Easy!<\/p>\n","protected":false},"excerpt":{"rendered":"<p>Myyr\u00e4nloukku Easy Myyr\u00e4nloukku Easy on eritt\u00e4in helppok\u00e4ytt\u00f6inen myyr\u00e4ansa. Se nappaa haitalliset tuholaiset pihalta ja puutarhasta&#8230;.<\/p>\n","protected":false},"featured_media":3635,"template":"","meta":{"_acf_changed":false,"inline_featured_image":false},"product_brand":[],"product_cat":[251],"product_tag":[],"class_list":{"0":"post-5392","1":"product","2":"type-product","3":"status-publish","4":"has-post-thumbnail","6":"product_cat-jyrsijakarkottimet","7":"product_shipping_class-vaike-pakk-fi","9":"first","10":"instock","11":"taxable","12":"shipping-taxable","13":"purchasable","14":"product-type-simple"},"acf":[],"_links":{"self":[{"href":"https:\/\/abpolar.ee\/fi\/wp-json\/wp\/v2\/product\/5392","targetHints":{"allow":["GET"]}}],"collection":[{"href":"https:\/\/abpolar.ee\/fi\/wp-json\/wp\/v2\/product"}],"about":[{"href":"https:\/\/abpolar.ee\/fi\/wp-json\/wp\/v2\/types\/product"}],"wp:featuredmedia":[{"embeddable":true,"href":"https:\/\/abpolar.ee\/fi\/wp-json\/wp\/v2\/media\/3635"}],"wp:attachment":[{"href":"https:\/\/abpolar.ee\/fi\/wp-json\/wp\/v2\/media?parent=5392"}],"wp:term":[{"taxonomy":"product_brand","embeddable":true,"href":"https:\/\/abpolar.ee\/fi\/wp-json\/wp\/v2\/product_brand?post=5392"},{"taxonomy":"product_cat","embeddable":true,"href":"https:\/\/abpolar.ee\/fi\/wp-json\/wp\/v2\/product_cat?post=5392"},{"taxonomy":"product_tag","embeddable":true,"href":"https:\/\/abpolar.ee\/fi\/wp-json\/wp\/v2\/product_tag?post=5392"}],"curies":[{"name":"wp","href":"https:\/\/api.w.org\/{rel}","templated":true}]}}