{"id":5394,"date":"2022-11-16T09:17:29","date_gmt":"2022-11-16T07:17:29","guid":{"rendered":"https:\/\/abpolar-ee.vserver.zonevs.eu\/?post_type=product&#038;p=5394"},"modified":"2026-01-28T16:27:31","modified_gmt":"2026-01-28T14:27:31","slug":"verkkoaidan-kayntiportti-ral6005-leveys-1m","status":"publish","type":"product","link":"https:\/\/abpolar.ee\/fi\/verkkoaidan-kayntiportti-ral6005-leveys-1m\/","title":{"rendered":"Verkkoaidan k\u00e4yntiportti RAL6005, leveys 1m"},"content":{"rendered":"<h2>Verkkoaidan k\u00e4yntiportti RAL6005, leveys 1 m<\/h2>\n<p>Py\u00f6reill\u00e4 tolpilla varustettu sinkitty ja jauhemaalattu k\u00e4yntiportti verkkoaidoille, noin 1 m leve\u00e4. Verkkoaita rajaa pihan, teollisuusalueen tai yrityksen liiketilat ja k\u00e4yntiportti kutsuu kyl\u00e4\u00e4n. Aita lis\u00e4\u00e4 turvallisuutta, yksityisyytt\u00e4 ja pit\u00e4\u00e4 my\u00f6s lemmikit ja pienet lapset aidatulla alueella.<\/p>\n<p>&nbsp;<\/p>\n<h3>Tuotteen ominaisuudet:<\/h3>\n<ul>\n<li>Portin korkeus valittavissa: 1 m, 1,25 m, 1,5 m, 1,75 m tai 2 m<\/li>\n<li>Rungon leveys on 87 cm<\/li>\n<li><strong>Huom!<\/strong> mittaa aidan tolppien v\u00e4li ennen asennusta<\/li>\n<li>Tolpat ovat noin 70 cm korkeammat kuin portti, jotta ne voidaan asentaa maahan kiinni<\/li>\n<li>Portin tolpan halkaisija 60 mm, tolpan sein\u00e4m\u00e4n paksuus 2 mm<\/li>\n<li>Portin rungon halkaisija 40 mm, rungon sein\u00e4m\u00e4n paksuus 1,5 mm<\/li>\n<li>Portin verkon l\u00e4pimitta 4 mm, verkon silm\u00e4koko 50 x 50 mm<\/li>\n<li>Toimitukseen sis\u00e4ltyy: tolpat, portti, saranat, lukko, lukkovastus ja kahva<\/li>\n<li><strong>Portin tolppien et\u00e4isyys on mitattava huolellisesti ennen asennusta!<\/strong><\/li>\n<\/ul>\n<h3>Verkkoaidan rakentamisen esivalmistelut:<\/h3>\n<ul>\n<li>Laske ensin aidattavan alueen koko.<\/li>\n<li>Kuinka paljon tarvitset aitaverkkoa?<\/li>\n<li>Ent\u00e4 kuinka monta tolppaa ja kiinnikett\u00e4 tarvitset?<\/li>\n<li>Huomioi my\u00f6s valitsemasi portin koko.<\/li>\n<li>Suunnittele valmiiksi tolppien kiinnitystapa, esim. betonivalu.<\/li>\n<li>Sen j\u00e4lkeen pyyd\u00e4 meilt\u00e4 tarjous!<\/li>\n<\/ul>\n","protected":false},"excerpt":{"rendered":"<p>Verkkoaidan k\u00e4yntiportti RAL6005, leveys 1 m Py\u00f6reill\u00e4 tolpilla varustettu sinkitty ja jauhemaalattu k\u00e4yntiportti verkkoaidoille, noin&#8230;<\/p>\n","protected":false},"featured_media":4363,"template":"","meta":{"_acf_changed":false,"inline_featured_image":false},"product_brand":[],"product_cat":[187,201,329],"product_tag":[],"class_list":{"0":"post-5394","1":"product","2":"type-product","3":"status-publish","4":"has-post-thumbnail","6":"product_cat-aidat-ja-portit","7":"product_cat-kayntiportit","8":"product_cat-portit","10":"first","11":"instock","12":"taxable","13":"shipping-taxable","14":"purchasable","15":"product-type-variable"},"acf":[],"_links":{"self":[{"href":"https:\/\/abpolar.ee\/fi\/wp-json\/wp\/v2\/product\/5394","targetHints":{"allow":["GET"]}}],"collection":[{"href":"https:\/\/abpolar.ee\/fi\/wp-json\/wp\/v2\/product"}],"about":[{"href":"https:\/\/abpolar.ee\/fi\/wp-json\/wp\/v2\/types\/product"}],"wp:featuredmedia":[{"embeddable":true,"href":"https:\/\/abpolar.ee\/fi\/wp-json\/wp\/v2\/media\/4363"}],"wp:attachment":[{"href":"https:\/\/abpolar.ee\/fi\/wp-json\/wp\/v2\/media?parent=5394"}],"wp:term":[{"taxonomy":"product_brand","embeddable":true,"href":"https:\/\/abpolar.ee\/fi\/wp-json\/wp\/v2\/product_brand?post=5394"},{"taxonomy":"product_cat","embeddable":true,"href":"https:\/\/abpolar.ee\/fi\/wp-json\/wp\/v2\/product_cat?post=5394"},{"taxonomy":"product_tag","embeddable":true,"href":"https:\/\/abpolar.ee\/fi\/wp-json\/wp\/v2\/product_tag?post=5394"}],"curies":[{"name":"wp","href":"https:\/\/api.w.org\/{rel}","templated":true}]}}