{"id":5444,"date":"2022-11-16T09:17:42","date_gmt":"2022-11-16T07:17:42","guid":{"rendered":"https:\/\/abpolar-ee.vserver.zonevs.eu\/?post_type=product&#038;p=5444"},"modified":"2026-01-30T10:42:53","modified_gmt":"2026-01-30T08:42:53","slug":"kayntiportin-runko-leveys-1-m-sinkitty","status":"publish","type":"product","link":"https:\/\/abpolar.ee\/fi\/kayntiportin-runko-leveys-1-m-sinkitty\/","title":{"rendered":"K\u00e4yntiportin runko, leveys 1 m, sinkitty"},"content":{"rendered":"<h2 class=\"page-title\"><span class=\"base\" data-ui-id=\"page-title-wrapper\">K\u00e4yntiportin runko, leveys 1 m,\u00a0<\/span><span class=\"base\" data-ui-id=\"page-title-wrapper\">sinkitty\u00a0<\/span><\/h2>\n<p>K\u00e4yntiportin runko soveltuu k\u00e4ytett\u00e4v\u00e4ksi niin verkkoaidoissa, lauta-aidoissa kuin muunlaisissa puuaidoissa. Porttirunkoon voidaan kiinnitt\u00e4\u00e4 verkko tai laudoitus.<\/p>\n<p>&nbsp;<\/p>\n<ul>\n<li><strong>Portin korkeus: valittavissa 1 m, 1,5 m, 1,75 m tai 2 m<\/strong><\/li>\n<li><strong>Rungon leveys on 87 cm<\/strong>\u00a0-Portin tolppien et\u00e4isyys on mitattava huolellisesti ennen asennusta!<\/li>\n<li><strong>Tolppien korkeus on noin 70 cm korkeampi portista maahan asentamista varten<\/strong><\/li>\n<li><strong>Materiaali: sinkitty ter\u00e4s<\/strong><\/li>\n<li><strong>Tolpan l\u00e4pimitta: 80 x 80 mm, tolpan sein\u00e4n paksuus 2 mm<\/strong><\/li>\n<li><strong>Portin runkon putken l\u00e4pimitta: 60 x 40 mm, sein\u00e4n paksuus 1,5 mm<\/strong><\/li>\n<li><strong>Lukittava: Kyll\u00e4<\/strong><\/li>\n<li><strong>Tuote sis\u00e4lt\u00e4\u00e4: tolpat, portin raamit, saranat, lukon, kahvan <\/strong>(Lukko, saranat, kahva ovat porttitolpan sis\u00e4ll\u00e4)<\/li>\n<\/ul>\n<p>&nbsp;<\/p>\n<p><strong>Portin tolppien et\u00e4isyys on mitattava huolellisesti ennen asennusta!<\/strong><\/p>\n<p>Asennus:<\/p>\n<ul>\n<li>Sopii verkko-, elementti- tai puuaidan aitaportiksi, raamit tulee vain viimeistell\u00e4 samalla materiaalilla kuin muu aita.<\/li>\n<li>Portin tolpat suositellaan kiinnitett\u00e4v\u00e4ksi betonivalulla maahan<\/li>\n<\/ul>\n","protected":false},"excerpt":{"rendered":"<p>K\u00e4yntiportin runko, leveys 1 m,\u00a0sinkitty\u00a0 K\u00e4yntiportin runko soveltuu k\u00e4ytett\u00e4v\u00e4ksi niin verkkoaidoissa, lauta-aidoissa kuin muunlaisissa puuaidoissa&#8230;.<\/p>\n","protected":false},"featured_media":4760,"template":"","meta":{"_acf_changed":false,"inline_featured_image":false},"product_brand":[],"product_cat":[187,201,329],"product_tag":[],"class_list":{"0":"post-5444","1":"product","2":"type-product","3":"status-publish","4":"has-post-thumbnail","6":"product_cat-aidat-ja-portit","7":"product_cat-kayntiportit","8":"product_cat-portit","10":"first","11":"instock","12":"sale","13":"taxable","14":"shipping-taxable","15":"purchasable","16":"product-type-variable"},"acf":[],"_links":{"self":[{"href":"https:\/\/abpolar.ee\/fi\/wp-json\/wp\/v2\/product\/5444","targetHints":{"allow":["GET"]}}],"collection":[{"href":"https:\/\/abpolar.ee\/fi\/wp-json\/wp\/v2\/product"}],"about":[{"href":"https:\/\/abpolar.ee\/fi\/wp-json\/wp\/v2\/types\/product"}],"wp:featuredmedia":[{"embeddable":true,"href":"https:\/\/abpolar.ee\/fi\/wp-json\/wp\/v2\/media\/4760"}],"wp:attachment":[{"href":"https:\/\/abpolar.ee\/fi\/wp-json\/wp\/v2\/media?parent=5444"}],"wp:term":[{"taxonomy":"product_brand","embeddable":true,"href":"https:\/\/abpolar.ee\/fi\/wp-json\/wp\/v2\/product_brand?post=5444"},{"taxonomy":"product_cat","embeddable":true,"href":"https:\/\/abpolar.ee\/fi\/wp-json\/wp\/v2\/product_cat?post=5444"},{"taxonomy":"product_tag","embeddable":true,"href":"https:\/\/abpolar.ee\/fi\/wp-json\/wp\/v2\/product_tag?post=5444"}],"curies":[{"name":"wp","href":"https:\/\/api.w.org\/{rel}","templated":true}]}}