{"id":5458,"date":"2022-11-17T16:08:30","date_gmt":"2022-11-17T14:08:30","guid":{"rendered":"https:\/\/abpolar-ee.vserver.zonevs.eu\/?post_type=product&#038;p=5458"},"modified":"2025-08-26T16:59:24","modified_gmt":"2025-08-26T13:59:24","slug":"hiirenloukku","status":"publish","type":"product","link":"https:\/\/abpolar.ee\/fi\/hiirenloukku\/","title":{"rendered":"Hiirenloukku"},"content":{"rendered":"<h2>Hiirenloukku 2 kpl<\/h2>\n<p>Helppok\u00e4ytt\u00f6inen ja uudelleen k\u00e4ytett\u00e4v\u00e4 muovinen hiirenloukku.<\/p>\n<p>Loukkuun j\u00e4\u00e4nyt hiiri on helppo poistaa yksinkertaisen avausmekanismin ansiosta.<\/p>\n<p>Hiirenloukku ottaa haitalliset tuholaiset kiinni. Hiiret voivat aiheuttaa tuhoa omaisuudelle, kuten jyrsi\u00e4 s\u00e4hk\u00f6johtoja poikki. Hiiret ja muut jyrsij\u00e4t voivat my\u00f6s levitt\u00e4\u00e4 haitallisia bakteereja.<\/p>\n<p>Kun haluat hiirist\u00e4 eroon, hanki hiiriansa!<\/p>\n<ul>\n<li>Materiaalit: loukku polypropeenia, jousi ter\u00e4st\u00e4<\/li>\n<li>Pakkaus sis\u00e4lt\u00e4\u00e4: 2 kpl hiirenloukkuja<\/li>\n<li>Mitat: 10\u00d74,5 cm<\/li>\n<\/ul>\n","protected":false},"excerpt":{"rendered":"<p>Hiirenloukku 2 kpl Helppok\u00e4ytt\u00f6inen ja uudelleen k\u00e4ytett\u00e4v\u00e4 muovinen hiirenloukku. Loukkuun j\u00e4\u00e4nyt hiiri on helppo poistaa&#8230;<\/p>\n","protected":false},"featured_media":3749,"template":"","meta":{"_acf_changed":false,"inline_featured_image":false},"product_brand":[],"product_cat":[251],"product_tag":[],"class_list":{"0":"post-5458","1":"product","2":"type-product","3":"status-publish","4":"has-post-thumbnail","6":"product_cat-jyrsijakarkottimet","7":"product_shipping_class-vaike-pakk-fi","9":"first","10":"instock","11":"taxable","12":"shipping-taxable","13":"purchasable","14":"product-type-simple"},"acf":[],"_links":{"self":[{"href":"https:\/\/abpolar.ee\/fi\/wp-json\/wp\/v2\/product\/5458","targetHints":{"allow":["GET"]}}],"collection":[{"href":"https:\/\/abpolar.ee\/fi\/wp-json\/wp\/v2\/product"}],"about":[{"href":"https:\/\/abpolar.ee\/fi\/wp-json\/wp\/v2\/types\/product"}],"wp:featuredmedia":[{"embeddable":true,"href":"https:\/\/abpolar.ee\/fi\/wp-json\/wp\/v2\/media\/3749"}],"wp:attachment":[{"href":"https:\/\/abpolar.ee\/fi\/wp-json\/wp\/v2\/media?parent=5458"}],"wp:term":[{"taxonomy":"product_brand","embeddable":true,"href":"https:\/\/abpolar.ee\/fi\/wp-json\/wp\/v2\/product_brand?post=5458"},{"taxonomy":"product_cat","embeddable":true,"href":"https:\/\/abpolar.ee\/fi\/wp-json\/wp\/v2\/product_cat?post=5458"},{"taxonomy":"product_tag","embeddable":true,"href":"https:\/\/abpolar.ee\/fi\/wp-json\/wp\/v2\/product_tag?post=5458"}],"curies":[{"name":"wp","href":"https:\/\/api.w.org\/{rel}","templated":true}]}}