{"id":5465,"date":"2022-11-17T16:08:30","date_gmt":"2022-11-17T14:08:30","guid":{"rendered":"https:\/\/abpolar-ee.vserver.zonevs.eu\/?post_type=product&#038;p=5465"},"modified":"2025-08-26T17:01:07","modified_gmt":"2025-08-26T14:01:07","slug":"rotanloukku","status":"publish","type":"product","link":"https:\/\/abpolar.ee\/fi\/rotanloukku\/","title":{"rendered":"Rotanloukku"},"content":{"rendered":"<h2>Rotanloukku 14\u00d77,7 cm<\/h2>\n<p>Muovinen rotanloukku, jossa on valmiina myrkyt\u00f6n sy\u00f6tti. Tehokas rotanloukku on varustettu voimakkaalla jousella, joka pit\u00e4\u00e4 rotan satimessa. Loukkua on hygieenist\u00e4 k\u00e4ytt\u00e4\u00e4, koska kuolleen el\u00e4imen voi poistaa loukusta ilman, ett\u00e4 siihen tarvitsee koskea.<\/p>\n<p>Rotista kannattaa hankkiutua eroon mahdollisimman pian, koska ne voivat levitt\u00e4\u00e4 haitallisia tauteja. Niiden ulosteesta voi saada esimerkiksi salmonella- tai kampylobakteerin tai yleisinfektioviruksen.<\/p>\n<p><strong>Tuotteen ominaisuudet:<\/strong><\/p>\n<ul>\n<li>Nopea ja helppo viritt\u00e4\u00e4.<\/li>\n<li>Kuolleen el\u00e4imen voi poistaa siihen koskematta.<\/li>\n<li>Eritt\u00e4in voimakas jousimekanismi<\/li>\n<li>Soveltuu sis\u00e4- ja ulkok\u00e4ytt\u00f6\u00f6n<\/li>\n<\/ul>\n<p>Kun haluat rottaongelmasta eroon, hanki rotanloukku!<\/p>\n","protected":false},"excerpt":{"rendered":"<p>Rotanloukku 14\u00d77,7 cm Muovinen rotanloukku, jossa on valmiina myrkyt\u00f6n sy\u00f6tti. Tehokas rotanloukku on varustettu voimakkaalla&#8230;<\/p>\n","protected":false},"featured_media":5959,"template":"","meta":{"_acf_changed":false,"inline_featured_image":false},"product_brand":[],"product_cat":[251],"product_tag":[],"class_list":{"0":"post-5465","1":"product","2":"type-product","3":"status-publish","4":"has-post-thumbnail","6":"product_cat-jyrsijakarkottimet","7":"product_shipping_class-vaike-pakk-fi","9":"first","10":"instock","11":"taxable","12":"shipping-taxable","13":"purchasable","14":"product-type-simple"},"acf":[],"_links":{"self":[{"href":"https:\/\/abpolar.ee\/fi\/wp-json\/wp\/v2\/product\/5465","targetHints":{"allow":["GET"]}}],"collection":[{"href":"https:\/\/abpolar.ee\/fi\/wp-json\/wp\/v2\/product"}],"about":[{"href":"https:\/\/abpolar.ee\/fi\/wp-json\/wp\/v2\/types\/product"}],"wp:featuredmedia":[{"embeddable":true,"href":"https:\/\/abpolar.ee\/fi\/wp-json\/wp\/v2\/media\/5959"}],"wp:attachment":[{"href":"https:\/\/abpolar.ee\/fi\/wp-json\/wp\/v2\/media?parent=5465"}],"wp:term":[{"taxonomy":"product_brand","embeddable":true,"href":"https:\/\/abpolar.ee\/fi\/wp-json\/wp\/v2\/product_brand?post=5465"},{"taxonomy":"product_cat","embeddable":true,"href":"https:\/\/abpolar.ee\/fi\/wp-json\/wp\/v2\/product_cat?post=5465"},{"taxonomy":"product_tag","embeddable":true,"href":"https:\/\/abpolar.ee\/fi\/wp-json\/wp\/v2\/product_tag?post=5465"}],"curies":[{"name":"wp","href":"https:\/\/api.w.org\/{rel}","templated":true}]}}