{"id":5485,"date":"2022-11-17T16:09:33","date_gmt":"2022-11-17T14:09:33","guid":{"rendered":"https:\/\/abpolar-ee.vserver.zonevs.eu\/?post_type=product&#038;p=5485"},"modified":"2026-01-30T11:38:26","modified_gmt":"2026-01-30T09:38:26","slug":"verkkoaidan-ajoportti-strong-leveys-4-m-ral8017-ruskea","status":"publish","type":"product","link":"https:\/\/abpolar.ee\/fi\/verkkoaidan-ajoportti-strong-leveys-4-m-ral8017-ruskea\/","title":{"rendered":"Verkkoaidan ajoportti STRONG, leveys 4 m RAL8017 ruskea"},"content":{"rendered":"<h2>Verkkoaidan ajoportti STRONG, leveys 4 m RAL8017 ruskea<\/h2>\n<p>Py\u00f6reill\u00e4 tolpilla varustettu sinkitty ja jauhemaalattu ajoportti verkkoaidoille. Verkkoaita rajaa pihan, teollisuusalueen tai yrityksen liiketilat ja ajoportti kutsuu kyl\u00e4\u00e4n. Aita lis\u00e4\u00e4 turvallisuutta, yksityisyytt\u00e4 ja pit\u00e4\u00e4 my\u00f6s lemmikit ja pienet lapset aidatulla alueella.<\/p>\n<p>Ajoporttia varten on saatavilla my\u00f6s k\u00e4tev\u00e4 porttiautomatiikkakoneisto, joka avaa portin automaattisesti kaukos\u00e4\u00e4timen avulla.<\/p>\n<p>En\u00e4\u00e4 ei tarvitse nousta autosta avaamaan porttia!<\/p>\n<p>Aidan rakentaminen verkosta on edullista. Aitaverkon lis\u00e4ksi tarvitset seuraavat tuotteet: aitatolpat, kiinnikkeet ja portin (ajoportin tai k\u00e4yntiportin).<\/p>\n<p>Hanki ajoportti AB Polarilta!<\/p>\n<h3>Tuotteen ominaisuudet:<\/h3>\n<ul>\n<li>Portin korkeus valittavissa: 0,95 m, 1,15 m, 1,45 m<\/li>\n<li>Portin ajoleveys: ~ 4 m, yhden siiven leveys on 2 m<\/li>\n<li><strong>Huom!<\/strong>\u00a0mittaa aidan tolppien v\u00e4li ennen asennusta<\/li>\n<li>Tolpat ovat noin 700 mm korkeammat kuin portti, jotta ne voidaan asentaa maahan kiinni<\/li>\n<li>Tolpan l\u00e4pimitta: 80 x 80 mm, tolpan sein\u00e4m\u00e4n paksuus 2 mm<\/li>\n<li>Portin rungon putken l\u00e4pimitta: 40 x 40 mm, sein\u00e4m\u00e4n paksuus 1,5 mm<\/li>\n<li>Portin verkon l\u00e4pimitta 5 mm, silm\u00e4koko 50 x 200 mm<\/li>\n<li>Ruskea 8017<\/li>\n<li>Tuote sis\u00e4lt\u00e4\u00e4: tolpat, portin, saranat, tuulisalvan, lukon ja kahvan<\/li>\n<\/ul>\n<p><strong>Portin tolppien et\u00e4isyys on mitattava huolellisesti ennen asennusta!<\/strong><\/p>\n<h3>Verkkoaidan rakentamisen esivalmistelut:<\/h3>\n<ul>\n<li>Laske ensin aidattavan alueen koko.<\/li>\n<li>Kuinka paljon tarvitset aitaverkkoa?<\/li>\n<li>Ent\u00e4 kuinka monta tolppaa ja kiinnikett\u00e4 tarvitset?<\/li>\n<li>Huomioi my\u00f6s valitsemasi portin koko.<\/li>\n<li>Suunnittele valmiiksi tolppien kiinnitystapa, esim. betonivalu.<\/li>\n<li>Sen j\u00e4lkeen pyyd\u00e4 meilt\u00e4 tarjous!<\/li>\n<\/ul>\n","protected":false},"excerpt":{"rendered":"<p>Verkkoaidan ajoportti STRONG, leveys 4 m RAL8017 ruskea Py\u00f6reill\u00e4 tolpilla varustettu sinkitty ja jauhemaalattu ajoportti&#8230;<\/p>\n","protected":false},"featured_media":4679,"template":"","meta":{"_acf_changed":false,"inline_featured_image":false},"product_brand":[],"product_cat":[187,202,329],"product_tag":[],"class_list":{"0":"post-5485","1":"product","2":"type-product","3":"status-publish","4":"has-post-thumbnail","6":"product_cat-aidat-ja-portit","7":"product_cat-ajoportit","8":"product_cat-portit","10":"first","11":"instock","12":"taxable","13":"shipping-taxable","14":"purchasable","15":"product-type-variable"},"acf":[],"_links":{"self":[{"href":"https:\/\/abpolar.ee\/fi\/wp-json\/wp\/v2\/product\/5485","targetHints":{"allow":["GET"]}}],"collection":[{"href":"https:\/\/abpolar.ee\/fi\/wp-json\/wp\/v2\/product"}],"about":[{"href":"https:\/\/abpolar.ee\/fi\/wp-json\/wp\/v2\/types\/product"}],"wp:featuredmedia":[{"embeddable":true,"href":"https:\/\/abpolar.ee\/fi\/wp-json\/wp\/v2\/media\/4679"}],"wp:attachment":[{"href":"https:\/\/abpolar.ee\/fi\/wp-json\/wp\/v2\/media?parent=5485"}],"wp:term":[{"taxonomy":"product_brand","embeddable":true,"href":"https:\/\/abpolar.ee\/fi\/wp-json\/wp\/v2\/product_brand?post=5485"},{"taxonomy":"product_cat","embeddable":true,"href":"https:\/\/abpolar.ee\/fi\/wp-json\/wp\/v2\/product_cat?post=5485"},{"taxonomy":"product_tag","embeddable":true,"href":"https:\/\/abpolar.ee\/fi\/wp-json\/wp\/v2\/product_tag?post=5485"}],"curies":[{"name":"wp","href":"https:\/\/api.w.org\/{rel}","templated":true}]}}