{"id":5513,"date":"2022-11-11T14:32:35","date_gmt":"2022-11-11T12:32:35","guid":{"rendered":"https:\/\/abpolar-ee.vserver.zonevs.eu\/?post_type=product&#038;p=5513"},"modified":"2025-05-19T11:43:26","modified_gmt":"2025-05-19T08:43:26","slug":"kaarikasvihuone-easy-up-18m2-3x6m","status":"publish","type":"product","link":"https:\/\/abpolar.ee\/fi\/kaarikasvihuone-easy-up-18m2-3x6m\/","title":{"rendered":"Kaarikasvihuone Easy-Up 3x6m, 18m\u00b2"},"content":{"rendered":"<h2>Kaarikasvihuone Easy-Up 3x6m, 18m\u00b2<\/h2>\n<p>Pihalle pystytetty kasvihuone n\u00e4ytt\u00e4\u00e4 ja tuntuu kodikkaalta.<br \/>\nKotona itse kasvatetut kasvit maistuvat aivan erilaiselta kuin kaupasta ostetut, eik\u00e4 sinun tarvitse p\u00e4hk\u00e4ill\u00e4 niiden alkuper\u00e4\u00e4.<br \/>\nEasy-Up kasvihuone kest\u00e4\u00e4 k\u00e4yt\u00f6ss\u00e4 vuosia.<br \/>\n18-neli\u00f6isen perinteisen kaarikasvihuoneen leveys on 3 m, pituus 6 m ja korkeus 2,1 m.<br \/>\nRunko on galvanoitua ter\u00e4st\u00e4.<br \/>\nLaadukkaat katelevyt valmistetaan 4 millimetrin s\u00e4\u00e4nkest\u00e4v\u00e4st\u00e4, UV-k\u00e4sitellyst\u00e4 polykarbonaatista.<br \/>\nPolykarbonaatti on eritt\u00e4in kest\u00e4v\u00e4\u00e4.<br \/>\nL\u00e4mp\u00f6tilaa ja ilmankosteutta s\u00e4\u00e4dell\u00e4\u00e4n tuuletuksella. Kasvihuoneen p\u00e4\u00e4dyss\u00e4 on ovi ja molemmissa p\u00e4\u00e4dyiss\u00e4 tuuletusluukku.<br \/>\nEasy-Up kasvihuone on eritt\u00e4in helppo kasata.<br \/>\nRungon kasaus kest\u00e4\u00e4 koosta riippuen noin 4 tuntia.<br \/>\nOvet ja ikkunat ovat paketissa valmiiksi kasattuna.<br \/>\nPolykarbonaattilevyjen mukana toimitetaan kaikki tarvittava levyjen kiinnitukseen.<br \/>\nToimituspaketin mukana tulee kokoamisohjeet.<\/p>\n<ul>\n<li>Harjakorkeus (cm): 210<\/li>\n<li>Leveys (cm): 300<\/li>\n<li>Syvyys (cm): 600<\/li>\n<li>Pinta-ala (m\u00b2): 18<\/li>\n<li>V\u00e4ri: Ter\u00e4s<\/li>\n<li>Materiaali: Polykarbonaatti<\/li>\n<li>Rungon materiaali: Ter\u00e4s<\/li>\n<li>Materiaalin tarkenne: Runko galvanoitua ter\u00e4st\u00e4, 4 mm paksut ja UV-suojatut polykarbonaattipaneelit<\/li>\n<li>Sis\u00e4lt\u00e4\u00e4 sokkelin: Ei<\/li>\n<\/ul>\n<p>Katolta on aina poistettava liika lumikuorma.<\/p>\n","protected":false},"excerpt":{"rendered":"<p>Kaarikasvihuone Easy-Up 3x6m, 18m\u00b2 Pihalle pystytetty kasvihuone n\u00e4ytt\u00e4\u00e4 ja tuntuu kodikkaalta. Kotona itse kasvatetut kasvit&#8230;<\/p>\n","protected":false},"featured_media":2639,"template":"","meta":{"_acf_changed":false,"inline_featured_image":false},"product_brand":[],"product_cat":[203,204],"product_tag":[],"class_list":{"0":"post-5513","1":"product","2":"type-product","3":"status-publish","4":"has-post-thumbnail","6":"product_cat-kaarikasvihuoneet","7":"product_cat-kasvihuoneet","8":"product_shipping_class-eur-fi","10":"first","11":"instock","12":"taxable","13":"shipping-taxable","14":"purchasable","15":"product-type-simple"},"acf":[],"_links":{"self":[{"href":"https:\/\/abpolar.ee\/fi\/wp-json\/wp\/v2\/product\/5513","targetHints":{"allow":["GET"]}}],"collection":[{"href":"https:\/\/abpolar.ee\/fi\/wp-json\/wp\/v2\/product"}],"about":[{"href":"https:\/\/abpolar.ee\/fi\/wp-json\/wp\/v2\/types\/product"}],"wp:featuredmedia":[{"embeddable":true,"href":"https:\/\/abpolar.ee\/fi\/wp-json\/wp\/v2\/media\/2639"}],"wp:attachment":[{"href":"https:\/\/abpolar.ee\/fi\/wp-json\/wp\/v2\/media?parent=5513"}],"wp:term":[{"taxonomy":"product_brand","embeddable":true,"href":"https:\/\/abpolar.ee\/fi\/wp-json\/wp\/v2\/product_brand?post=5513"},{"taxonomy":"product_cat","embeddable":true,"href":"https:\/\/abpolar.ee\/fi\/wp-json\/wp\/v2\/product_cat?post=5513"},{"taxonomy":"product_tag","embeddable":true,"href":"https:\/\/abpolar.ee\/fi\/wp-json\/wp\/v2\/product_tag?post=5513"}],"curies":[{"name":"wp","href":"https:\/\/api.w.org\/{rel}","templated":true}]}}