{"id":5514,"date":"2022-11-16T09:17:42","date_gmt":"2022-11-16T07:17:42","guid":{"rendered":"https:\/\/abpolar-ee.vserver.zonevs.eu\/?post_type=product&#038;p=5514"},"modified":"2025-08-16T21:00:22","modified_gmt":"2025-08-16T18:00:22","slug":"ajoportin-sinkitty-runko-leveys-4-m","status":"publish","type":"product","link":"https:\/\/abpolar.ee\/fi\/ajoportin-sinkitty-runko-leveys-4-m\/","title":{"rendered":"Ajoportin sinkitty runko, leveys 4 m"},"content":{"rendered":"<h2>Ajoportin sinkitty runko, leveys 4 m<\/h2>\n<p>Tukeva, ter\u00e4ksest\u00e4 valmistettu sinkitty ja jauhemaalattu ajoportin runko.<\/p>\n<p>Pitk\u00e4ik\u00e4inen ja helposti avattava portti sopii yhteen sek\u00e4 verkko-, metalli- ett\u00e4 puuaidan kanssa, koska se voidaan helposti viimeistell\u00e4 samalla materiaalilla kuin muu aita.<\/p>\n<p>N\u00e4in saat vapaat k\u00e4det ja voit rakentaa juuri sellaisen ajoportin kuin haluat!<\/p>\n<ul>\n<li>Portin korkeus: valittavissa 1 m, 1,25 m, 1,5 m, 1,6 m, 1,75 m tai 2 m<\/li>\n<li>Portin ajoleveys: ~ 4 m, yhden siiven leveys on 2 m<\/li>\n<li>Tolpat ovat noin 700 mm korkeammat kuin portti, jotta ne voidaan asentaa maahan kiinni<\/li>\n<li>Pintak\u00e4sittely: kuumasinkitty<\/li>\n<li>Tolpan l\u00e4pimitta: 80 x 80 mm, tolpan sein\u00e4m\u00e4n paksuus 2 mm<\/li>\n<li>Portin rungon putken l\u00e4pimitta: 60 x 40 mm, sein\u00e4m\u00e4n paksuus 1,5 mm<\/li>\n<li>Tuote sis\u00e4lt\u00e4\u00e4: tolpat, portin, saranat ja tuulisalvan.<\/li>\n<\/ul>\n<p><strong>Muista mitata portin tolppien et\u00e4isyys huolellisesti ennen asennusta!<\/strong><\/p>\n<p>Haluatko helpottaa el\u00e4m\u00e4\u00e4si? Hanki portin lis\u00e4ksi <a href=\"https:\/\/abpolar.ee\/fi\/porttiautomatiikka\/\">porttiautomatiikkakoneisto<\/a>, jonka avulla voit avata ajoportin vaivattomasti kaukos\u00e4\u00e4timen avulla, nousematta autosta.<\/p>\n","protected":false},"excerpt":{"rendered":"<p>Ajoportin sinkitty runko, leveys 4 m Tukeva, ter\u00e4ksest\u00e4 valmistettu sinkitty ja jauhemaalattu ajoportin runko. Pitk\u00e4ik\u00e4inen&#8230;<\/p>\n","protected":false},"featured_media":4564,"template":"","meta":{"_acf_changed":false,"inline_featured_image":false},"product_brand":[],"product_cat":[187,202,329],"product_tag":[],"class_list":{"0":"post-5514","1":"product","2":"type-product","3":"status-publish","4":"has-post-thumbnail","6":"product_cat-aidat-ja-portit","7":"product_cat-ajoportit","8":"product_cat-portit","10":"first","11":"instock","12":"sale","13":"taxable","14":"shipping-taxable","15":"purchasable","16":"product-type-variable"},"acf":[],"_links":{"self":[{"href":"https:\/\/abpolar.ee\/fi\/wp-json\/wp\/v2\/product\/5514","targetHints":{"allow":["GET"]}}],"collection":[{"href":"https:\/\/abpolar.ee\/fi\/wp-json\/wp\/v2\/product"}],"about":[{"href":"https:\/\/abpolar.ee\/fi\/wp-json\/wp\/v2\/types\/product"}],"wp:featuredmedia":[{"embeddable":true,"href":"https:\/\/abpolar.ee\/fi\/wp-json\/wp\/v2\/media\/4564"}],"wp:attachment":[{"href":"https:\/\/abpolar.ee\/fi\/wp-json\/wp\/v2\/media?parent=5514"}],"wp:term":[{"taxonomy":"product_brand","embeddable":true,"href":"https:\/\/abpolar.ee\/fi\/wp-json\/wp\/v2\/product_brand?post=5514"},{"taxonomy":"product_cat","embeddable":true,"href":"https:\/\/abpolar.ee\/fi\/wp-json\/wp\/v2\/product_cat?post=5514"},{"taxonomy":"product_tag","embeddable":true,"href":"https:\/\/abpolar.ee\/fi\/wp-json\/wp\/v2\/product_tag?post=5514"}],"curies":[{"name":"wp","href":"https:\/\/api.w.org\/{rel}","templated":true}]}}